{"id":29855,"date":"2019-08-20T21:37:37","date_gmt":"2023-08-10T22:15:36","guid":{"rendered":"https:\/\/mpressprint.com\/?post_type=product&#038;p=29855"},"modified":"2024-04-30T11:29:24","modified_gmt":"2024-04-30T16:29:24","slug":"toile-de-fond","status":"publish","type":"product","link":"https:\/\/mpressprint.com\/fr\/produit\/toile-de-fond\/","title":{"rendered":"Toile de fond"},"content":{"rendered":"<p>Les toiles de fond sont parfaites pour les salons professionnels et les \u00e9v\u00e9nements pour afficher votre marque. Nos supports de toile de fond t\u00e9lescopiques de 10 pieds x 8 pieds<br \/>\nsont avec des banni\u00e8res en vinyle de 7 pi 11 po x 8 pi, 13 oz. La banni\u00e8re a des poches de 4 pouces en haut et en bas. Ceux-ci sont portables et faciles \u00e0 installer.<br \/>\nLes toiles de fond sont l&#8217;un des meilleurs moyens de faire bonne impression et d&#8217;attirer l&#8217;attention sur votre stand. Faites-vous remarquer et d\u00e9marquez-vous<br \/>\navec une belle exp\u00e9rience d&#8217;entreprise.<\/p>\n<p>Si un travail de conception est requis, veuillez nous envoyer un courriel \u00e0 <a href=\"mailto:design@mpressprint.com\">design@mpressprint.com<\/a> pour obtenir un devis.<\/p>\n<p>Heure limite : 11 a.m.<br \/>\nD\u00e9lai d&#8217;ex\u00e9cution : 6-8 jours ouvrables.<\/p>\n","protected":false},"excerpt":{"rendered":"<p>Pour obtenir un devis, veuillez contacter <a href=\"mailto:orders@mpressprint.com\">orders@mpressprint.com<\/a><\/p>\n","protected":false},"featured_media":24595,"template":"","meta":[],"product_brand":[],"product_cat":[115],"product_tag":[],"class_list":{"0":"post-29855","1":"product","2":"type-product","3":"status-publish","4":"has-post-thumbnail","6":"product_cat-produits-du-salon","8":"first","9":"instock","10":"taxable","11":"shipping-taxable","12":"product-type-variable"},"yoast_head":"<!-- This site is optimized with the Yoast SEO plugin v27.0 - https:\/\/yoast.com\/product\/yoast-seo-wordpress\/ -->\n<title>Toile de fond &#8211; Mpress Design &amp; Print<\/title>\n<meta name=\"description\" content=\"Nos supports de toile de fond t\u00e9lescopiques de 10 pieds x 8 pieds sont \u00e9quip\u00e9s de banni\u00e8res en vinyle de 7 pieds 11 pouces x 8 pieds, 13 oz. La banni\u00e8re a des poches de 4 pouces en haut et en bas.\" \/>\n<meta name=\"robots\" content=\"index, follow, max-snippet:-1, max-image-preview:large, max-video-preview:-1\" \/>\n<link rel=\"canonical\" href=\"https:\/\/mpressprint.com\/fr\/produit\/toile-de-fond\/\" \/>\n<meta property=\"og:locale\" content=\"fr_FR\" \/>\n<meta property=\"og:type\" content=\"article\" \/>\n<meta property=\"og:title\" content=\"Toile de fond &#8211; Mpress Design &amp; Print\" \/>\n<meta property=\"og:description\" content=\"Nos supports de toile de fond t\u00e9lescopiques de 10 pieds x 8 pieds sont \u00e9quip\u00e9s de banni\u00e8res en vinyle de 7 pieds 11 pouces x 8 pieds, 13 oz. La banni\u00e8re a des poches de 4 pouces en haut et en bas.\" \/>\n<meta property=\"og:url\" content=\"https:\/\/mpressprint.com\/fr\/produit\/toile-de-fond\/\" \/>\n<meta property=\"og:site_name\" content=\"Mpress Design &amp; Print\" \/>\n<meta property=\"article:modified_time\" content=\"2024-04-30T16:29:24+00:00\" \/>\n<meta property=\"og:image\" content=\"https:\/\/mpressprint.com\/wp-content\/uploads\/2019\/08\/backdrop-1.jpg\" \/>\n\t<meta property=\"og:image:width\" content=\"600\" \/>\n\t<meta property=\"og:image:height\" content=\"600\" \/>\n\t<meta property=\"og:image:type\" content=\"image\/jpeg\" \/>\n<meta name=\"twitter:card\" content=\"summary_large_image\" \/>\n<meta name=\"twitter:label1\" content=\"Est. reading time\" \/>\n\t<meta name=\"twitter:data1\" content=\"1 minute\" \/>\n<script type=\"application\/ld+json\" class=\"yoast-schema-graph\">{\"@context\":\"https:\/\/schema.org\",\"@graph\":[{\"@type\":[\"WebPage\",\"ItemPage\"],\"@id\":\"https:\/\/mpressprint.com\/fr\/produit\/toile-de-fond\/\",\"url\":\"https:\/\/mpressprint.com\/fr\/produit\/toile-de-fond\/\",\"name\":\"Toile de fond &#8211; Mpress Design &amp; Print\",\"isPartOf\":{\"@id\":\"https:\/\/mpressprint.com\/#website\"},\"primaryImageOfPage\":{\"@id\":\"https:\/\/mpressprint.com\/fr\/produit\/toile-de-fond\/#primaryimage\"},\"image\":{\"@id\":\"https:\/\/mpressprint.com\/fr\/produit\/toile-de-fond\/#primaryimage\"},\"thumbnailUrl\":\"https:\/\/mpressprint.com\/wp-content\/uploads\/2019\/08\/backdrop-1.jpg\",\"datePublished\":\"2023-08-10T22:15:36+00:00\",\"dateModified\":\"2024-04-30T16:29:24+00:00\",\"description\":\"Nos supports de toile de fond t\u00e9lescopiques de 10 pieds x 8 pieds sont \u00e9quip\u00e9s de banni\u00e8res en vinyle de 7 pieds 11 pouces x 8 pieds, 13 oz. La banni\u00e8re a des poches de 4 pouces en haut et en bas.\",\"breadcrumb\":{\"@id\":\"https:\/\/mpressprint.com\/fr\/produit\/toile-de-fond\/#breadcrumb\"},\"inLanguage\":\"fr-FR\",\"potentialAction\":[{\"@type\":\"ReadAction\",\"target\":[\"https:\/\/mpressprint.com\/fr\/produit\/toile-de-fond\/\"]}]},{\"@type\":\"ImageObject\",\"inLanguage\":\"fr-FR\",\"@id\":\"https:\/\/mpressprint.com\/fr\/produit\/toile-de-fond\/#primaryimage\",\"url\":\"https:\/\/mpressprint.com\/wp-content\/uploads\/2019\/08\/backdrop-1.jpg\",\"contentUrl\":\"https:\/\/mpressprint.com\/wp-content\/uploads\/2019\/08\/backdrop-1.jpg\",\"width\":600,\"height\":600,\"caption\":\"toile-de-fond\"},{\"@type\":\"BreadcrumbList\",\"@id\":\"https:\/\/mpressprint.com\/fr\/produit\/toile-de-fond\/#breadcrumb\",\"itemListElement\":[{\"@type\":\"ListItem\",\"position\":1,\"name\":\"Home\",\"item\":\"https:\/\/mpressprint.com\/fr\/\"},{\"@type\":\"ListItem\",\"position\":2,\"name\":\"Shop\",\"item\":\"https:\/\/mpressprint.com\/shop\/\"},{\"@type\":\"ListItem\",\"position\":3,\"name\":\"Toile de fond\"}]},{\"@type\":\"WebSite\",\"@id\":\"https:\/\/mpressprint.com\/#website\",\"url\":\"https:\/\/mpressprint.com\/\",\"name\":\"Mpress Design &amp; Print\",\"description\":\"Montreal - Pointe-Claire | Digital &amp; Offset printing | Large format | Mpress Design &amp; Print\",\"publisher\":{\"@id\":\"https:\/\/mpressprint.com\/#organization\"},\"potentialAction\":[{\"@type\":\"SearchAction\",\"target\":{\"@type\":\"EntryPoint\",\"urlTemplate\":\"https:\/\/mpressprint.com\/?s={search_term_string}\"},\"query-input\":{\"@type\":\"PropertyValueSpecification\",\"valueRequired\":true,\"valueName\":\"search_term_string\"}}],\"inLanguage\":\"fr-FR\"},{\"@type\":\"Organization\",\"@id\":\"https:\/\/mpressprint.com\/#organization\",\"name\":\"Mpress Print inc.\",\"url\":\"https:\/\/mpressprint.com\/\",\"logo\":{\"@type\":\"ImageObject\",\"inLanguage\":\"fr-FR\",\"@id\":\"https:\/\/mpressprint.com\/#\/schema\/logo\/image\/\",\"url\":\"https:\/\/mpressprint.com\/wp-content\/uploads\/2019\/07\/mpress-logo.png\",\"contentUrl\":\"https:\/\/mpressprint.com\/wp-content\/uploads\/2019\/07\/mpress-logo.png\",\"width\":320,\"height\":86,\"caption\":\"Mpress Print inc.\"},\"image\":{\"@id\":\"https:\/\/mpressprint.com\/#\/schema\/logo\/image\/\"}}]}<\/script>\n<!-- \/ Yoast SEO plugin. -->","yoast_head_json":{"title":"Toile de fond &#8211; Mpress Design &amp; Print","description":"Nos supports de toile de fond t\u00e9lescopiques de 10 pieds x 8 pieds sont \u00e9quip\u00e9s de banni\u00e8res en vinyle de 7 pieds 11 pouces x 8 pieds, 13 oz. La banni\u00e8re a des poches de 4 pouces en haut et en bas.","robots":{"index":"index","follow":"follow","max-snippet":"max-snippet:-1","max-image-preview":"max-image-preview:large","max-video-preview":"max-video-preview:-1"},"canonical":"https:\/\/mpressprint.com\/fr\/produit\/toile-de-fond\/","og_locale":"fr_FR","og_type":"article","og_title":"Toile de fond &#8211; Mpress Design &amp; Print","og_description":"Nos supports de toile de fond t\u00e9lescopiques de 10 pieds x 8 pieds sont \u00e9quip\u00e9s de banni\u00e8res en vinyle de 7 pieds 11 pouces x 8 pieds, 13 oz. La banni\u00e8re a des poches de 4 pouces en haut et en bas.","og_url":"https:\/\/mpressprint.com\/fr\/produit\/toile-de-fond\/","og_site_name":"Mpress Design &amp; Print","article_modified_time":"2024-04-30T16:29:24+00:00","og_image":[{"width":600,"height":600,"url":"https:\/\/mpressprint.com\/wp-content\/uploads\/2019\/08\/backdrop-1.jpg","type":"image\/jpeg"}],"twitter_card":"summary_large_image","twitter_misc":{"Est. reading time":"1 minute"},"schema":{"@context":"https:\/\/schema.org","@graph":[{"@type":["WebPage","ItemPage"],"@id":"https:\/\/mpressprint.com\/fr\/produit\/toile-de-fond\/","url":"https:\/\/mpressprint.com\/fr\/produit\/toile-de-fond\/","name":"Toile de fond &#8211; Mpress Design &amp; Print","isPartOf":{"@id":"https:\/\/mpressprint.com\/#website"},"primaryImageOfPage":{"@id":"https:\/\/mpressprint.com\/fr\/produit\/toile-de-fond\/#primaryimage"},"image":{"@id":"https:\/\/mpressprint.com\/fr\/produit\/toile-de-fond\/#primaryimage"},"thumbnailUrl":"https:\/\/mpressprint.com\/wp-content\/uploads\/2019\/08\/backdrop-1.jpg","datePublished":"2023-08-10T22:15:36+00:00","dateModified":"2024-04-30T16:29:24+00:00","description":"Nos supports de toile de fond t\u00e9lescopiques de 10 pieds x 8 pieds sont \u00e9quip\u00e9s de banni\u00e8res en vinyle de 7 pieds 11 pouces x 8 pieds, 13 oz. La banni\u00e8re a des poches de 4 pouces en haut et en bas.","breadcrumb":{"@id":"https:\/\/mpressprint.com\/fr\/produit\/toile-de-fond\/#breadcrumb"},"inLanguage":"fr-FR","potentialAction":[{"@type":"ReadAction","target":["https:\/\/mpressprint.com\/fr\/produit\/toile-de-fond\/"]}]},{"@type":"ImageObject","inLanguage":"fr-FR","@id":"https:\/\/mpressprint.com\/fr\/produit\/toile-de-fond\/#primaryimage","url":"https:\/\/mpressprint.com\/wp-content\/uploads\/2019\/08\/backdrop-1.jpg","contentUrl":"https:\/\/mpressprint.com\/wp-content\/uploads\/2019\/08\/backdrop-1.jpg","width":600,"height":600,"caption":"toile-de-fond"},{"@type":"BreadcrumbList","@id":"https:\/\/mpressprint.com\/fr\/produit\/toile-de-fond\/#breadcrumb","itemListElement":[{"@type":"ListItem","position":1,"name":"Home","item":"https:\/\/mpressprint.com\/fr\/"},{"@type":"ListItem","position":2,"name":"Shop","item":"https:\/\/mpressprint.com\/shop\/"},{"@type":"ListItem","position":3,"name":"Toile de fond"}]},{"@type":"WebSite","@id":"https:\/\/mpressprint.com\/#website","url":"https:\/\/mpressprint.com\/","name":"Mpress Design &amp; Print","description":"Montreal - Pointe-Claire | Digital &amp; Offset printing | Large format | Mpress Design &amp; Print","publisher":{"@id":"https:\/\/mpressprint.com\/#organization"},"potentialAction":[{"@type":"SearchAction","target":{"@type":"EntryPoint","urlTemplate":"https:\/\/mpressprint.com\/?s={search_term_string}"},"query-input":{"@type":"PropertyValueSpecification","valueRequired":true,"valueName":"search_term_string"}}],"inLanguage":"fr-FR"},{"@type":"Organization","@id":"https:\/\/mpressprint.com\/#organization","name":"Mpress Print inc.","url":"https:\/\/mpressprint.com\/","logo":{"@type":"ImageObject","inLanguage":"fr-FR","@id":"https:\/\/mpressprint.com\/#\/schema\/logo\/image\/","url":"https:\/\/mpressprint.com\/wp-content\/uploads\/2019\/07\/mpress-logo.png","contentUrl":"https:\/\/mpressprint.com\/wp-content\/uploads\/2019\/07\/mpress-logo.png","width":320,"height":86,"caption":"Mpress Print inc."},"image":{"@id":"https:\/\/mpressprint.com\/#\/schema\/logo\/image\/"}}]}},"_links":{"self":[{"href":"https:\/\/mpressprint.com\/fr\/wp-json\/wp\/v2\/product\/29855","targetHints":{"allow":["GET"]}}],"collection":[{"href":"https:\/\/mpressprint.com\/fr\/wp-json\/wp\/v2\/product"}],"about":[{"href":"https:\/\/mpressprint.com\/fr\/wp-json\/wp\/v2\/types\/product"}],"wp:featuredmedia":[{"embeddable":true,"href":"https:\/\/mpressprint.com\/fr\/wp-json\/wp\/v2\/media\/24595"}],"wp:attachment":[{"href":"https:\/\/mpressprint.com\/fr\/wp-json\/wp\/v2\/media?parent=29855"}],"wp:term":[{"taxonomy":"product_brand","embeddable":true,"href":"https:\/\/mpressprint.com\/fr\/wp-json\/wp\/v2\/product_brand?post=29855"},{"taxonomy":"product_cat","embeddable":true,"href":"https:\/\/mpressprint.com\/fr\/wp-json\/wp\/v2\/product_cat?post=29855"},{"taxonomy":"product_tag","embeddable":true,"href":"https:\/\/mpressprint.com\/fr\/wp-json\/wp\/v2\/product_tag?post=29855"}],"curies":[{"name":"wp","href":"https:\/\/api.w.org\/{rel}","templated":true}]}}