{"id":29846,"date":"2019-08-20T21:33:59","date_gmt":"2023-08-10T21:50:31","guid":{"rendered":"https:\/\/mpressprint.com\/?post_type=product&#038;p=29846"},"modified":"2024-04-30T12:01:15","modified_gmt":"2024-04-30T17:01:15","slug":"nappes-de-table","status":"publish","type":"product","link":"https:\/\/mpressprint.com\/fr\/produit\/nappes-de-table\/","title":{"rendered":"Nappes de table"},"content":{"rendered":"<p>Les nappes sont un excellent moyen de faire conna\u00eetre votre entreprise lors de salons et d&#8217;\u00e9v\u00e9nements. Des nappes imprim\u00e9es en couleur sont disponibles pour les tables de 6 pieds et 8 pieds. Couvre le dessus et les 4 c\u00f4t\u00e9s de la table Tissu d&#8217;une seule pi\u00e8ce &#8211; Pas de coutures visibles !<br \/>\nImprim\u00e9 sur tissu. Lavable.<\/p>\n<p><span class=\"s1\">Si un travail de conception est requis, veuillez nous envoyer un courriel \u00e0 <a href=\"mailto:design@mpressprint.com\"><span class=\"s2\">design@mpressprint.com<\/span><\/a> pour obtenir un devis.<\/span><\/p>\n<p>Heure limite : 11 a.m.<br \/>\nD\u00e9lai d&#8217;ex\u00e9cution : 6-7 jours ouvrables.<\/p>\n","protected":false},"excerpt":{"rendered":"<p>Pour obtenir un devis, veuillez contacter <a href=\"mailto:orders@mpressprint.com\">orders@mpressprint.com<\/a><\/p>\n","protected":false},"featured_media":20488,"template":"","meta":[],"product_brand":[],"product_cat":[115],"product_tag":[],"class_list":{"0":"post-29846","1":"product","2":"type-product","3":"status-publish","4":"has-post-thumbnail","6":"product_cat-produits-du-salon","8":"first","9":"instock","10":"taxable","11":"shipping-taxable","12":"product-type-variable"},"yoast_head":"<!-- This site is optimized with the Yoast SEO plugin v27.0 - https:\/\/yoast.com\/product\/yoast-seo-wordpress\/ -->\n<title>Nappes de table &#8211; Mpress Design &amp; Print<\/title>\n<meta name=\"description\" content=\"Les nappes de table sont un excellent moyen de faire la publicit\u00e9 de votre entreprise lors de salons et d&#039;\u00e9v\u00e9nements, par opposition \u00e0 l&#039;imprim\u00e9 sur du polyester de qualit\u00e9 sup\u00e9rieure de 9 oz.\" \/>\n<meta name=\"robots\" content=\"index, follow, max-snippet:-1, max-image-preview:large, max-video-preview:-1\" \/>\n<link rel=\"canonical\" href=\"https:\/\/mpressprint.com\/fr\/produit\/nappes-de-table\/\" \/>\n<meta property=\"og:locale\" content=\"fr_FR\" \/>\n<meta property=\"og:type\" content=\"article\" \/>\n<meta property=\"og:title\" content=\"Nappes de table &#8211; Mpress Design &amp; Print\" \/>\n<meta property=\"og:description\" content=\"Les nappes de table sont un excellent moyen de faire la publicit\u00e9 de votre entreprise lors de salons et d&#039;\u00e9v\u00e9nements, par opposition \u00e0 l&#039;imprim\u00e9 sur du polyester de qualit\u00e9 sup\u00e9rieure de 9 oz.\" \/>\n<meta property=\"og:url\" content=\"https:\/\/mpressprint.com\/fr\/produit\/nappes-de-table\/\" \/>\n<meta property=\"og:site_name\" content=\"Mpress Design &amp; Print\" \/>\n<meta property=\"article:modified_time\" content=\"2024-04-30T17:01:15+00:00\" \/>\n<meta property=\"og:image\" content=\"https:\/\/mpressprint.com\/wp-content\/uploads\/2019\/08\/table-cover.jpg\" \/>\n\t<meta property=\"og:image:width\" content=\"600\" \/>\n\t<meta property=\"og:image:height\" content=\"600\" \/>\n\t<meta property=\"og:image:type\" content=\"image\/jpeg\" \/>\n<meta name=\"twitter:card\" content=\"summary_large_image\" \/>\n<meta name=\"twitter:label1\" content=\"Est. reading time\" \/>\n\t<meta name=\"twitter:data1\" content=\"1 minute\" \/>\n<script type=\"application\/ld+json\" class=\"yoast-schema-graph\">{\"@context\":\"https:\/\/schema.org\",\"@graph\":[{\"@type\":[\"WebPage\",\"ItemPage\"],\"@id\":\"https:\/\/mpressprint.com\/fr\/produit\/nappes-de-table\/\",\"url\":\"https:\/\/mpressprint.com\/fr\/produit\/nappes-de-table\/\",\"name\":\"Nappes de table &#8211; Mpress Design &amp; Print\",\"isPartOf\":{\"@id\":\"https:\/\/mpressprint.com\/#website\"},\"primaryImageOfPage\":{\"@id\":\"https:\/\/mpressprint.com\/fr\/produit\/nappes-de-table\/#primaryimage\"},\"image\":{\"@id\":\"https:\/\/mpressprint.com\/fr\/produit\/nappes-de-table\/#primaryimage\"},\"thumbnailUrl\":\"https:\/\/mpressprint.com\/wp-content\/uploads\/2019\/08\/table-cover.jpg\",\"datePublished\":\"2023-08-10T21:50:31+00:00\",\"dateModified\":\"2024-04-30T17:01:15+00:00\",\"description\":\"Les nappes de table sont un excellent moyen de faire la publicit\u00e9 de votre entreprise lors de salons et d'\u00e9v\u00e9nements, par opposition \u00e0 l'imprim\u00e9 sur du polyester de qualit\u00e9 sup\u00e9rieure de 9 oz.\",\"breadcrumb\":{\"@id\":\"https:\/\/mpressprint.com\/fr\/produit\/nappes-de-table\/#breadcrumb\"},\"inLanguage\":\"fr-FR\",\"potentialAction\":[{\"@type\":\"ReadAction\",\"target\":[\"https:\/\/mpressprint.com\/fr\/produit\/nappes-de-table\/\"]}]},{\"@type\":\"ImageObject\",\"inLanguage\":\"fr-FR\",\"@id\":\"https:\/\/mpressprint.com\/fr\/produit\/nappes-de-table\/#primaryimage\",\"url\":\"https:\/\/mpressprint.com\/wp-content\/uploads\/2019\/08\/table-cover.jpg\",\"contentUrl\":\"https:\/\/mpressprint.com\/wp-content\/uploads\/2019\/08\/table-cover.jpg\",\"width\":600,\"height\":600},{\"@type\":\"BreadcrumbList\",\"@id\":\"https:\/\/mpressprint.com\/fr\/produit\/nappes-de-table\/#breadcrumb\",\"itemListElement\":[{\"@type\":\"ListItem\",\"position\":1,\"name\":\"Home\",\"item\":\"https:\/\/mpressprint.com\/fr\/\"},{\"@type\":\"ListItem\",\"position\":2,\"name\":\"Shop\",\"item\":\"https:\/\/mpressprint.com\/shop\/\"},{\"@type\":\"ListItem\",\"position\":3,\"name\":\"Nappes de table\"}]},{\"@type\":\"WebSite\",\"@id\":\"https:\/\/mpressprint.com\/#website\",\"url\":\"https:\/\/mpressprint.com\/\",\"name\":\"Mpress Design &amp; Print\",\"description\":\"Montreal - Pointe-Claire | Digital &amp; Offset printing | Large format | Mpress Design &amp; Print\",\"publisher\":{\"@id\":\"https:\/\/mpressprint.com\/#organization\"},\"potentialAction\":[{\"@type\":\"SearchAction\",\"target\":{\"@type\":\"EntryPoint\",\"urlTemplate\":\"https:\/\/mpressprint.com\/?s={search_term_string}\"},\"query-input\":{\"@type\":\"PropertyValueSpecification\",\"valueRequired\":true,\"valueName\":\"search_term_string\"}}],\"inLanguage\":\"fr-FR\"},{\"@type\":\"Organization\",\"@id\":\"https:\/\/mpressprint.com\/#organization\",\"name\":\"Mpress Print inc.\",\"url\":\"https:\/\/mpressprint.com\/\",\"logo\":{\"@type\":\"ImageObject\",\"inLanguage\":\"fr-FR\",\"@id\":\"https:\/\/mpressprint.com\/#\/schema\/logo\/image\/\",\"url\":\"https:\/\/mpressprint.com\/wp-content\/uploads\/2019\/07\/mpress-logo.png\",\"contentUrl\":\"https:\/\/mpressprint.com\/wp-content\/uploads\/2019\/07\/mpress-logo.png\",\"width\":320,\"height\":86,\"caption\":\"Mpress Print inc.\"},\"image\":{\"@id\":\"https:\/\/mpressprint.com\/#\/schema\/logo\/image\/\"}}]}<\/script>\n<!-- \/ Yoast SEO plugin. -->","yoast_head_json":{"title":"Nappes de table &#8211; Mpress Design &amp; Print","description":"Les nappes de table sont un excellent moyen de faire la publicit\u00e9 de votre entreprise lors de salons et d'\u00e9v\u00e9nements, par opposition \u00e0 l'imprim\u00e9 sur du polyester de qualit\u00e9 sup\u00e9rieure de 9 oz.","robots":{"index":"index","follow":"follow","max-snippet":"max-snippet:-1","max-image-preview":"max-image-preview:large","max-video-preview":"max-video-preview:-1"},"canonical":"https:\/\/mpressprint.com\/fr\/produit\/nappes-de-table\/","og_locale":"fr_FR","og_type":"article","og_title":"Nappes de table &#8211; Mpress Design &amp; Print","og_description":"Les nappes de table sont un excellent moyen de faire la publicit\u00e9 de votre entreprise lors de salons et d'\u00e9v\u00e9nements, par opposition \u00e0 l'imprim\u00e9 sur du polyester de qualit\u00e9 sup\u00e9rieure de 9 oz.","og_url":"https:\/\/mpressprint.com\/fr\/produit\/nappes-de-table\/","og_site_name":"Mpress Design &amp; Print","article_modified_time":"2024-04-30T17:01:15+00:00","og_image":[{"width":600,"height":600,"url":"https:\/\/mpressprint.com\/wp-content\/uploads\/2019\/08\/table-cover.jpg","type":"image\/jpeg"}],"twitter_card":"summary_large_image","twitter_misc":{"Est. reading time":"1 minute"},"schema":{"@context":"https:\/\/schema.org","@graph":[{"@type":["WebPage","ItemPage"],"@id":"https:\/\/mpressprint.com\/fr\/produit\/nappes-de-table\/","url":"https:\/\/mpressprint.com\/fr\/produit\/nappes-de-table\/","name":"Nappes de table &#8211; Mpress Design &amp; Print","isPartOf":{"@id":"https:\/\/mpressprint.com\/#website"},"primaryImageOfPage":{"@id":"https:\/\/mpressprint.com\/fr\/produit\/nappes-de-table\/#primaryimage"},"image":{"@id":"https:\/\/mpressprint.com\/fr\/produit\/nappes-de-table\/#primaryimage"},"thumbnailUrl":"https:\/\/mpressprint.com\/wp-content\/uploads\/2019\/08\/table-cover.jpg","datePublished":"2023-08-10T21:50:31+00:00","dateModified":"2024-04-30T17:01:15+00:00","description":"Les nappes de table sont un excellent moyen de faire la publicit\u00e9 de votre entreprise lors de salons et d'\u00e9v\u00e9nements, par opposition \u00e0 l'imprim\u00e9 sur du polyester de qualit\u00e9 sup\u00e9rieure de 9 oz.","breadcrumb":{"@id":"https:\/\/mpressprint.com\/fr\/produit\/nappes-de-table\/#breadcrumb"},"inLanguage":"fr-FR","potentialAction":[{"@type":"ReadAction","target":["https:\/\/mpressprint.com\/fr\/produit\/nappes-de-table\/"]}]},{"@type":"ImageObject","inLanguage":"fr-FR","@id":"https:\/\/mpressprint.com\/fr\/produit\/nappes-de-table\/#primaryimage","url":"https:\/\/mpressprint.com\/wp-content\/uploads\/2019\/08\/table-cover.jpg","contentUrl":"https:\/\/mpressprint.com\/wp-content\/uploads\/2019\/08\/table-cover.jpg","width":600,"height":600},{"@type":"BreadcrumbList","@id":"https:\/\/mpressprint.com\/fr\/produit\/nappes-de-table\/#breadcrumb","itemListElement":[{"@type":"ListItem","position":1,"name":"Home","item":"https:\/\/mpressprint.com\/fr\/"},{"@type":"ListItem","position":2,"name":"Shop","item":"https:\/\/mpressprint.com\/shop\/"},{"@type":"ListItem","position":3,"name":"Nappes de table"}]},{"@type":"WebSite","@id":"https:\/\/mpressprint.com\/#website","url":"https:\/\/mpressprint.com\/","name":"Mpress Design &amp; Print","description":"Montreal - Pointe-Claire | Digital &amp; Offset printing | Large format | Mpress Design &amp; Print","publisher":{"@id":"https:\/\/mpressprint.com\/#organization"},"potentialAction":[{"@type":"SearchAction","target":{"@type":"EntryPoint","urlTemplate":"https:\/\/mpressprint.com\/?s={search_term_string}"},"query-input":{"@type":"PropertyValueSpecification","valueRequired":true,"valueName":"search_term_string"}}],"inLanguage":"fr-FR"},{"@type":"Organization","@id":"https:\/\/mpressprint.com\/#organization","name":"Mpress Print inc.","url":"https:\/\/mpressprint.com\/","logo":{"@type":"ImageObject","inLanguage":"fr-FR","@id":"https:\/\/mpressprint.com\/#\/schema\/logo\/image\/","url":"https:\/\/mpressprint.com\/wp-content\/uploads\/2019\/07\/mpress-logo.png","contentUrl":"https:\/\/mpressprint.com\/wp-content\/uploads\/2019\/07\/mpress-logo.png","width":320,"height":86,"caption":"Mpress Print inc."},"image":{"@id":"https:\/\/mpressprint.com\/#\/schema\/logo\/image\/"}}]}},"_links":{"self":[{"href":"https:\/\/mpressprint.com\/fr\/wp-json\/wp\/v2\/product\/29846","targetHints":{"allow":["GET"]}}],"collection":[{"href":"https:\/\/mpressprint.com\/fr\/wp-json\/wp\/v2\/product"}],"about":[{"href":"https:\/\/mpressprint.com\/fr\/wp-json\/wp\/v2\/types\/product"}],"wp:featuredmedia":[{"embeddable":true,"href":"https:\/\/mpressprint.com\/fr\/wp-json\/wp\/v2\/media\/20488"}],"wp:attachment":[{"href":"https:\/\/mpressprint.com\/fr\/wp-json\/wp\/v2\/media?parent=29846"}],"wp:term":[{"taxonomy":"product_brand","embeddable":true,"href":"https:\/\/mpressprint.com\/fr\/wp-json\/wp\/v2\/product_brand?post=29846"},{"taxonomy":"product_cat","embeddable":true,"href":"https:\/\/mpressprint.com\/fr\/wp-json\/wp\/v2\/product_cat?post=29846"},{"taxonomy":"product_tag","embeddable":true,"href":"https:\/\/mpressprint.com\/fr\/wp-json\/wp\/v2\/product_tag?post=29846"}],"curies":[{"name":"wp","href":"https:\/\/api.w.org\/{rel}","templated":true}]}}