{"id":29836,"date":"2019-08-20T21:26:29","date_gmt":"2023-08-10T21:18:16","guid":{"rendered":"https:\/\/mpressprint.com\/?post_type=product&#038;p=29836"},"modified":"2024-04-30T12:06:35","modified_gmt":"2024-04-30T17:06:35","slug":"etiquettes-rondes","status":"publish","type":"product","link":"https:\/\/mpressprint.com\/fr\/produit\/etiquettes-rondes\/","title":{"rendered":"\u00c9tiquettes rondes"},"content":{"rendered":"<p>Les autocollants sont un moyen simple et efficace de marquer vos produits et d&#8217;am\u00e9liorer instantan\u00e9ment tous les emballages de votre entreprise. Nos \u00e9tiquettes rondes sont coup\u00e9es individuellement, avec un rev\u00eatement UV brillant pour plus de durabilit\u00e9 et de protection. Elles p\u00e8sent 70 lb avec doublure fendue, ont un adh\u00e9sif permanent et sont destin\u00e9es \u00e0 une utilisation en int\u00e9rieur.<\/p>\n<p class=\"p1\"><span class=\"s1\"><span style=\"vertical-align: inherit;\"><span style=\"vertical-align: inherit;\">Si des travaux de conception sont n\u00e9cessaires, \u00e9crivez-nous \u00e0 <\/span><\/span><a href=\"mailto:design@mpressprint.com\"><span class=\"s2\"><span style=\"vertical-align: inherit;\"><span style=\"vertical-align: inherit;\">design@mpressprint.com<\/span><\/span><\/span><\/a><span style=\"vertical-align: inherit;\"><span style=\"vertical-align: inherit;\"> pour obtenir un devis.<\/span><\/span><\/span><\/p>\n<p><span style=\"vertical-align: inherit;\"><span style=\"vertical-align: inherit;\">Temps limite: 11 am <\/span><\/span><br \/>\nD\u00e9lai d&#8217;ex\u00e9cution : 4-6 jours ouvrables.<\/p>\n","protected":false},"excerpt":{"rendered":"<p>Pour obtenir un devis, veuillez contacter\u00a0<a href=\"mailto:orders@mpressprint.com\">orders@mpressprint.com<\/a><\/p>\n","protected":false},"featured_media":20512,"template":"","meta":[],"product_brand":[],"product_cat":[111],"product_tag":[],"class_list":{"0":"post-29836","1":"product","2":"type-product","3":"status-publish","4":"has-post-thumbnail","6":"product_cat-etiquettes-et-autocollants","8":"first","9":"instock","10":"taxable","11":"shipping-taxable","12":"product-type-variable","13":"has-default-attributes"},"yoast_head":"<!-- This site is optimized with the Yoast SEO plugin v27.0 - https:\/\/yoast.com\/product\/yoast-seo-wordpress\/ -->\n<title>\u00c9tiquettes rondes &#8211; Mpress Design &amp; Print<\/title>\n<meta name=\"description\" content=\"Les autocollants sont un moyen simple et efficace de marquer vos produits et d&#039;am\u00e9liorer instantan\u00e9ment tous les emballages de votre entreprise. Nos \u00e9tiquettes rondes sont coup\u00e9es individuellement, avec un rev\u00eatement UV brillant pour plus de durabilit\u00e9 et de protection.\" \/>\n<meta name=\"robots\" content=\"index, follow, max-snippet:-1, max-image-preview:large, max-video-preview:-1\" \/>\n<link rel=\"canonical\" href=\"https:\/\/mpressprint.com\/fr\/produit\/etiquettes-rondes\/\" \/>\n<meta property=\"og:locale\" content=\"fr_FR\" \/>\n<meta property=\"og:type\" content=\"article\" \/>\n<meta property=\"og:title\" content=\"\u00c9tiquettes rondes &#8211; Mpress Design &amp; Print\" \/>\n<meta property=\"og:description\" content=\"Les autocollants sont un moyen simple et efficace de marquer vos produits et d&#039;am\u00e9liorer instantan\u00e9ment tous les emballages de votre entreprise. Nos \u00e9tiquettes rondes sont coup\u00e9es individuellement, avec un rev\u00eatement UV brillant pour plus de durabilit\u00e9 et de protection.\" \/>\n<meta property=\"og:url\" content=\"https:\/\/mpressprint.com\/fr\/produit\/etiquettes-rondes\/\" \/>\n<meta property=\"og:site_name\" content=\"Mpress Design &amp; Print\" \/>\n<meta property=\"article:modified_time\" content=\"2024-04-30T17:06:35+00:00\" \/>\n<meta property=\"og:image\" content=\"https:\/\/mpressprint.com\/wp-content\/uploads\/2019\/08\/round-labels.jpg\" \/>\n\t<meta property=\"og:image:width\" content=\"600\" \/>\n\t<meta property=\"og:image:height\" content=\"600\" \/>\n\t<meta property=\"og:image:type\" content=\"image\/jpeg\" \/>\n<meta name=\"twitter:card\" content=\"summary_large_image\" \/>\n<meta name=\"twitter:label1\" content=\"Est. reading time\" \/>\n\t<meta name=\"twitter:data1\" content=\"1 minute\" \/>\n<script type=\"application\/ld+json\" class=\"yoast-schema-graph\">{\"@context\":\"https:\/\/schema.org\",\"@graph\":[{\"@type\":[\"WebPage\",\"ItemPage\"],\"@id\":\"https:\/\/mpressprint.com\/fr\/produit\/etiquettes-rondes\/\",\"url\":\"https:\/\/mpressprint.com\/fr\/produit\/etiquettes-rondes\/\",\"name\":\"\u00c9tiquettes rondes &#8211; Mpress Design &amp; Print\",\"isPartOf\":{\"@id\":\"https:\/\/mpressprint.com\/#website\"},\"primaryImageOfPage\":{\"@id\":\"https:\/\/mpressprint.com\/fr\/produit\/etiquettes-rondes\/#primaryimage\"},\"image\":{\"@id\":\"https:\/\/mpressprint.com\/fr\/produit\/etiquettes-rondes\/#primaryimage\"},\"thumbnailUrl\":\"https:\/\/mpressprint.com\/wp-content\/uploads\/2019\/08\/round-labels.jpg\",\"datePublished\":\"2023-08-10T21:18:16+00:00\",\"dateModified\":\"2024-04-30T17:06:35+00:00\",\"description\":\"Les autocollants sont un moyen simple et efficace de marquer vos produits et d'am\u00e9liorer instantan\u00e9ment tous les emballages de votre entreprise. Nos \u00e9tiquettes rondes sont coup\u00e9es individuellement, avec un rev\u00eatement UV brillant pour plus de durabilit\u00e9 et de protection.\",\"breadcrumb\":{\"@id\":\"https:\/\/mpressprint.com\/fr\/produit\/etiquettes-rondes\/#breadcrumb\"},\"inLanguage\":\"fr-FR\",\"potentialAction\":[{\"@type\":\"ReadAction\",\"target\":[\"https:\/\/mpressprint.com\/fr\/produit\/etiquettes-rondes\/\"]}]},{\"@type\":\"ImageObject\",\"inLanguage\":\"fr-FR\",\"@id\":\"https:\/\/mpressprint.com\/fr\/produit\/etiquettes-rondes\/#primaryimage\",\"url\":\"https:\/\/mpressprint.com\/wp-content\/uploads\/2019\/08\/round-labels.jpg\",\"contentUrl\":\"https:\/\/mpressprint.com\/wp-content\/uploads\/2019\/08\/round-labels.jpg\",\"width\":600,\"height\":600},{\"@type\":\"BreadcrumbList\",\"@id\":\"https:\/\/mpressprint.com\/fr\/produit\/etiquettes-rondes\/#breadcrumb\",\"itemListElement\":[{\"@type\":\"ListItem\",\"position\":1,\"name\":\"Home\",\"item\":\"https:\/\/mpressprint.com\/fr\/\"},{\"@type\":\"ListItem\",\"position\":2,\"name\":\"Shop\",\"item\":\"https:\/\/mpressprint.com\/shop\/\"},{\"@type\":\"ListItem\",\"position\":3,\"name\":\"\u00c9tiquettes rondes\"}]},{\"@type\":\"WebSite\",\"@id\":\"https:\/\/mpressprint.com\/#website\",\"url\":\"https:\/\/mpressprint.com\/\",\"name\":\"Mpress Design &amp; Print\",\"description\":\"Montreal - Pointe-Claire | Digital &amp; Offset printing | Large format | Mpress Design &amp; Print\",\"publisher\":{\"@id\":\"https:\/\/mpressprint.com\/#organization\"},\"potentialAction\":[{\"@type\":\"SearchAction\",\"target\":{\"@type\":\"EntryPoint\",\"urlTemplate\":\"https:\/\/mpressprint.com\/?s={search_term_string}\"},\"query-input\":{\"@type\":\"PropertyValueSpecification\",\"valueRequired\":true,\"valueName\":\"search_term_string\"}}],\"inLanguage\":\"fr-FR\"},{\"@type\":\"Organization\",\"@id\":\"https:\/\/mpressprint.com\/#organization\",\"name\":\"Mpress Print inc.\",\"url\":\"https:\/\/mpressprint.com\/\",\"logo\":{\"@type\":\"ImageObject\",\"inLanguage\":\"fr-FR\",\"@id\":\"https:\/\/mpressprint.com\/#\/schema\/logo\/image\/\",\"url\":\"https:\/\/mpressprint.com\/wp-content\/uploads\/2019\/07\/mpress-logo.png\",\"contentUrl\":\"https:\/\/mpressprint.com\/wp-content\/uploads\/2019\/07\/mpress-logo.png\",\"width\":320,\"height\":86,\"caption\":\"Mpress Print inc.\"},\"image\":{\"@id\":\"https:\/\/mpressprint.com\/#\/schema\/logo\/image\/\"}}]}<\/script>\n<!-- \/ Yoast SEO plugin. -->","yoast_head_json":{"title":"\u00c9tiquettes rondes &#8211; Mpress Design &amp; Print","description":"Les autocollants sont un moyen simple et efficace de marquer vos produits et d'am\u00e9liorer instantan\u00e9ment tous les emballages de votre entreprise. Nos \u00e9tiquettes rondes sont coup\u00e9es individuellement, avec un rev\u00eatement UV brillant pour plus de durabilit\u00e9 et de protection.","robots":{"index":"index","follow":"follow","max-snippet":"max-snippet:-1","max-image-preview":"max-image-preview:large","max-video-preview":"max-video-preview:-1"},"canonical":"https:\/\/mpressprint.com\/fr\/produit\/etiquettes-rondes\/","og_locale":"fr_FR","og_type":"article","og_title":"\u00c9tiquettes rondes &#8211; Mpress Design &amp; Print","og_description":"Les autocollants sont un moyen simple et efficace de marquer vos produits et d'am\u00e9liorer instantan\u00e9ment tous les emballages de votre entreprise. Nos \u00e9tiquettes rondes sont coup\u00e9es individuellement, avec un rev\u00eatement UV brillant pour plus de durabilit\u00e9 et de protection.","og_url":"https:\/\/mpressprint.com\/fr\/produit\/etiquettes-rondes\/","og_site_name":"Mpress Design &amp; Print","article_modified_time":"2024-04-30T17:06:35+00:00","og_image":[{"width":600,"height":600,"url":"https:\/\/mpressprint.com\/wp-content\/uploads\/2019\/08\/round-labels.jpg","type":"image\/jpeg"}],"twitter_card":"summary_large_image","twitter_misc":{"Est. reading time":"1 minute"},"schema":{"@context":"https:\/\/schema.org","@graph":[{"@type":["WebPage","ItemPage"],"@id":"https:\/\/mpressprint.com\/fr\/produit\/etiquettes-rondes\/","url":"https:\/\/mpressprint.com\/fr\/produit\/etiquettes-rondes\/","name":"\u00c9tiquettes rondes &#8211; Mpress Design &amp; Print","isPartOf":{"@id":"https:\/\/mpressprint.com\/#website"},"primaryImageOfPage":{"@id":"https:\/\/mpressprint.com\/fr\/produit\/etiquettes-rondes\/#primaryimage"},"image":{"@id":"https:\/\/mpressprint.com\/fr\/produit\/etiquettes-rondes\/#primaryimage"},"thumbnailUrl":"https:\/\/mpressprint.com\/wp-content\/uploads\/2019\/08\/round-labels.jpg","datePublished":"2023-08-10T21:18:16+00:00","dateModified":"2024-04-30T17:06:35+00:00","description":"Les autocollants sont un moyen simple et efficace de marquer vos produits et d'am\u00e9liorer instantan\u00e9ment tous les emballages de votre entreprise. Nos \u00e9tiquettes rondes sont coup\u00e9es individuellement, avec un rev\u00eatement UV brillant pour plus de durabilit\u00e9 et de protection.","breadcrumb":{"@id":"https:\/\/mpressprint.com\/fr\/produit\/etiquettes-rondes\/#breadcrumb"},"inLanguage":"fr-FR","potentialAction":[{"@type":"ReadAction","target":["https:\/\/mpressprint.com\/fr\/produit\/etiquettes-rondes\/"]}]},{"@type":"ImageObject","inLanguage":"fr-FR","@id":"https:\/\/mpressprint.com\/fr\/produit\/etiquettes-rondes\/#primaryimage","url":"https:\/\/mpressprint.com\/wp-content\/uploads\/2019\/08\/round-labels.jpg","contentUrl":"https:\/\/mpressprint.com\/wp-content\/uploads\/2019\/08\/round-labels.jpg","width":600,"height":600},{"@type":"BreadcrumbList","@id":"https:\/\/mpressprint.com\/fr\/produit\/etiquettes-rondes\/#breadcrumb","itemListElement":[{"@type":"ListItem","position":1,"name":"Home","item":"https:\/\/mpressprint.com\/fr\/"},{"@type":"ListItem","position":2,"name":"Shop","item":"https:\/\/mpressprint.com\/shop\/"},{"@type":"ListItem","position":3,"name":"\u00c9tiquettes rondes"}]},{"@type":"WebSite","@id":"https:\/\/mpressprint.com\/#website","url":"https:\/\/mpressprint.com\/","name":"Mpress Design &amp; Print","description":"Montreal - Pointe-Claire | Digital &amp; Offset printing | Large format | Mpress Design &amp; Print","publisher":{"@id":"https:\/\/mpressprint.com\/#organization"},"potentialAction":[{"@type":"SearchAction","target":{"@type":"EntryPoint","urlTemplate":"https:\/\/mpressprint.com\/?s={search_term_string}"},"query-input":{"@type":"PropertyValueSpecification","valueRequired":true,"valueName":"search_term_string"}}],"inLanguage":"fr-FR"},{"@type":"Organization","@id":"https:\/\/mpressprint.com\/#organization","name":"Mpress Print inc.","url":"https:\/\/mpressprint.com\/","logo":{"@type":"ImageObject","inLanguage":"fr-FR","@id":"https:\/\/mpressprint.com\/#\/schema\/logo\/image\/","url":"https:\/\/mpressprint.com\/wp-content\/uploads\/2019\/07\/mpress-logo.png","contentUrl":"https:\/\/mpressprint.com\/wp-content\/uploads\/2019\/07\/mpress-logo.png","width":320,"height":86,"caption":"Mpress Print inc."},"image":{"@id":"https:\/\/mpressprint.com\/#\/schema\/logo\/image\/"}}]}},"_links":{"self":[{"href":"https:\/\/mpressprint.com\/fr\/wp-json\/wp\/v2\/product\/29836","targetHints":{"allow":["GET"]}}],"collection":[{"href":"https:\/\/mpressprint.com\/fr\/wp-json\/wp\/v2\/product"}],"about":[{"href":"https:\/\/mpressprint.com\/fr\/wp-json\/wp\/v2\/types\/product"}],"wp:featuredmedia":[{"embeddable":true,"href":"https:\/\/mpressprint.com\/fr\/wp-json\/wp\/v2\/media\/20512"}],"wp:attachment":[{"href":"https:\/\/mpressprint.com\/fr\/wp-json\/wp\/v2\/media?parent=29836"}],"wp:term":[{"taxonomy":"product_brand","embeddable":true,"href":"https:\/\/mpressprint.com\/fr\/wp-json\/wp\/v2\/product_brand?post=29836"},{"taxonomy":"product_cat","embeddable":true,"href":"https:\/\/mpressprint.com\/fr\/wp-json\/wp\/v2\/product_cat?post=29836"},{"taxonomy":"product_tag","embeddable":true,"href":"https:\/\/mpressprint.com\/fr\/wp-json\/wp\/v2\/product_tag?post=29836"}],"curies":[{"name":"wp","href":"https:\/\/api.w.org\/{rel}","templated":true}]}}