{"id":29819,"date":"2019-08-20T21:09:24","date_gmt":"2023-08-10T21:04:00","guid":{"rendered":"https:\/\/mpressprint.com\/?post_type=product&#038;p=29819"},"modified":"2023-08-21T10:06:18","modified_gmt":"2023-08-21T15:06:18","slug":"drapeaux","status":"publish","type":"product","link":"https:\/\/mpressprint.com\/fr\/produit\/drapeaux\/","title":{"rendered":"Drapeaux"},"content":{"rendered":"<p>Les drapeaux plumes et larmes offrent un moyen unique et attrayant d&#8217;attirer l&#8217;attention. Ils sont<br \/>\nparfait pour les \u00e9v\u00e9nements, les entreprises de publicit\u00e9 et les salons professionnels. parfait pour les \u00e9v\u00e9nements, les entreprises de publicit\u00e9 et les salons professionnels.<\/p>\n<p class=\"p1\"><span class=\"s1\">Si un travail de conception est requis, veuillez nous envoyer un courriel \u00e0 <a href=\"mailto:design@mpressprint.com\"><span class=\"s2\">design@mpressprint.com<\/span><\/a> pour obtenir un devis.<\/span><\/p>\n<p>Heure limite : 11 a.m.<br \/>\nD\u00e9lai d&#8217;ex\u00e9cution : 7-9 jours ouvrables.<\/p>\n","protected":false},"excerpt":{"rendered":"<p>Pour obtenir un devis, veuillez contacter <a href=\"mailto:orders@mpressprint.com\">orders@mpressprint.com<\/a><\/p>\n","protected":false},"featured_media":30141,"template":"","meta":[],"product_brand":[],"product_cat":[114],"product_tag":[],"class_list":{"0":"post-29819","1":"product","2":"type-product","3":"status-publish","4":"has-post-thumbnail","6":"product_cat-enseignes-et-bannieres","8":"first","9":"instock","10":"taxable","11":"shipping-taxable","12":"product-type-grouped"},"yoast_head":"<!-- This site is optimized with the Yoast SEO plugin v27.0 - https:\/\/yoast.com\/product\/yoast-seo-wordpress\/ -->\n<title>Drapeaux &#8211; Mpress Design &amp; Print<\/title>\n<meta name=\"description\" content=\"Les drapeaux plumes et larmes offrent un moyen unique et attrayant d&#039;attirer l&#039;attention. Ils sont parfaits pour les \u00e9v\u00e9nements, les entreprises publicitaires et les salons professionnels.\" \/>\n<meta name=\"robots\" content=\"index, follow, max-snippet:-1, max-image-preview:large, max-video-preview:-1\" \/>\n<link rel=\"canonical\" href=\"https:\/\/mpressprint.com\/fr\/produit\/drapeaux\/\" \/>\n<meta property=\"og:locale\" content=\"fr_FR\" \/>\n<meta property=\"og:type\" content=\"article\" \/>\n<meta property=\"og:title\" content=\"Drapeaux &#8211; Mpress Design &amp; Print\" \/>\n<meta property=\"og:description\" content=\"Les drapeaux plumes et larmes offrent un moyen unique et attrayant d&#039;attirer l&#039;attention. Ils sont parfaits pour les \u00e9v\u00e9nements, les entreprises publicitaires et les salons professionnels.\" \/>\n<meta property=\"og:url\" content=\"https:\/\/mpressprint.com\/fr\/produit\/drapeaux\/\" \/>\n<meta property=\"og:site_name\" content=\"Mpress Design &amp; Print\" \/>\n<meta property=\"article:modified_time\" content=\"2023-08-21T15:06:18+00:00\" \/>\n<meta property=\"og:image\" content=\"https:\/\/mpressprint.com\/wp-content\/uploads\/2019\/08\/flags.jpg\" \/>\n\t<meta property=\"og:image:width\" content=\"600\" \/>\n\t<meta property=\"og:image:height\" content=\"600\" \/>\n\t<meta property=\"og:image:type\" content=\"image\/jpeg\" \/>\n<meta name=\"twitter:card\" content=\"summary_large_image\" \/>\n<meta name=\"twitter:label1\" content=\"Est. reading time\" \/>\n\t<meta name=\"twitter:data1\" content=\"1 minute\" \/>\n<script type=\"application\/ld+json\" class=\"yoast-schema-graph\">{\"@context\":\"https:\/\/schema.org\",\"@graph\":[{\"@type\":[\"WebPage\",\"ItemPage\"],\"@id\":\"https:\/\/mpressprint.com\/fr\/produit\/drapeaux\/\",\"url\":\"https:\/\/mpressprint.com\/fr\/produit\/drapeaux\/\",\"name\":\"Drapeaux &#8211; Mpress Design &amp; Print\",\"isPartOf\":{\"@id\":\"https:\/\/mpressprint.com\/#website\"},\"primaryImageOfPage\":{\"@id\":\"https:\/\/mpressprint.com\/fr\/produit\/drapeaux\/#primaryimage\"},\"image\":{\"@id\":\"https:\/\/mpressprint.com\/fr\/produit\/drapeaux\/#primaryimage\"},\"thumbnailUrl\":\"https:\/\/mpressprint.com\/wp-content\/uploads\/2025\/04\/custom-flags.jpg\",\"datePublished\":\"2023-08-10T21:04:00+00:00\",\"dateModified\":\"2023-08-21T15:06:18+00:00\",\"description\":\"Les drapeaux plumes et larmes offrent un moyen unique et attrayant d'attirer l'attention. Ils sont parfaits pour les \u00e9v\u00e9nements, les entreprises publicitaires et les salons professionnels.\",\"breadcrumb\":{\"@id\":\"https:\/\/mpressprint.com\/fr\/produit\/drapeaux\/#breadcrumb\"},\"inLanguage\":\"fr-FR\",\"potentialAction\":[{\"@type\":\"ReadAction\",\"target\":[\"https:\/\/mpressprint.com\/fr\/produit\/drapeaux\/\"]}]},{\"@type\":\"ImageObject\",\"inLanguage\":\"fr-FR\",\"@id\":\"https:\/\/mpressprint.com\/fr\/produit\/drapeaux\/#primaryimage\",\"url\":\"https:\/\/mpressprint.com\/wp-content\/uploads\/2025\/04\/custom-flags.jpg\",\"contentUrl\":\"https:\/\/mpressprint.com\/wp-content\/uploads\/2025\/04\/custom-flags.jpg\",\"width\":1080,\"height\":1080},{\"@type\":\"BreadcrumbList\",\"@id\":\"https:\/\/mpressprint.com\/fr\/produit\/drapeaux\/#breadcrumb\",\"itemListElement\":[{\"@type\":\"ListItem\",\"position\":1,\"name\":\"Home\",\"item\":\"https:\/\/mpressprint.com\/fr\/\"},{\"@type\":\"ListItem\",\"position\":2,\"name\":\"Shop\",\"item\":\"https:\/\/mpressprint.com\/shop\/\"},{\"@type\":\"ListItem\",\"position\":3,\"name\":\"Drapeaux\"}]},{\"@type\":\"WebSite\",\"@id\":\"https:\/\/mpressprint.com\/#website\",\"url\":\"https:\/\/mpressprint.com\/\",\"name\":\"Mpress Design &amp; Print\",\"description\":\"Montreal - Pointe-Claire | Digital &amp; Offset printing | Large format | Mpress Design &amp; Print\",\"publisher\":{\"@id\":\"https:\/\/mpressprint.com\/#organization\"},\"potentialAction\":[{\"@type\":\"SearchAction\",\"target\":{\"@type\":\"EntryPoint\",\"urlTemplate\":\"https:\/\/mpressprint.com\/?s={search_term_string}\"},\"query-input\":{\"@type\":\"PropertyValueSpecification\",\"valueRequired\":true,\"valueName\":\"search_term_string\"}}],\"inLanguage\":\"fr-FR\"},{\"@type\":\"Organization\",\"@id\":\"https:\/\/mpressprint.com\/#organization\",\"name\":\"Mpress Print inc.\",\"url\":\"https:\/\/mpressprint.com\/\",\"logo\":{\"@type\":\"ImageObject\",\"inLanguage\":\"fr-FR\",\"@id\":\"https:\/\/mpressprint.com\/#\/schema\/logo\/image\/\",\"url\":\"https:\/\/mpressprint.com\/wp-content\/uploads\/2019\/07\/mpress-logo.png\",\"contentUrl\":\"https:\/\/mpressprint.com\/wp-content\/uploads\/2019\/07\/mpress-logo.png\",\"width\":320,\"height\":86,\"caption\":\"Mpress Print inc.\"},\"image\":{\"@id\":\"https:\/\/mpressprint.com\/#\/schema\/logo\/image\/\"}}]}<\/script>\n<!-- \/ Yoast SEO plugin. -->","yoast_head_json":{"title":"Drapeaux &#8211; Mpress Design &amp; Print","description":"Les drapeaux plumes et larmes offrent un moyen unique et attrayant d'attirer l'attention. Ils sont parfaits pour les \u00e9v\u00e9nements, les entreprises publicitaires et les salons professionnels.","robots":{"index":"index","follow":"follow","max-snippet":"max-snippet:-1","max-image-preview":"max-image-preview:large","max-video-preview":"max-video-preview:-1"},"canonical":"https:\/\/mpressprint.com\/fr\/produit\/drapeaux\/","og_locale":"fr_FR","og_type":"article","og_title":"Drapeaux &#8211; Mpress Design &amp; Print","og_description":"Les drapeaux plumes et larmes offrent un moyen unique et attrayant d'attirer l'attention. Ils sont parfaits pour les \u00e9v\u00e9nements, les entreprises publicitaires et les salons professionnels.","og_url":"https:\/\/mpressprint.com\/fr\/produit\/drapeaux\/","og_site_name":"Mpress Design &amp; Print","article_modified_time":"2023-08-21T15:06:18+00:00","og_image":[{"width":600,"height":600,"url":"https:\/\/mpressprint.com\/wp-content\/uploads\/2019\/08\/flags.jpg","type":"image\/jpeg"}],"twitter_card":"summary_large_image","twitter_misc":{"Est. reading time":"1 minute"},"schema":{"@context":"https:\/\/schema.org","@graph":[{"@type":["WebPage","ItemPage"],"@id":"https:\/\/mpressprint.com\/fr\/produit\/drapeaux\/","url":"https:\/\/mpressprint.com\/fr\/produit\/drapeaux\/","name":"Drapeaux &#8211; Mpress Design &amp; Print","isPartOf":{"@id":"https:\/\/mpressprint.com\/#website"},"primaryImageOfPage":{"@id":"https:\/\/mpressprint.com\/fr\/produit\/drapeaux\/#primaryimage"},"image":{"@id":"https:\/\/mpressprint.com\/fr\/produit\/drapeaux\/#primaryimage"},"thumbnailUrl":"https:\/\/mpressprint.com\/wp-content\/uploads\/2025\/04\/custom-flags.jpg","datePublished":"2023-08-10T21:04:00+00:00","dateModified":"2023-08-21T15:06:18+00:00","description":"Les drapeaux plumes et larmes offrent un moyen unique et attrayant d'attirer l'attention. Ils sont parfaits pour les \u00e9v\u00e9nements, les entreprises publicitaires et les salons professionnels.","breadcrumb":{"@id":"https:\/\/mpressprint.com\/fr\/produit\/drapeaux\/#breadcrumb"},"inLanguage":"fr-FR","potentialAction":[{"@type":"ReadAction","target":["https:\/\/mpressprint.com\/fr\/produit\/drapeaux\/"]}]},{"@type":"ImageObject","inLanguage":"fr-FR","@id":"https:\/\/mpressprint.com\/fr\/produit\/drapeaux\/#primaryimage","url":"https:\/\/mpressprint.com\/wp-content\/uploads\/2025\/04\/custom-flags.jpg","contentUrl":"https:\/\/mpressprint.com\/wp-content\/uploads\/2025\/04\/custom-flags.jpg","width":1080,"height":1080},{"@type":"BreadcrumbList","@id":"https:\/\/mpressprint.com\/fr\/produit\/drapeaux\/#breadcrumb","itemListElement":[{"@type":"ListItem","position":1,"name":"Home","item":"https:\/\/mpressprint.com\/fr\/"},{"@type":"ListItem","position":2,"name":"Shop","item":"https:\/\/mpressprint.com\/shop\/"},{"@type":"ListItem","position":3,"name":"Drapeaux"}]},{"@type":"WebSite","@id":"https:\/\/mpressprint.com\/#website","url":"https:\/\/mpressprint.com\/","name":"Mpress Design &amp; Print","description":"Montreal - Pointe-Claire | Digital &amp; Offset printing | Large format | Mpress Design &amp; Print","publisher":{"@id":"https:\/\/mpressprint.com\/#organization"},"potentialAction":[{"@type":"SearchAction","target":{"@type":"EntryPoint","urlTemplate":"https:\/\/mpressprint.com\/?s={search_term_string}"},"query-input":{"@type":"PropertyValueSpecification","valueRequired":true,"valueName":"search_term_string"}}],"inLanguage":"fr-FR"},{"@type":"Organization","@id":"https:\/\/mpressprint.com\/#organization","name":"Mpress Print inc.","url":"https:\/\/mpressprint.com\/","logo":{"@type":"ImageObject","inLanguage":"fr-FR","@id":"https:\/\/mpressprint.com\/#\/schema\/logo\/image\/","url":"https:\/\/mpressprint.com\/wp-content\/uploads\/2019\/07\/mpress-logo.png","contentUrl":"https:\/\/mpressprint.com\/wp-content\/uploads\/2019\/07\/mpress-logo.png","width":320,"height":86,"caption":"Mpress Print inc."},"image":{"@id":"https:\/\/mpressprint.com\/#\/schema\/logo\/image\/"}}]}},"_links":{"self":[{"href":"https:\/\/mpressprint.com\/fr\/wp-json\/wp\/v2\/product\/29819","targetHints":{"allow":["GET"]}}],"collection":[{"href":"https:\/\/mpressprint.com\/fr\/wp-json\/wp\/v2\/product"}],"about":[{"href":"https:\/\/mpressprint.com\/fr\/wp-json\/wp\/v2\/types\/product"}],"wp:featuredmedia":[{"embeddable":true,"href":"https:\/\/mpressprint.com\/fr\/wp-json\/wp\/v2\/media\/30141"}],"wp:attachment":[{"href":"https:\/\/mpressprint.com\/fr\/wp-json\/wp\/v2\/media?parent=29819"}],"wp:term":[{"taxonomy":"product_brand","embeddable":true,"href":"https:\/\/mpressprint.com\/fr\/wp-json\/wp\/v2\/product_brand?post=29819"},{"taxonomy":"product_cat","embeddable":true,"href":"https:\/\/mpressprint.com\/fr\/wp-json\/wp\/v2\/product_cat?post=29819"},{"taxonomy":"product_tag","embeddable":true,"href":"https:\/\/mpressprint.com\/fr\/wp-json\/wp\/v2\/product_tag?post=29819"}],"curies":[{"name":"wp","href":"https:\/\/api.w.org\/{rel}","templated":true}]}}