{"id":29543,"date":"2019-08-20T20:55:11","date_gmt":"2023-08-10T20:53:53","guid":{"rendered":"https:\/\/mpressprint.com\/?post_type=product&#038;p=29543"},"modified":"2024-04-30T12:34:10","modified_gmt":"2024-04-30T17:34:10","slug":"signes-de-coroplaste","status":"publish","type":"product","link":"https:\/\/mpressprint.com\/fr\/produit\/signes-de-coroplaste\/","title":{"rendered":"Signes de coroplaste"},"content":{"rendered":"<p>Parce que les panneaux rigides en coroplast sont r\u00e9sistants \u00e0 l&#8217;eau, ils sont parfaits pour une utilisation en ext\u00e9rieur et peuvent \u00eatre utilis\u00e9s pour promouvoir des candidats politiques, annoncer des agents immobiliers et plus encore. Vous pouvez les planter n&#8217;importe o\u00f9, ce qui permet d&#8217;augmenter tr\u00e8s facilement la visibilit\u00e9. Remarque : Le mat\u00e9riau Coroplast cr\u00e9e une faible texture lin\u00e9aire sur la surface.<\/p>\n<p>Pour d&#8217;autres tailles, veuillez nous envoyer un courriel \u00e0 orders@mpressprint.com.<\/p>\n<p>Si un travail de conception est n\u00e9cessaire, \u00e9crivez-nous \u00e0 design@mpressprint.com pour un devis.<\/p>\n<p>Heure limite : 11 a.m.<br \/>\nD\u00e9lai d&#8217;ex\u00e9cution : 3-5 jours ouvrables.<\/p>\n","protected":false},"excerpt":{"rendered":"<p>Pour obtenir un devis, veuillez contacter <a href=\"mailto:orders@mpressprint.com\">orders@mpressprint.com<\/a><\/p>\n","protected":false},"featured_media":29544,"template":"","meta":[],"product_brand":[],"product_cat":[114],"product_tag":[],"class_list":{"0":"post-29543","1":"product","2":"type-product","3":"status-publish","4":"has-post-thumbnail","6":"product_cat-enseignes-et-bannieres","8":"first","9":"instock","10":"taxable","11":"shipping-taxable","12":"product-type-variable","13":"has-default-attributes"},"yoast_head":"<!-- This site is optimized with the Yoast SEO plugin v27.0 - https:\/\/yoast.com\/product\/yoast-seo-wordpress\/ -->\n<title>Signes de coroplaste &#8211; Mpress Design &amp; Print<\/title>\n<meta name=\"description\" content=\"Parce que les panneaux rigides en coroplast sont r\u00e9sistants \u00e0 l&#039;eau, ils sont parfaits pour une utilisation en ext\u00e9rieur et peuvent \u00eatre utilis\u00e9s pour promouvoir des candidats politiques, annoncer des agents immobiliers et plus encore.\" \/>\n<meta name=\"robots\" content=\"index, follow, max-snippet:-1, max-image-preview:large, max-video-preview:-1\" \/>\n<link rel=\"canonical\" href=\"https:\/\/mpressprint.com\/fr\/produit\/signes-de-coroplaste\/\" \/>\n<meta property=\"og:locale\" content=\"fr_FR\" \/>\n<meta property=\"og:type\" content=\"article\" \/>\n<meta property=\"og:title\" content=\"Signes de coroplaste &#8211; Mpress Design &amp; Print\" \/>\n<meta property=\"og:description\" content=\"Parce que les panneaux rigides en coroplast sont r\u00e9sistants \u00e0 l&#039;eau, ils sont parfaits pour une utilisation en ext\u00e9rieur et peuvent \u00eatre utilis\u00e9s pour promouvoir des candidats politiques, annoncer des agents immobiliers et plus encore.\" \/>\n<meta property=\"og:url\" content=\"https:\/\/mpressprint.com\/fr\/produit\/signes-de-coroplaste\/\" \/>\n<meta property=\"og:site_name\" content=\"Mpress Design &amp; Print\" \/>\n<meta property=\"article:modified_time\" content=\"2024-04-30T17:34:10+00:00\" \/>\n<meta property=\"og:image\" content=\"https:\/\/mpressprint.com\/wp-content\/uploads\/2019\/08\/coroplast-sign.jpg\" \/>\n\t<meta property=\"og:image:width\" content=\"600\" \/>\n\t<meta property=\"og:image:height\" content=\"600\" \/>\n\t<meta property=\"og:image:type\" content=\"image\/jpeg\" \/>\n<meta name=\"twitter:card\" content=\"summary_large_image\" \/>\n<meta name=\"twitter:label1\" content=\"Est. reading time\" \/>\n\t<meta name=\"twitter:data1\" content=\"1 minute\" \/>\n<script type=\"application\/ld+json\" class=\"yoast-schema-graph\">{\"@context\":\"https:\/\/schema.org\",\"@graph\":[{\"@type\":[\"WebPage\",\"ItemPage\"],\"@id\":\"https:\/\/mpressprint.com\/fr\/produit\/signes-de-coroplaste\/\",\"url\":\"https:\/\/mpressprint.com\/fr\/produit\/signes-de-coroplaste\/\",\"name\":\"Signes de coroplaste &#8211; Mpress Design &amp; Print\",\"isPartOf\":{\"@id\":\"https:\/\/mpressprint.com\/#website\"},\"primaryImageOfPage\":{\"@id\":\"https:\/\/mpressprint.com\/fr\/produit\/signes-de-coroplaste\/#primaryimage\"},\"image\":{\"@id\":\"https:\/\/mpressprint.com\/fr\/produit\/signes-de-coroplaste\/#primaryimage\"},\"thumbnailUrl\":\"https:\/\/mpressprint.com\/wp-content\/uploads\/2019\/08\/coroplast-sign.jpg\",\"datePublished\":\"2023-08-10T20:53:53+00:00\",\"dateModified\":\"2024-04-30T17:34:10+00:00\",\"description\":\"Parce que les panneaux rigides en coroplast sont r\u00e9sistants \u00e0 l'eau, ils sont parfaits pour une utilisation en ext\u00e9rieur et peuvent \u00eatre utilis\u00e9s pour promouvoir des candidats politiques, annoncer des agents immobiliers et plus encore.\",\"breadcrumb\":{\"@id\":\"https:\/\/mpressprint.com\/fr\/produit\/signes-de-coroplaste\/#breadcrumb\"},\"inLanguage\":\"fr-FR\",\"potentialAction\":[{\"@type\":\"ReadAction\",\"target\":[\"https:\/\/mpressprint.com\/fr\/produit\/signes-de-coroplaste\/\"]}]},{\"@type\":\"ImageObject\",\"inLanguage\":\"fr-FR\",\"@id\":\"https:\/\/mpressprint.com\/fr\/produit\/signes-de-coroplaste\/#primaryimage\",\"url\":\"https:\/\/mpressprint.com\/wp-content\/uploads\/2019\/08\/coroplast-sign.jpg\",\"contentUrl\":\"https:\/\/mpressprint.com\/wp-content\/uploads\/2019\/08\/coroplast-sign.jpg\",\"width\":600,\"height\":600,\"caption\":\"Coroplast sign\"},{\"@type\":\"BreadcrumbList\",\"@id\":\"https:\/\/mpressprint.com\/fr\/produit\/signes-de-coroplaste\/#breadcrumb\",\"itemListElement\":[{\"@type\":\"ListItem\",\"position\":1,\"name\":\"Home\",\"item\":\"https:\/\/mpressprint.com\/fr\/\"},{\"@type\":\"ListItem\",\"position\":2,\"name\":\"Shop\",\"item\":\"https:\/\/mpressprint.com\/shop\/\"},{\"@type\":\"ListItem\",\"position\":3,\"name\":\"Signes de coroplaste\"}]},{\"@type\":\"WebSite\",\"@id\":\"https:\/\/mpressprint.com\/#website\",\"url\":\"https:\/\/mpressprint.com\/\",\"name\":\"Mpress Design &amp; Print\",\"description\":\"Montreal - Pointe-Claire | Digital &amp; Offset printing | Large format | Mpress Design &amp; Print\",\"publisher\":{\"@id\":\"https:\/\/mpressprint.com\/#organization\"},\"potentialAction\":[{\"@type\":\"SearchAction\",\"target\":{\"@type\":\"EntryPoint\",\"urlTemplate\":\"https:\/\/mpressprint.com\/?s={search_term_string}\"},\"query-input\":{\"@type\":\"PropertyValueSpecification\",\"valueRequired\":true,\"valueName\":\"search_term_string\"}}],\"inLanguage\":\"fr-FR\"},{\"@type\":\"Organization\",\"@id\":\"https:\/\/mpressprint.com\/#organization\",\"name\":\"Mpress Print inc.\",\"url\":\"https:\/\/mpressprint.com\/\",\"logo\":{\"@type\":\"ImageObject\",\"inLanguage\":\"fr-FR\",\"@id\":\"https:\/\/mpressprint.com\/#\/schema\/logo\/image\/\",\"url\":\"https:\/\/mpressprint.com\/wp-content\/uploads\/2019\/07\/mpress-logo.png\",\"contentUrl\":\"https:\/\/mpressprint.com\/wp-content\/uploads\/2019\/07\/mpress-logo.png\",\"width\":320,\"height\":86,\"caption\":\"Mpress Print inc.\"},\"image\":{\"@id\":\"https:\/\/mpressprint.com\/#\/schema\/logo\/image\/\"}}]}<\/script>\n<!-- \/ Yoast SEO plugin. -->","yoast_head_json":{"title":"Signes de coroplaste &#8211; Mpress Design &amp; Print","description":"Parce que les panneaux rigides en coroplast sont r\u00e9sistants \u00e0 l'eau, ils sont parfaits pour une utilisation en ext\u00e9rieur et peuvent \u00eatre utilis\u00e9s pour promouvoir des candidats politiques, annoncer des agents immobiliers et plus encore.","robots":{"index":"index","follow":"follow","max-snippet":"max-snippet:-1","max-image-preview":"max-image-preview:large","max-video-preview":"max-video-preview:-1"},"canonical":"https:\/\/mpressprint.com\/fr\/produit\/signes-de-coroplaste\/","og_locale":"fr_FR","og_type":"article","og_title":"Signes de coroplaste &#8211; Mpress Design &amp; Print","og_description":"Parce que les panneaux rigides en coroplast sont r\u00e9sistants \u00e0 l'eau, ils sont parfaits pour une utilisation en ext\u00e9rieur et peuvent \u00eatre utilis\u00e9s pour promouvoir des candidats politiques, annoncer des agents immobiliers et plus encore.","og_url":"https:\/\/mpressprint.com\/fr\/produit\/signes-de-coroplaste\/","og_site_name":"Mpress Design &amp; Print","article_modified_time":"2024-04-30T17:34:10+00:00","og_image":[{"width":600,"height":600,"url":"https:\/\/mpressprint.com\/wp-content\/uploads\/2019\/08\/coroplast-sign.jpg","type":"image\/jpeg"}],"twitter_card":"summary_large_image","twitter_misc":{"Est. reading time":"1 minute"},"schema":{"@context":"https:\/\/schema.org","@graph":[{"@type":["WebPage","ItemPage"],"@id":"https:\/\/mpressprint.com\/fr\/produit\/signes-de-coroplaste\/","url":"https:\/\/mpressprint.com\/fr\/produit\/signes-de-coroplaste\/","name":"Signes de coroplaste &#8211; Mpress Design &amp; Print","isPartOf":{"@id":"https:\/\/mpressprint.com\/#website"},"primaryImageOfPage":{"@id":"https:\/\/mpressprint.com\/fr\/produit\/signes-de-coroplaste\/#primaryimage"},"image":{"@id":"https:\/\/mpressprint.com\/fr\/produit\/signes-de-coroplaste\/#primaryimage"},"thumbnailUrl":"https:\/\/mpressprint.com\/wp-content\/uploads\/2019\/08\/coroplast-sign.jpg","datePublished":"2023-08-10T20:53:53+00:00","dateModified":"2024-04-30T17:34:10+00:00","description":"Parce que les panneaux rigides en coroplast sont r\u00e9sistants \u00e0 l'eau, ils sont parfaits pour une utilisation en ext\u00e9rieur et peuvent \u00eatre utilis\u00e9s pour promouvoir des candidats politiques, annoncer des agents immobiliers et plus encore.","breadcrumb":{"@id":"https:\/\/mpressprint.com\/fr\/produit\/signes-de-coroplaste\/#breadcrumb"},"inLanguage":"fr-FR","potentialAction":[{"@type":"ReadAction","target":["https:\/\/mpressprint.com\/fr\/produit\/signes-de-coroplaste\/"]}]},{"@type":"ImageObject","inLanguage":"fr-FR","@id":"https:\/\/mpressprint.com\/fr\/produit\/signes-de-coroplaste\/#primaryimage","url":"https:\/\/mpressprint.com\/wp-content\/uploads\/2019\/08\/coroplast-sign.jpg","contentUrl":"https:\/\/mpressprint.com\/wp-content\/uploads\/2019\/08\/coroplast-sign.jpg","width":600,"height":600,"caption":"Coroplast sign"},{"@type":"BreadcrumbList","@id":"https:\/\/mpressprint.com\/fr\/produit\/signes-de-coroplaste\/#breadcrumb","itemListElement":[{"@type":"ListItem","position":1,"name":"Home","item":"https:\/\/mpressprint.com\/fr\/"},{"@type":"ListItem","position":2,"name":"Shop","item":"https:\/\/mpressprint.com\/shop\/"},{"@type":"ListItem","position":3,"name":"Signes de coroplaste"}]},{"@type":"WebSite","@id":"https:\/\/mpressprint.com\/#website","url":"https:\/\/mpressprint.com\/","name":"Mpress Design &amp; Print","description":"Montreal - Pointe-Claire | Digital &amp; Offset printing | Large format | Mpress Design &amp; Print","publisher":{"@id":"https:\/\/mpressprint.com\/#organization"},"potentialAction":[{"@type":"SearchAction","target":{"@type":"EntryPoint","urlTemplate":"https:\/\/mpressprint.com\/?s={search_term_string}"},"query-input":{"@type":"PropertyValueSpecification","valueRequired":true,"valueName":"search_term_string"}}],"inLanguage":"fr-FR"},{"@type":"Organization","@id":"https:\/\/mpressprint.com\/#organization","name":"Mpress Print inc.","url":"https:\/\/mpressprint.com\/","logo":{"@type":"ImageObject","inLanguage":"fr-FR","@id":"https:\/\/mpressprint.com\/#\/schema\/logo\/image\/","url":"https:\/\/mpressprint.com\/wp-content\/uploads\/2019\/07\/mpress-logo.png","contentUrl":"https:\/\/mpressprint.com\/wp-content\/uploads\/2019\/07\/mpress-logo.png","width":320,"height":86,"caption":"Mpress Print inc."},"image":{"@id":"https:\/\/mpressprint.com\/#\/schema\/logo\/image\/"}}]}},"_links":{"self":[{"href":"https:\/\/mpressprint.com\/fr\/wp-json\/wp\/v2\/product\/29543","targetHints":{"allow":["GET"]}}],"collection":[{"href":"https:\/\/mpressprint.com\/fr\/wp-json\/wp\/v2\/product"}],"about":[{"href":"https:\/\/mpressprint.com\/fr\/wp-json\/wp\/v2\/types\/product"}],"wp:featuredmedia":[{"embeddable":true,"href":"https:\/\/mpressprint.com\/fr\/wp-json\/wp\/v2\/media\/29544"}],"wp:attachment":[{"href":"https:\/\/mpressprint.com\/fr\/wp-json\/wp\/v2\/media?parent=29543"}],"wp:term":[{"taxonomy":"product_brand","embeddable":true,"href":"https:\/\/mpressprint.com\/fr\/wp-json\/wp\/v2\/product_brand?post=29543"},{"taxonomy":"product_cat","embeddable":true,"href":"https:\/\/mpressprint.com\/fr\/wp-json\/wp\/v2\/product_cat?post=29543"},{"taxonomy":"product_tag","embeddable":true,"href":"https:\/\/mpressprint.com\/fr\/wp-json\/wp\/v2\/product_tag?post=29543"}],"curies":[{"name":"wp","href":"https:\/\/api.w.org\/{rel}","templated":true}]}}