{"id":29523,"date":"2019-08-20T20:42:04","date_gmt":"2023-08-09T22:45:20","guid":{"rendered":"https:\/\/mpressprint.com\/?post_type=product&#038;p=29523"},"modified":"2024-04-30T12:43:01","modified_gmt":"2024-04-30T17:43:01","slug":"banniere-deroulable","status":"publish","type":"product","link":"https:\/\/mpressprint.com\/fr\/produit\/banniere-deroulable\/","title":{"rendered":"Banni\u00e8re d\u00e9roulable"},"content":{"rendered":"<p>Les Roll Up Banners sont les banni\u00e8res les plus vendues pour les salons et \u00e9v\u00e9nements. Con\u00e7u pour s&#8217;int\u00e9grer dans<br \/>\n\u00e9tuis de transport inclus pour un transport et une installation faciles. Porte-banni\u00e8res r\u00e9tractables en aluminium<br \/>\nsont disponibles avec des banni\u00e8res int\u00e9rieures en vinyle de qualit\u00e9 sup\u00e9rieure de 10 mil.<\/p>\n<p class=\"p1\"><span class=\"s1\">Si un travail de conception est requis, veuillez nous envoyer un courriel \u00e0 <a href=\"mailto:design@mpressprint.com\"><span class=\"s2\">design@mpressprint.com<\/span><\/a> pour obtenir un devis.<\/span><\/p>\n<p class=\"p1\">Heure limite : 11 a.m.<br \/>\nD\u00e9lai d&#8217;ex\u00e9cution : 4-6 jours ouvrables.<\/p>\n","protected":false},"excerpt":{"rendered":"<p>Pour obtenir un devis, veuillez contacter\u00a0<a href=\"mailto:orders@mpressprint.com\">orders@mpressprint.com<\/a><\/p>\n","protected":false},"featured_media":24505,"template":"","meta":[],"product_brand":[],"product_cat":[114],"product_tag":[],"class_list":{"0":"post-29523","1":"product","2":"type-product","3":"status-publish","4":"has-post-thumbnail","6":"product_cat-enseignes-et-bannieres","8":"first","9":"instock","10":"taxable","11":"shipping-taxable","12":"product-type-variable","13":"has-default-attributes"},"yoast_head":"<!-- This site is optimized with the Yoast SEO plugin v27.0 - https:\/\/yoast.com\/product\/yoast-seo-wordpress\/ -->\n<title>Banni\u00e8re d\u00e9roulable &#8211; Mpress Design &amp; Print<\/title>\n<meta name=\"description\" content=\"Les Roll Up Banners sont les banni\u00e8res les plus vendues pour les salons et \u00e9v\u00e9nements. Con\u00e7u pour tenir dans les \u00e9tuis de transport inclus pour un transport et une installation faciles.\" \/>\n<meta name=\"robots\" content=\"index, follow, max-snippet:-1, max-image-preview:large, max-video-preview:-1\" \/>\n<link rel=\"canonical\" href=\"https:\/\/mpressprint.com\/fr\/produit\/banniere-deroulable\/\" \/>\n<meta property=\"og:locale\" content=\"fr_FR\" \/>\n<meta property=\"og:type\" content=\"article\" \/>\n<meta property=\"og:title\" content=\"Banni\u00e8re d\u00e9roulable &#8211; Mpress Design &amp; Print\" \/>\n<meta property=\"og:description\" content=\"Les Roll Up Banners sont les banni\u00e8res les plus vendues pour les salons et \u00e9v\u00e9nements. Con\u00e7u pour tenir dans les \u00e9tuis de transport inclus pour un transport et une installation faciles.\" \/>\n<meta property=\"og:url\" content=\"https:\/\/mpressprint.com\/fr\/produit\/banniere-deroulable\/\" \/>\n<meta property=\"og:site_name\" content=\"Mpress Design &amp; Print\" \/>\n<meta property=\"article:modified_time\" content=\"2024-04-30T17:43:01+00:00\" \/>\n<meta property=\"og:image\" content=\"https:\/\/mpressprint.com\/wp-content\/uploads\/2019\/08\/roll-up-1.jpg\" \/>\n\t<meta property=\"og:image:width\" content=\"600\" \/>\n\t<meta property=\"og:image:height\" content=\"600\" \/>\n\t<meta property=\"og:image:type\" content=\"image\/jpeg\" \/>\n<meta name=\"twitter:card\" content=\"summary_large_image\" \/>\n<meta name=\"twitter:label1\" content=\"Est. reading time\" \/>\n\t<meta name=\"twitter:data1\" content=\"1 minute\" \/>\n<script type=\"application\/ld+json\" class=\"yoast-schema-graph\">{\"@context\":\"https:\/\/schema.org\",\"@graph\":[{\"@type\":[\"WebPage\",\"ItemPage\"],\"@id\":\"https:\/\/mpressprint.com\/fr\/produit\/banniere-deroulable\/\",\"url\":\"https:\/\/mpressprint.com\/fr\/produit\/banniere-deroulable\/\",\"name\":\"Banni\u00e8re d\u00e9roulable &#8211; Mpress Design &amp; Print\",\"isPartOf\":{\"@id\":\"https:\/\/mpressprint.com\/#website\"},\"primaryImageOfPage\":{\"@id\":\"https:\/\/mpressprint.com\/fr\/produit\/banniere-deroulable\/#primaryimage\"},\"image\":{\"@id\":\"https:\/\/mpressprint.com\/fr\/produit\/banniere-deroulable\/#primaryimage\"},\"thumbnailUrl\":\"https:\/\/mpressprint.com\/wp-content\/uploads\/2019\/08\/roll-up-1.jpg\",\"datePublished\":\"2023-08-09T22:45:20+00:00\",\"dateModified\":\"2024-04-30T17:43:01+00:00\",\"description\":\"Les Roll Up Banners sont les banni\u00e8res les plus vendues pour les salons et \u00e9v\u00e9nements. Con\u00e7u pour tenir dans les \u00e9tuis de transport inclus pour un transport et une installation faciles.\",\"breadcrumb\":{\"@id\":\"https:\/\/mpressprint.com\/fr\/produit\/banniere-deroulable\/#breadcrumb\"},\"inLanguage\":\"fr-FR\",\"potentialAction\":[{\"@type\":\"ReadAction\",\"target\":[\"https:\/\/mpressprint.com\/fr\/produit\/banniere-deroulable\/\"]}]},{\"@type\":\"ImageObject\",\"inLanguage\":\"fr-FR\",\"@id\":\"https:\/\/mpressprint.com\/fr\/produit\/banniere-deroulable\/#primaryimage\",\"url\":\"https:\/\/mpressprint.com\/wp-content\/uploads\/2019\/08\/roll-up-1.jpg\",\"contentUrl\":\"https:\/\/mpressprint.com\/wp-content\/uploads\/2019\/08\/roll-up-1.jpg\",\"width\":600,\"height\":600,\"caption\":\"roll up\"},{\"@type\":\"BreadcrumbList\",\"@id\":\"https:\/\/mpressprint.com\/fr\/produit\/banniere-deroulable\/#breadcrumb\",\"itemListElement\":[{\"@type\":\"ListItem\",\"position\":1,\"name\":\"Home\",\"item\":\"https:\/\/mpressprint.com\/fr\/\"},{\"@type\":\"ListItem\",\"position\":2,\"name\":\"Shop\",\"item\":\"https:\/\/mpressprint.com\/shop\/\"},{\"@type\":\"ListItem\",\"position\":3,\"name\":\"Banni\u00e8re d\u00e9roulable\"}]},{\"@type\":\"WebSite\",\"@id\":\"https:\/\/mpressprint.com\/#website\",\"url\":\"https:\/\/mpressprint.com\/\",\"name\":\"Mpress Design &amp; Print\",\"description\":\"Montreal - Pointe-Claire | Digital &amp; Offset printing | Large format | Mpress Design &amp; Print\",\"publisher\":{\"@id\":\"https:\/\/mpressprint.com\/#organization\"},\"potentialAction\":[{\"@type\":\"SearchAction\",\"target\":{\"@type\":\"EntryPoint\",\"urlTemplate\":\"https:\/\/mpressprint.com\/?s={search_term_string}\"},\"query-input\":{\"@type\":\"PropertyValueSpecification\",\"valueRequired\":true,\"valueName\":\"search_term_string\"}}],\"inLanguage\":\"fr-FR\"},{\"@type\":\"Organization\",\"@id\":\"https:\/\/mpressprint.com\/#organization\",\"name\":\"Mpress Print inc.\",\"url\":\"https:\/\/mpressprint.com\/\",\"logo\":{\"@type\":\"ImageObject\",\"inLanguage\":\"fr-FR\",\"@id\":\"https:\/\/mpressprint.com\/#\/schema\/logo\/image\/\",\"url\":\"https:\/\/mpressprint.com\/wp-content\/uploads\/2019\/07\/mpress-logo.png\",\"contentUrl\":\"https:\/\/mpressprint.com\/wp-content\/uploads\/2019\/07\/mpress-logo.png\",\"width\":320,\"height\":86,\"caption\":\"Mpress Print inc.\"},\"image\":{\"@id\":\"https:\/\/mpressprint.com\/#\/schema\/logo\/image\/\"}}]}<\/script>\n<!-- \/ Yoast SEO plugin. -->","yoast_head_json":{"title":"Banni\u00e8re d\u00e9roulable &#8211; Mpress Design &amp; Print","description":"Les Roll Up Banners sont les banni\u00e8res les plus vendues pour les salons et \u00e9v\u00e9nements. Con\u00e7u pour tenir dans les \u00e9tuis de transport inclus pour un transport et une installation faciles.","robots":{"index":"index","follow":"follow","max-snippet":"max-snippet:-1","max-image-preview":"max-image-preview:large","max-video-preview":"max-video-preview:-1"},"canonical":"https:\/\/mpressprint.com\/fr\/produit\/banniere-deroulable\/","og_locale":"fr_FR","og_type":"article","og_title":"Banni\u00e8re d\u00e9roulable &#8211; Mpress Design &amp; Print","og_description":"Les Roll Up Banners sont les banni\u00e8res les plus vendues pour les salons et \u00e9v\u00e9nements. Con\u00e7u pour tenir dans les \u00e9tuis de transport inclus pour un transport et une installation faciles.","og_url":"https:\/\/mpressprint.com\/fr\/produit\/banniere-deroulable\/","og_site_name":"Mpress Design &amp; Print","article_modified_time":"2024-04-30T17:43:01+00:00","og_image":[{"width":600,"height":600,"url":"https:\/\/mpressprint.com\/wp-content\/uploads\/2019\/08\/roll-up-1.jpg","type":"image\/jpeg"}],"twitter_card":"summary_large_image","twitter_misc":{"Est. reading time":"1 minute"},"schema":{"@context":"https:\/\/schema.org","@graph":[{"@type":["WebPage","ItemPage"],"@id":"https:\/\/mpressprint.com\/fr\/produit\/banniere-deroulable\/","url":"https:\/\/mpressprint.com\/fr\/produit\/banniere-deroulable\/","name":"Banni\u00e8re d\u00e9roulable &#8211; Mpress Design &amp; Print","isPartOf":{"@id":"https:\/\/mpressprint.com\/#website"},"primaryImageOfPage":{"@id":"https:\/\/mpressprint.com\/fr\/produit\/banniere-deroulable\/#primaryimage"},"image":{"@id":"https:\/\/mpressprint.com\/fr\/produit\/banniere-deroulable\/#primaryimage"},"thumbnailUrl":"https:\/\/mpressprint.com\/wp-content\/uploads\/2019\/08\/roll-up-1.jpg","datePublished":"2023-08-09T22:45:20+00:00","dateModified":"2024-04-30T17:43:01+00:00","description":"Les Roll Up Banners sont les banni\u00e8res les plus vendues pour les salons et \u00e9v\u00e9nements. Con\u00e7u pour tenir dans les \u00e9tuis de transport inclus pour un transport et une installation faciles.","breadcrumb":{"@id":"https:\/\/mpressprint.com\/fr\/produit\/banniere-deroulable\/#breadcrumb"},"inLanguage":"fr-FR","potentialAction":[{"@type":"ReadAction","target":["https:\/\/mpressprint.com\/fr\/produit\/banniere-deroulable\/"]}]},{"@type":"ImageObject","inLanguage":"fr-FR","@id":"https:\/\/mpressprint.com\/fr\/produit\/banniere-deroulable\/#primaryimage","url":"https:\/\/mpressprint.com\/wp-content\/uploads\/2019\/08\/roll-up-1.jpg","contentUrl":"https:\/\/mpressprint.com\/wp-content\/uploads\/2019\/08\/roll-up-1.jpg","width":600,"height":600,"caption":"roll up"},{"@type":"BreadcrumbList","@id":"https:\/\/mpressprint.com\/fr\/produit\/banniere-deroulable\/#breadcrumb","itemListElement":[{"@type":"ListItem","position":1,"name":"Home","item":"https:\/\/mpressprint.com\/fr\/"},{"@type":"ListItem","position":2,"name":"Shop","item":"https:\/\/mpressprint.com\/shop\/"},{"@type":"ListItem","position":3,"name":"Banni\u00e8re d\u00e9roulable"}]},{"@type":"WebSite","@id":"https:\/\/mpressprint.com\/#website","url":"https:\/\/mpressprint.com\/","name":"Mpress Design &amp; Print","description":"Montreal - Pointe-Claire | Digital &amp; Offset printing | Large format | Mpress Design &amp; Print","publisher":{"@id":"https:\/\/mpressprint.com\/#organization"},"potentialAction":[{"@type":"SearchAction","target":{"@type":"EntryPoint","urlTemplate":"https:\/\/mpressprint.com\/?s={search_term_string}"},"query-input":{"@type":"PropertyValueSpecification","valueRequired":true,"valueName":"search_term_string"}}],"inLanguage":"fr-FR"},{"@type":"Organization","@id":"https:\/\/mpressprint.com\/#organization","name":"Mpress Print inc.","url":"https:\/\/mpressprint.com\/","logo":{"@type":"ImageObject","inLanguage":"fr-FR","@id":"https:\/\/mpressprint.com\/#\/schema\/logo\/image\/","url":"https:\/\/mpressprint.com\/wp-content\/uploads\/2019\/07\/mpress-logo.png","contentUrl":"https:\/\/mpressprint.com\/wp-content\/uploads\/2019\/07\/mpress-logo.png","width":320,"height":86,"caption":"Mpress Print inc."},"image":{"@id":"https:\/\/mpressprint.com\/#\/schema\/logo\/image\/"}}]}},"_links":{"self":[{"href":"https:\/\/mpressprint.com\/fr\/wp-json\/wp\/v2\/product\/29523","targetHints":{"allow":["GET"]}}],"collection":[{"href":"https:\/\/mpressprint.com\/fr\/wp-json\/wp\/v2\/product"}],"about":[{"href":"https:\/\/mpressprint.com\/fr\/wp-json\/wp\/v2\/types\/product"}],"wp:featuredmedia":[{"embeddable":true,"href":"https:\/\/mpressprint.com\/fr\/wp-json\/wp\/v2\/media\/24505"}],"wp:attachment":[{"href":"https:\/\/mpressprint.com\/fr\/wp-json\/wp\/v2\/media?parent=29523"}],"wp:term":[{"taxonomy":"product_brand","embeddable":true,"href":"https:\/\/mpressprint.com\/fr\/wp-json\/wp\/v2\/product_brand?post=29523"},{"taxonomy":"product_cat","embeddable":true,"href":"https:\/\/mpressprint.com\/fr\/wp-json\/wp\/v2\/product_cat?post=29523"},{"taxonomy":"product_tag","embeddable":true,"href":"https:\/\/mpressprint.com\/fr\/wp-json\/wp\/v2\/product_tag?post=29523"}],"curies":[{"name":"wp","href":"https:\/\/api.w.org\/{rel}","templated":true}]}}