{"id":29508,"date":"2019-08-20T17:54:16","date_gmt":"2023-08-09T21:59:04","guid":{"rendered":"https:\/\/mpressprint.com\/?post_type=product&#038;p=29508"},"modified":"2024-04-30T12:58:01","modified_gmt":"2024-04-30T17:58:01","slug":"en-tete-de-lettre","status":"publish","type":"product","link":"https:\/\/mpressprint.com\/fr\/produit\/en-tete-de-lettre\/","title":{"rendered":"En-t\u00eate de lettre"},"content":{"rendered":"<p>L&#8217;image de marque de l&#8217;entreprise n&#8217;est pas compl\u00e8te sans un papier \u00e0 en-t\u00eate professionnel. Qu&#8217;il s&#8217;agisse d&#8217;envoyer une lettre en interne ou \u00e0 des clients, un papier \u00e0 en-t\u00eate con\u00e7u par des professionnels avec votre logo donne la bonne impression et rend tout officiel. Compl\u00e9tez votre forfait professionnel avec notre papier \u00e0 en-t\u00eate non couch\u00e9 de qualit\u00e9 sup\u00e9rieure de 70 lb. Ceux-ci peuvent \u00eatre personnalis\u00e9s merci<br \/>\ndes lettres ou des notes personnalis\u00e9es portant le nom de votre entreprise.<\/p>\n<p class=\"p1\"><span class=\"s1\">Si un travail de conception est requis, veuillez nous envoyer un courriel \u00e0 <a href=\"mailto:design@mpressprint.com\"><span class=\"s2\">design@mpressprint.com<\/span><\/a> pour obtenir un devis.<\/span><\/p>\n<p class=\"p3\"><span class=\"s1\">Heure limite : 11 a.m.<br \/>\n<\/span><span class=\"s1\">D\u00e9lai d&#8217;ex\u00e9cution : 3-5 jours ouvrables.<br \/>\n<\/span><\/p>\n<p>&nbsp;<\/p>\n","protected":false},"excerpt":{"rendered":"<p>Pour obtenir un devis, veuillez contacter\u00a0<a href=\"mailto:orders@mpressprint.com\">orders@mpressprint.com<\/a><\/p>\n","protected":false},"featured_media":27262,"template":"","meta":[],"product_brand":[],"product_cat":[112],"product_tag":[],"class_list":{"0":"post-29508","1":"product","2":"type-product","3":"status-publish","4":"has-post-thumbnail","6":"product_cat-materiel-promotionnel","8":"first","9":"instock","10":"taxable","11":"shipping-taxable","12":"product-type-variable","13":"has-default-attributes"},"yoast_head":"<!-- This site is optimized with the Yoast SEO plugin v27.0 - https:\/\/yoast.com\/product\/yoast-seo-wordpress\/ -->\n<title>En-t\u00eate de lettre &#8211; Mpress Design &amp; Print<\/title>\n<meta name=\"description\" content=\"Qu&#039;il s&#039;agisse d&#039;envoyer une lettre en interne ou \u00e0 des clients, un papier \u00e0 en-t\u00eate con\u00e7u par des professionnels avec votre logo donne la bonne impression et rend tout officiel.\" \/>\n<meta name=\"robots\" content=\"index, follow, max-snippet:-1, max-image-preview:large, max-video-preview:-1\" \/>\n<link rel=\"canonical\" href=\"https:\/\/mpressprint.com\/fr\/produit\/en-tete-de-lettre\/\" \/>\n<meta property=\"og:locale\" content=\"fr_FR\" \/>\n<meta property=\"og:type\" content=\"article\" \/>\n<meta property=\"og:title\" content=\"En-t\u00eate de lettre &#8211; Mpress Design &amp; Print\" \/>\n<meta property=\"og:description\" content=\"Qu&#039;il s&#039;agisse d&#039;envoyer une lettre en interne ou \u00e0 des clients, un papier \u00e0 en-t\u00eate con\u00e7u par des professionnels avec votre logo donne la bonne impression et rend tout officiel.\" \/>\n<meta property=\"og:url\" content=\"https:\/\/mpressprint.com\/fr\/produit\/en-tete-de-lettre\/\" \/>\n<meta property=\"og:site_name\" content=\"Mpress Design &amp; Print\" \/>\n<meta property=\"article:modified_time\" content=\"2024-04-30T17:58:01+00:00\" \/>\n<meta property=\"og:image\" content=\"https:\/\/mpressprint.com\/wp-content\/uploads\/2019\/08\/letterhead-1.jpg\" \/>\n\t<meta property=\"og:image:width\" content=\"600\" \/>\n\t<meta property=\"og:image:height\" content=\"600\" \/>\n\t<meta property=\"og:image:type\" content=\"image\/jpeg\" \/>\n<meta name=\"twitter:card\" content=\"summary_large_image\" \/>\n<meta name=\"twitter:label1\" content=\"Est. reading time\" \/>\n\t<meta name=\"twitter:data1\" content=\"1 minute\" \/>\n<script type=\"application\/ld+json\" class=\"yoast-schema-graph\">{\"@context\":\"https:\/\/schema.org\",\"@graph\":[{\"@type\":[\"WebPage\",\"ItemPage\"],\"@id\":\"https:\/\/mpressprint.com\/fr\/produit\/en-tete-de-lettre\/\",\"url\":\"https:\/\/mpressprint.com\/fr\/produit\/en-tete-de-lettre\/\",\"name\":\"En-t\u00eate de lettre &#8211; Mpress Design &amp; Print\",\"isPartOf\":{\"@id\":\"https:\/\/mpressprint.com\/#website\"},\"primaryImageOfPage\":{\"@id\":\"https:\/\/mpressprint.com\/fr\/produit\/en-tete-de-lettre\/#primaryimage\"},\"image\":{\"@id\":\"https:\/\/mpressprint.com\/fr\/produit\/en-tete-de-lettre\/#primaryimage\"},\"thumbnailUrl\":\"https:\/\/mpressprint.com\/wp-content\/uploads\/2019\/08\/letterhead-1.jpg\",\"datePublished\":\"2023-08-09T21:59:04+00:00\",\"dateModified\":\"2024-04-30T17:58:01+00:00\",\"description\":\"Qu'il s'agisse d'envoyer une lettre en interne ou \u00e0 des clients, un papier \u00e0 en-t\u00eate con\u00e7u par des professionnels avec votre logo donne la bonne impression et rend tout officiel.\",\"breadcrumb\":{\"@id\":\"https:\/\/mpressprint.com\/fr\/produit\/en-tete-de-lettre\/#breadcrumb\"},\"inLanguage\":\"fr-FR\",\"potentialAction\":[{\"@type\":\"ReadAction\",\"target\":[\"https:\/\/mpressprint.com\/fr\/produit\/en-tete-de-lettre\/\"]}]},{\"@type\":\"ImageObject\",\"inLanguage\":\"fr-FR\",\"@id\":\"https:\/\/mpressprint.com\/fr\/produit\/en-tete-de-lettre\/#primaryimage\",\"url\":\"https:\/\/mpressprint.com\/wp-content\/uploads\/2019\/08\/letterhead-1.jpg\",\"contentUrl\":\"https:\/\/mpressprint.com\/wp-content\/uploads\/2019\/08\/letterhead-1.jpg\",\"width\":600,\"height\":600,\"caption\":\"letterhead\"},{\"@type\":\"BreadcrumbList\",\"@id\":\"https:\/\/mpressprint.com\/fr\/produit\/en-tete-de-lettre\/#breadcrumb\",\"itemListElement\":[{\"@type\":\"ListItem\",\"position\":1,\"name\":\"Home\",\"item\":\"https:\/\/mpressprint.com\/fr\/\"},{\"@type\":\"ListItem\",\"position\":2,\"name\":\"Shop\",\"item\":\"https:\/\/mpressprint.com\/shop\/\"},{\"@type\":\"ListItem\",\"position\":3,\"name\":\"En-t\u00eate de lettre\"}]},{\"@type\":\"WebSite\",\"@id\":\"https:\/\/mpressprint.com\/#website\",\"url\":\"https:\/\/mpressprint.com\/\",\"name\":\"Mpress Design &amp; Print\",\"description\":\"Montreal - Pointe-Claire | Digital &amp; Offset printing | Large format | Mpress Design &amp; Print\",\"publisher\":{\"@id\":\"https:\/\/mpressprint.com\/#organization\"},\"potentialAction\":[{\"@type\":\"SearchAction\",\"target\":{\"@type\":\"EntryPoint\",\"urlTemplate\":\"https:\/\/mpressprint.com\/?s={search_term_string}\"},\"query-input\":{\"@type\":\"PropertyValueSpecification\",\"valueRequired\":true,\"valueName\":\"search_term_string\"}}],\"inLanguage\":\"fr-FR\"},{\"@type\":\"Organization\",\"@id\":\"https:\/\/mpressprint.com\/#organization\",\"name\":\"Mpress Print inc.\",\"url\":\"https:\/\/mpressprint.com\/\",\"logo\":{\"@type\":\"ImageObject\",\"inLanguage\":\"fr-FR\",\"@id\":\"https:\/\/mpressprint.com\/#\/schema\/logo\/image\/\",\"url\":\"https:\/\/mpressprint.com\/wp-content\/uploads\/2019\/07\/mpress-logo.png\",\"contentUrl\":\"https:\/\/mpressprint.com\/wp-content\/uploads\/2019\/07\/mpress-logo.png\",\"width\":320,\"height\":86,\"caption\":\"Mpress Print inc.\"},\"image\":{\"@id\":\"https:\/\/mpressprint.com\/#\/schema\/logo\/image\/\"}}]}<\/script>\n<!-- \/ Yoast SEO plugin. -->","yoast_head_json":{"title":"En-t\u00eate de lettre &#8211; Mpress Design &amp; Print","description":"Qu'il s'agisse d'envoyer une lettre en interne ou \u00e0 des clients, un papier \u00e0 en-t\u00eate con\u00e7u par des professionnels avec votre logo donne la bonne impression et rend tout officiel.","robots":{"index":"index","follow":"follow","max-snippet":"max-snippet:-1","max-image-preview":"max-image-preview:large","max-video-preview":"max-video-preview:-1"},"canonical":"https:\/\/mpressprint.com\/fr\/produit\/en-tete-de-lettre\/","og_locale":"fr_FR","og_type":"article","og_title":"En-t\u00eate de lettre &#8211; Mpress Design &amp; Print","og_description":"Qu'il s'agisse d'envoyer une lettre en interne ou \u00e0 des clients, un papier \u00e0 en-t\u00eate con\u00e7u par des professionnels avec votre logo donne la bonne impression et rend tout officiel.","og_url":"https:\/\/mpressprint.com\/fr\/produit\/en-tete-de-lettre\/","og_site_name":"Mpress Design &amp; Print","article_modified_time":"2024-04-30T17:58:01+00:00","og_image":[{"width":600,"height":600,"url":"https:\/\/mpressprint.com\/wp-content\/uploads\/2019\/08\/letterhead-1.jpg","type":"image\/jpeg"}],"twitter_card":"summary_large_image","twitter_misc":{"Est. reading time":"1 minute"},"schema":{"@context":"https:\/\/schema.org","@graph":[{"@type":["WebPage","ItemPage"],"@id":"https:\/\/mpressprint.com\/fr\/produit\/en-tete-de-lettre\/","url":"https:\/\/mpressprint.com\/fr\/produit\/en-tete-de-lettre\/","name":"En-t\u00eate de lettre &#8211; Mpress Design &amp; Print","isPartOf":{"@id":"https:\/\/mpressprint.com\/#website"},"primaryImageOfPage":{"@id":"https:\/\/mpressprint.com\/fr\/produit\/en-tete-de-lettre\/#primaryimage"},"image":{"@id":"https:\/\/mpressprint.com\/fr\/produit\/en-tete-de-lettre\/#primaryimage"},"thumbnailUrl":"https:\/\/mpressprint.com\/wp-content\/uploads\/2019\/08\/letterhead-1.jpg","datePublished":"2023-08-09T21:59:04+00:00","dateModified":"2024-04-30T17:58:01+00:00","description":"Qu'il s'agisse d'envoyer une lettre en interne ou \u00e0 des clients, un papier \u00e0 en-t\u00eate con\u00e7u par des professionnels avec votre logo donne la bonne impression et rend tout officiel.","breadcrumb":{"@id":"https:\/\/mpressprint.com\/fr\/produit\/en-tete-de-lettre\/#breadcrumb"},"inLanguage":"fr-FR","potentialAction":[{"@type":"ReadAction","target":["https:\/\/mpressprint.com\/fr\/produit\/en-tete-de-lettre\/"]}]},{"@type":"ImageObject","inLanguage":"fr-FR","@id":"https:\/\/mpressprint.com\/fr\/produit\/en-tete-de-lettre\/#primaryimage","url":"https:\/\/mpressprint.com\/wp-content\/uploads\/2019\/08\/letterhead-1.jpg","contentUrl":"https:\/\/mpressprint.com\/wp-content\/uploads\/2019\/08\/letterhead-1.jpg","width":600,"height":600,"caption":"letterhead"},{"@type":"BreadcrumbList","@id":"https:\/\/mpressprint.com\/fr\/produit\/en-tete-de-lettre\/#breadcrumb","itemListElement":[{"@type":"ListItem","position":1,"name":"Home","item":"https:\/\/mpressprint.com\/fr\/"},{"@type":"ListItem","position":2,"name":"Shop","item":"https:\/\/mpressprint.com\/shop\/"},{"@type":"ListItem","position":3,"name":"En-t\u00eate de lettre"}]},{"@type":"WebSite","@id":"https:\/\/mpressprint.com\/#website","url":"https:\/\/mpressprint.com\/","name":"Mpress Design &amp; Print","description":"Montreal - Pointe-Claire | Digital &amp; Offset printing | Large format | Mpress Design &amp; Print","publisher":{"@id":"https:\/\/mpressprint.com\/#organization"},"potentialAction":[{"@type":"SearchAction","target":{"@type":"EntryPoint","urlTemplate":"https:\/\/mpressprint.com\/?s={search_term_string}"},"query-input":{"@type":"PropertyValueSpecification","valueRequired":true,"valueName":"search_term_string"}}],"inLanguage":"fr-FR"},{"@type":"Organization","@id":"https:\/\/mpressprint.com\/#organization","name":"Mpress Print inc.","url":"https:\/\/mpressprint.com\/","logo":{"@type":"ImageObject","inLanguage":"fr-FR","@id":"https:\/\/mpressprint.com\/#\/schema\/logo\/image\/","url":"https:\/\/mpressprint.com\/wp-content\/uploads\/2019\/07\/mpress-logo.png","contentUrl":"https:\/\/mpressprint.com\/wp-content\/uploads\/2019\/07\/mpress-logo.png","width":320,"height":86,"caption":"Mpress Print inc."},"image":{"@id":"https:\/\/mpressprint.com\/#\/schema\/logo\/image\/"}}]}},"_links":{"self":[{"href":"https:\/\/mpressprint.com\/fr\/wp-json\/wp\/v2\/product\/29508","targetHints":{"allow":["GET"]}}],"collection":[{"href":"https:\/\/mpressprint.com\/fr\/wp-json\/wp\/v2\/product"}],"about":[{"href":"https:\/\/mpressprint.com\/fr\/wp-json\/wp\/v2\/types\/product"}],"wp:featuredmedia":[{"embeddable":true,"href":"https:\/\/mpressprint.com\/fr\/wp-json\/wp\/v2\/media\/27262"}],"wp:attachment":[{"href":"https:\/\/mpressprint.com\/fr\/wp-json\/wp\/v2\/media?parent=29508"}],"wp:term":[{"taxonomy":"product_brand","embeddable":true,"href":"https:\/\/mpressprint.com\/fr\/wp-json\/wp\/v2\/product_brand?post=29508"},{"taxonomy":"product_cat","embeddable":true,"href":"https:\/\/mpressprint.com\/fr\/wp-json\/wp\/v2\/product_cat?post=29508"},{"taxonomy":"product_tag","embeddable":true,"href":"https:\/\/mpressprint.com\/fr\/wp-json\/wp\/v2\/product_tag?post=29508"}],"curies":[{"name":"wp","href":"https:\/\/api.w.org\/{rel}","templated":true}]}}