{"id":29495,"date":"2019-08-20T17:52:22","date_gmt":"2023-08-09T21:48:43","guid":{"rendered":"https:\/\/mpressprint.com\/?post_type=product&#038;p=29495"},"modified":"2024-04-30T13:02:32","modified_gmt":"2024-04-30T18:02:32","slug":"bloc-notes","status":"publish","type":"product","link":"https:\/\/mpressprint.com\/fr\/produit\/bloc-notes\/","title":{"rendered":"Bloc-notes"},"content":{"rendered":"<p>Les blocs-notes sont un excellent produit de marque pour toute entreprise et peuvent \u00eatre personnalis\u00e9s avec des logos, des informations de contact, etc. Impression pleine couleur, 1 face. Imprim\u00e9 sur du papier non couch\u00e9 de 70 lb.<\/p>\n<p>50 feuilles par bloc.<\/p>\n<p>Pour d&#8217;autres tailles, s&#8217;il vous pla\u00eet \u00e9crivez-nous \u00e0 <a href=\"mailto:orders@mpressprint.com\" target=\"_blank\" rel=\"noopener noreferrer\">orders@mpressprint.com<\/a>.<\/p>\n<p class=\"p1\"><span class=\"s1\">Si un travail de conception est requis, veuillez nous envoyer un courriel \u00e0 <a href=\"mailto:design@mpressprint.com\"><span class=\"s2\">design@mpressprint.com<\/span><\/a> pour obtenir un devis.<\/span><\/p>\n<p class=\"p3\"><span class=\"s1\">Temps limite: 11 a.m.<br \/>\n<\/span><span class=\"s1\">D\u00e9lai d&#8217;ex\u00e9cution : 3-4 jours ouvrables.<\/span><\/p>\n","protected":false},"excerpt":{"rendered":"<p>Pour obtenir un devis, veuillez contacter <a href=\"mailto:orders@mpressprint.com\">orders@mpressprint.com<\/a><\/p>\n","protected":false},"featured_media":27264,"template":"","meta":[],"product_brand":[],"product_cat":[112],"product_tag":[],"class_list":{"0":"post-29495","1":"product","2":"type-product","3":"status-publish","4":"has-post-thumbnail","6":"product_cat-materiel-promotionnel","8":"first","9":"instock","10":"taxable","11":"shipping-taxable","12":"product-type-variable"},"yoast_head":"<!-- This site is optimized with the Yoast SEO plugin v27.0 - https:\/\/yoast.com\/product\/yoast-seo-wordpress\/ -->\n<title>Bloc-notes &#8211; Mpress Design &amp; Print<\/title>\n<meta name=\"description\" content=\"Ceux-ci sont disponibles en diff\u00e9rentes tailles et nombres de pages et sont imprim\u00e9s \u00e0 l&#039;aide d&#039;un processus complet de quatre couleurs (4\/0). Imprim\u00e9 sur du papier non couch\u00e9 de 60 lb.\" \/>\n<meta name=\"robots\" content=\"index, follow, max-snippet:-1, max-image-preview:large, max-video-preview:-1\" \/>\n<link rel=\"canonical\" href=\"https:\/\/mpressprint.com\/fr\/produit\/bloc-notes\/\" \/>\n<meta property=\"og:locale\" content=\"fr_FR\" \/>\n<meta property=\"og:type\" content=\"article\" \/>\n<meta property=\"og:title\" content=\"Bloc-notes &#8211; Mpress Design &amp; Print\" \/>\n<meta property=\"og:description\" content=\"Ceux-ci sont disponibles en diff\u00e9rentes tailles et nombres de pages et sont imprim\u00e9s \u00e0 l&#039;aide d&#039;un processus complet de quatre couleurs (4\/0). Imprim\u00e9 sur du papier non couch\u00e9 de 60 lb.\" \/>\n<meta property=\"og:url\" content=\"https:\/\/mpressprint.com\/fr\/produit\/bloc-notes\/\" \/>\n<meta property=\"og:site_name\" content=\"Mpress Design &amp; Print\" \/>\n<meta property=\"article:modified_time\" content=\"2024-04-30T18:02:32+00:00\" \/>\n<meta property=\"og:image\" content=\"https:\/\/mpressprint.com\/wp-content\/uploads\/2019\/08\/notepads-1.jpg\" \/>\n\t<meta property=\"og:image:width\" content=\"600\" \/>\n\t<meta property=\"og:image:height\" content=\"600\" \/>\n\t<meta property=\"og:image:type\" content=\"image\/jpeg\" \/>\n<meta name=\"twitter:card\" content=\"summary_large_image\" \/>\n<meta name=\"twitter:label1\" content=\"Est. reading time\" \/>\n\t<meta name=\"twitter:data1\" content=\"1 minute\" \/>\n<script type=\"application\/ld+json\" class=\"yoast-schema-graph\">{\"@context\":\"https:\/\/schema.org\",\"@graph\":[{\"@type\":[\"WebPage\",\"ItemPage\"],\"@id\":\"https:\/\/mpressprint.com\/fr\/produit\/bloc-notes\/\",\"url\":\"https:\/\/mpressprint.com\/fr\/produit\/bloc-notes\/\",\"name\":\"Bloc-notes &#8211; Mpress Design &amp; Print\",\"isPartOf\":{\"@id\":\"https:\/\/mpressprint.com\/#website\"},\"primaryImageOfPage\":{\"@id\":\"https:\/\/mpressprint.com\/fr\/produit\/bloc-notes\/#primaryimage\"},\"image\":{\"@id\":\"https:\/\/mpressprint.com\/fr\/produit\/bloc-notes\/#primaryimage\"},\"thumbnailUrl\":\"https:\/\/mpressprint.com\/wp-content\/uploads\/2019\/08\/notepads-1.jpg\",\"datePublished\":\"2023-08-09T21:48:43+00:00\",\"dateModified\":\"2024-04-30T18:02:32+00:00\",\"description\":\"Ceux-ci sont disponibles en diff\u00e9rentes tailles et nombres de pages et sont imprim\u00e9s \u00e0 l'aide d'un processus complet de quatre couleurs (4\/0). Imprim\u00e9 sur du papier non couch\u00e9 de 60 lb.\",\"breadcrumb\":{\"@id\":\"https:\/\/mpressprint.com\/fr\/produit\/bloc-notes\/#breadcrumb\"},\"inLanguage\":\"fr-FR\",\"potentialAction\":[{\"@type\":\"ReadAction\",\"target\":[\"https:\/\/mpressprint.com\/fr\/produit\/bloc-notes\/\"]}]},{\"@type\":\"ImageObject\",\"inLanguage\":\"fr-FR\",\"@id\":\"https:\/\/mpressprint.com\/fr\/produit\/bloc-notes\/#primaryimage\",\"url\":\"https:\/\/mpressprint.com\/wp-content\/uploads\/2019\/08\/notepads-1.jpg\",\"contentUrl\":\"https:\/\/mpressprint.com\/wp-content\/uploads\/2019\/08\/notepads-1.jpg\",\"width\":600,\"height\":600,\"caption\":\"blocs-notes\"},{\"@type\":\"BreadcrumbList\",\"@id\":\"https:\/\/mpressprint.com\/fr\/produit\/bloc-notes\/#breadcrumb\",\"itemListElement\":[{\"@type\":\"ListItem\",\"position\":1,\"name\":\"Home\",\"item\":\"https:\/\/mpressprint.com\/fr\/\"},{\"@type\":\"ListItem\",\"position\":2,\"name\":\"Shop\",\"item\":\"https:\/\/mpressprint.com\/shop\/\"},{\"@type\":\"ListItem\",\"position\":3,\"name\":\"Bloc-notes\"}]},{\"@type\":\"WebSite\",\"@id\":\"https:\/\/mpressprint.com\/#website\",\"url\":\"https:\/\/mpressprint.com\/\",\"name\":\"Mpress Design &amp; Print\",\"description\":\"Montreal - Pointe-Claire | Digital &amp; Offset printing | Large format | Mpress Design &amp; Print\",\"publisher\":{\"@id\":\"https:\/\/mpressprint.com\/#organization\"},\"potentialAction\":[{\"@type\":\"SearchAction\",\"target\":{\"@type\":\"EntryPoint\",\"urlTemplate\":\"https:\/\/mpressprint.com\/?s={search_term_string}\"},\"query-input\":{\"@type\":\"PropertyValueSpecification\",\"valueRequired\":true,\"valueName\":\"search_term_string\"}}],\"inLanguage\":\"fr-FR\"},{\"@type\":\"Organization\",\"@id\":\"https:\/\/mpressprint.com\/#organization\",\"name\":\"Mpress Print inc.\",\"url\":\"https:\/\/mpressprint.com\/\",\"logo\":{\"@type\":\"ImageObject\",\"inLanguage\":\"fr-FR\",\"@id\":\"https:\/\/mpressprint.com\/#\/schema\/logo\/image\/\",\"url\":\"https:\/\/mpressprint.com\/wp-content\/uploads\/2019\/07\/mpress-logo.png\",\"contentUrl\":\"https:\/\/mpressprint.com\/wp-content\/uploads\/2019\/07\/mpress-logo.png\",\"width\":320,\"height\":86,\"caption\":\"Mpress Print inc.\"},\"image\":{\"@id\":\"https:\/\/mpressprint.com\/#\/schema\/logo\/image\/\"}}]}<\/script>\n<!-- \/ Yoast SEO plugin. -->","yoast_head_json":{"title":"Bloc-notes &#8211; Mpress Design &amp; Print","description":"Ceux-ci sont disponibles en diff\u00e9rentes tailles et nombres de pages et sont imprim\u00e9s \u00e0 l'aide d'un processus complet de quatre couleurs (4\/0). Imprim\u00e9 sur du papier non couch\u00e9 de 60 lb.","robots":{"index":"index","follow":"follow","max-snippet":"max-snippet:-1","max-image-preview":"max-image-preview:large","max-video-preview":"max-video-preview:-1"},"canonical":"https:\/\/mpressprint.com\/fr\/produit\/bloc-notes\/","og_locale":"fr_FR","og_type":"article","og_title":"Bloc-notes &#8211; Mpress Design &amp; Print","og_description":"Ceux-ci sont disponibles en diff\u00e9rentes tailles et nombres de pages et sont imprim\u00e9s \u00e0 l'aide d'un processus complet de quatre couleurs (4\/0). Imprim\u00e9 sur du papier non couch\u00e9 de 60 lb.","og_url":"https:\/\/mpressprint.com\/fr\/produit\/bloc-notes\/","og_site_name":"Mpress Design &amp; Print","article_modified_time":"2024-04-30T18:02:32+00:00","og_image":[{"width":600,"height":600,"url":"https:\/\/mpressprint.com\/wp-content\/uploads\/2019\/08\/notepads-1.jpg","type":"image\/jpeg"}],"twitter_card":"summary_large_image","twitter_misc":{"Est. reading time":"1 minute"},"schema":{"@context":"https:\/\/schema.org","@graph":[{"@type":["WebPage","ItemPage"],"@id":"https:\/\/mpressprint.com\/fr\/produit\/bloc-notes\/","url":"https:\/\/mpressprint.com\/fr\/produit\/bloc-notes\/","name":"Bloc-notes &#8211; Mpress Design &amp; Print","isPartOf":{"@id":"https:\/\/mpressprint.com\/#website"},"primaryImageOfPage":{"@id":"https:\/\/mpressprint.com\/fr\/produit\/bloc-notes\/#primaryimage"},"image":{"@id":"https:\/\/mpressprint.com\/fr\/produit\/bloc-notes\/#primaryimage"},"thumbnailUrl":"https:\/\/mpressprint.com\/wp-content\/uploads\/2019\/08\/notepads-1.jpg","datePublished":"2023-08-09T21:48:43+00:00","dateModified":"2024-04-30T18:02:32+00:00","description":"Ceux-ci sont disponibles en diff\u00e9rentes tailles et nombres de pages et sont imprim\u00e9s \u00e0 l'aide d'un processus complet de quatre couleurs (4\/0). Imprim\u00e9 sur du papier non couch\u00e9 de 60 lb.","breadcrumb":{"@id":"https:\/\/mpressprint.com\/fr\/produit\/bloc-notes\/#breadcrumb"},"inLanguage":"fr-FR","potentialAction":[{"@type":"ReadAction","target":["https:\/\/mpressprint.com\/fr\/produit\/bloc-notes\/"]}]},{"@type":"ImageObject","inLanguage":"fr-FR","@id":"https:\/\/mpressprint.com\/fr\/produit\/bloc-notes\/#primaryimage","url":"https:\/\/mpressprint.com\/wp-content\/uploads\/2019\/08\/notepads-1.jpg","contentUrl":"https:\/\/mpressprint.com\/wp-content\/uploads\/2019\/08\/notepads-1.jpg","width":600,"height":600,"caption":"blocs-notes"},{"@type":"BreadcrumbList","@id":"https:\/\/mpressprint.com\/fr\/produit\/bloc-notes\/#breadcrumb","itemListElement":[{"@type":"ListItem","position":1,"name":"Home","item":"https:\/\/mpressprint.com\/fr\/"},{"@type":"ListItem","position":2,"name":"Shop","item":"https:\/\/mpressprint.com\/shop\/"},{"@type":"ListItem","position":3,"name":"Bloc-notes"}]},{"@type":"WebSite","@id":"https:\/\/mpressprint.com\/#website","url":"https:\/\/mpressprint.com\/","name":"Mpress Design &amp; Print","description":"Montreal - Pointe-Claire | Digital &amp; Offset printing | Large format | Mpress Design &amp; Print","publisher":{"@id":"https:\/\/mpressprint.com\/#organization"},"potentialAction":[{"@type":"SearchAction","target":{"@type":"EntryPoint","urlTemplate":"https:\/\/mpressprint.com\/?s={search_term_string}"},"query-input":{"@type":"PropertyValueSpecification","valueRequired":true,"valueName":"search_term_string"}}],"inLanguage":"fr-FR"},{"@type":"Organization","@id":"https:\/\/mpressprint.com\/#organization","name":"Mpress Print inc.","url":"https:\/\/mpressprint.com\/","logo":{"@type":"ImageObject","inLanguage":"fr-FR","@id":"https:\/\/mpressprint.com\/#\/schema\/logo\/image\/","url":"https:\/\/mpressprint.com\/wp-content\/uploads\/2019\/07\/mpress-logo.png","contentUrl":"https:\/\/mpressprint.com\/wp-content\/uploads\/2019\/07\/mpress-logo.png","width":320,"height":86,"caption":"Mpress Print inc."},"image":{"@id":"https:\/\/mpressprint.com\/#\/schema\/logo\/image\/"}}]}},"_links":{"self":[{"href":"https:\/\/mpressprint.com\/fr\/wp-json\/wp\/v2\/product\/29495","targetHints":{"allow":["GET"]}}],"collection":[{"href":"https:\/\/mpressprint.com\/fr\/wp-json\/wp\/v2\/product"}],"about":[{"href":"https:\/\/mpressprint.com\/fr\/wp-json\/wp\/v2\/types\/product"}],"wp:featuredmedia":[{"embeddable":true,"href":"https:\/\/mpressprint.com\/fr\/wp-json\/wp\/v2\/media\/27264"}],"wp:attachment":[{"href":"https:\/\/mpressprint.com\/fr\/wp-json\/wp\/v2\/media?parent=29495"}],"wp:term":[{"taxonomy":"product_brand","embeddable":true,"href":"https:\/\/mpressprint.com\/fr\/wp-json\/wp\/v2\/product_brand?post=29495"},{"taxonomy":"product_cat","embeddable":true,"href":"https:\/\/mpressprint.com\/fr\/wp-json\/wp\/v2\/product_cat?post=29495"},{"taxonomy":"product_tag","embeddable":true,"href":"https:\/\/mpressprint.com\/fr\/wp-json\/wp\/v2\/product_tag?post=29495"}],"curies":[{"name":"wp","href":"https:\/\/api.w.org\/{rel}","templated":true}]}}