{"id":29483,"date":"2019-08-20T17:36:34","date_gmt":"2023-08-09T20:37:00","guid":{"rendered":"https:\/\/mpressprint.com\/?post_type=product&#038;p=29483"},"modified":"2024-04-30T14:22:34","modified_gmt":"2024-04-30T19:22:34","slug":"etiquettes-volantes","status":"publish","type":"product","link":"https:\/\/mpressprint.com\/fr\/produit\/etiquettes-volantes\/","title":{"rendered":"\u00c9tiquettes volantes"},"content":{"rendered":"<p>Les \u00e9tiquettes volantes imprim\u00e9es personnalis\u00e9es sont essentielles pour que les clients s&#8217;identifient \u00e0 votre marque. Ils aident \u00e0<br \/>\npromouvoir \u00e0 la fois votre entreprise et vos produits ; leur donnant un bel aspect fini et sont \u00e9galement utiles<br \/>\npour ajouter des informations importantes \u00e0 la marchandise. Les \u00e9tiquettes volantes sont livr\u00e9es avec des coins droits et un 0,125&#8243;<br \/>\ntrou de forage. Pour un dimensionnement personnalis\u00e9, veuillez nous envoyer un e-mail \u00e0 <a style=\"color: #ff4612;\" href=\"mailto:orders@mpressprint.com\" target=\"_blank\" rel=\"noopener noreferrer\">orders@mpressprint.com<\/a>.<\/p>\n<p>Si des travaux de conception sont requis, veuillez nous envoyer un courriel \u00e0 <a style=\"color: #ff4612;\" href=\"mailto:design@mpressprint.com\" target=\"_blank\" rel=\"noopener noreferrer\">design@mpressprint.com<\/a>.<\/p>\n<p>Temps limite : 11 a.m.<br \/>\nD\u00e9lai d&#8217;ex\u00e9cution : 4-6 jours ouvrables.<\/p>\n","protected":false},"excerpt":{"rendered":"<p>Pour obtenir un devis, veuillez contacter\u00a0<a href=\"mailto:orders@mpressprint.com\">orders@mpressprint.com<\/a><\/p>\n","protected":false},"featured_media":27266,"template":"","meta":[],"product_brand":[],"product_cat":[112],"product_tag":[],"class_list":{"0":"post-29483","1":"product","2":"type-product","3":"status-publish","4":"has-post-thumbnail","6":"product_cat-materiel-promotionnel","8":"first","9":"instock","10":"taxable","11":"shipping-taxable","12":"product-type-variable","13":"has-default-attributes"},"yoast_head":"<!-- This site is optimized with the Yoast SEO plugin v27.0 - https:\/\/yoast.com\/product\/yoast-seo-wordpress\/ -->\n<title>\u00c9tiquettes volantes &#8211; Mpress Design &amp; Print<\/title>\n<meta name=\"description\" content=\"Les \u00e9tiquettes volantes imprim\u00e9es personnalis\u00e9es sont essentielles pour que les clients s&#039;identifient \u00e0 votre marque. Ils contribuent \u00e0 promouvoir \u00e0 la fois votre entreprise et vos produits.\" \/>\n<meta name=\"robots\" content=\"index, follow, max-snippet:-1, max-image-preview:large, max-video-preview:-1\" \/>\n<link rel=\"canonical\" href=\"https:\/\/mpressprint.com\/fr\/produit\/etiquettes-volantes\/\" \/>\n<meta property=\"og:locale\" content=\"fr_FR\" \/>\n<meta property=\"og:type\" content=\"article\" \/>\n<meta property=\"og:title\" content=\"\u00c9tiquettes volantes &#8211; Mpress Design &amp; Print\" \/>\n<meta property=\"og:description\" content=\"Les \u00e9tiquettes volantes imprim\u00e9es personnalis\u00e9es sont essentielles pour que les clients s&#039;identifient \u00e0 votre marque. Ils contribuent \u00e0 promouvoir \u00e0 la fois votre entreprise et vos produits.\" \/>\n<meta property=\"og:url\" content=\"https:\/\/mpressprint.com\/fr\/produit\/etiquettes-volantes\/\" \/>\n<meta property=\"og:site_name\" content=\"Mpress Design &amp; Print\" \/>\n<meta property=\"article:modified_time\" content=\"2024-04-30T19:22:34+00:00\" \/>\n<meta property=\"og:image\" content=\"https:\/\/mpressprint.com\/wp-content\/uploads\/2019\/08\/hangtags.jpg\" \/>\n\t<meta property=\"og:image:width\" content=\"600\" \/>\n\t<meta property=\"og:image:height\" content=\"600\" \/>\n\t<meta property=\"og:image:type\" content=\"image\/jpeg\" \/>\n<meta name=\"twitter:card\" content=\"summary_large_image\" \/>\n<meta name=\"twitter:label1\" content=\"Est. reading time\" \/>\n\t<meta name=\"twitter:data1\" content=\"1 minute\" \/>\n<script type=\"application\/ld+json\" class=\"yoast-schema-graph\">{\"@context\":\"https:\/\/schema.org\",\"@graph\":[{\"@type\":[\"WebPage\",\"ItemPage\"],\"@id\":\"https:\/\/mpressprint.com\/fr\/produit\/etiquettes-volantes\/\",\"url\":\"https:\/\/mpressprint.com\/fr\/produit\/etiquettes-volantes\/\",\"name\":\"\u00c9tiquettes volantes &#8211; Mpress Design &amp; Print\",\"isPartOf\":{\"@id\":\"https:\/\/mpressprint.com\/#website\"},\"primaryImageOfPage\":{\"@id\":\"https:\/\/mpressprint.com\/fr\/produit\/etiquettes-volantes\/#primaryimage\"},\"image\":{\"@id\":\"https:\/\/mpressprint.com\/fr\/produit\/etiquettes-volantes\/#primaryimage\"},\"thumbnailUrl\":\"https:\/\/mpressprint.com\/wp-content\/uploads\/2019\/08\/hangtags.jpg\",\"datePublished\":\"2023-08-09T20:37:00+00:00\",\"dateModified\":\"2024-04-30T19:22:34+00:00\",\"description\":\"Les \u00e9tiquettes volantes imprim\u00e9es personnalis\u00e9es sont essentielles pour que les clients s'identifient \u00e0 votre marque. Ils contribuent \u00e0 promouvoir \u00e0 la fois votre entreprise et vos produits.\",\"breadcrumb\":{\"@id\":\"https:\/\/mpressprint.com\/fr\/produit\/etiquettes-volantes\/#breadcrumb\"},\"inLanguage\":\"fr-FR\",\"potentialAction\":[{\"@type\":\"ReadAction\",\"target\":[\"https:\/\/mpressprint.com\/fr\/produit\/etiquettes-volantes\/\"]}]},{\"@type\":\"ImageObject\",\"inLanguage\":\"fr-FR\",\"@id\":\"https:\/\/mpressprint.com\/fr\/produit\/etiquettes-volantes\/#primaryimage\",\"url\":\"https:\/\/mpressprint.com\/wp-content\/uploads\/2019\/08\/hangtags.jpg\",\"contentUrl\":\"https:\/\/mpressprint.com\/wp-content\/uploads\/2019\/08\/hangtags.jpg\",\"width\":600,\"height\":600,\"caption\":\"hangtags\"},{\"@type\":\"BreadcrumbList\",\"@id\":\"https:\/\/mpressprint.com\/fr\/produit\/etiquettes-volantes\/#breadcrumb\",\"itemListElement\":[{\"@type\":\"ListItem\",\"position\":1,\"name\":\"Home\",\"item\":\"https:\/\/mpressprint.com\/fr\/\"},{\"@type\":\"ListItem\",\"position\":2,\"name\":\"Shop\",\"item\":\"https:\/\/mpressprint.com\/shop\/\"},{\"@type\":\"ListItem\",\"position\":3,\"name\":\"\u00c9tiquettes volantes\"}]},{\"@type\":\"WebSite\",\"@id\":\"https:\/\/mpressprint.com\/#website\",\"url\":\"https:\/\/mpressprint.com\/\",\"name\":\"Mpress Design &amp; Print\",\"description\":\"Montreal - Pointe-Claire | Digital &amp; Offset printing | Large format | Mpress Design &amp; Print\",\"publisher\":{\"@id\":\"https:\/\/mpressprint.com\/#organization\"},\"potentialAction\":[{\"@type\":\"SearchAction\",\"target\":{\"@type\":\"EntryPoint\",\"urlTemplate\":\"https:\/\/mpressprint.com\/?s={search_term_string}\"},\"query-input\":{\"@type\":\"PropertyValueSpecification\",\"valueRequired\":true,\"valueName\":\"search_term_string\"}}],\"inLanguage\":\"fr-FR\"},{\"@type\":\"Organization\",\"@id\":\"https:\/\/mpressprint.com\/#organization\",\"name\":\"Mpress Print inc.\",\"url\":\"https:\/\/mpressprint.com\/\",\"logo\":{\"@type\":\"ImageObject\",\"inLanguage\":\"fr-FR\",\"@id\":\"https:\/\/mpressprint.com\/#\/schema\/logo\/image\/\",\"url\":\"https:\/\/mpressprint.com\/wp-content\/uploads\/2019\/07\/mpress-logo.png\",\"contentUrl\":\"https:\/\/mpressprint.com\/wp-content\/uploads\/2019\/07\/mpress-logo.png\",\"width\":320,\"height\":86,\"caption\":\"Mpress Print inc.\"},\"image\":{\"@id\":\"https:\/\/mpressprint.com\/#\/schema\/logo\/image\/\"}}]}<\/script>\n<!-- \/ Yoast SEO plugin. -->","yoast_head_json":{"title":"\u00c9tiquettes volantes &#8211; Mpress Design &amp; Print","description":"Les \u00e9tiquettes volantes imprim\u00e9es personnalis\u00e9es sont essentielles pour que les clients s'identifient \u00e0 votre marque. Ils contribuent \u00e0 promouvoir \u00e0 la fois votre entreprise et vos produits.","robots":{"index":"index","follow":"follow","max-snippet":"max-snippet:-1","max-image-preview":"max-image-preview:large","max-video-preview":"max-video-preview:-1"},"canonical":"https:\/\/mpressprint.com\/fr\/produit\/etiquettes-volantes\/","og_locale":"fr_FR","og_type":"article","og_title":"\u00c9tiquettes volantes &#8211; Mpress Design &amp; Print","og_description":"Les \u00e9tiquettes volantes imprim\u00e9es personnalis\u00e9es sont essentielles pour que les clients s'identifient \u00e0 votre marque. Ils contribuent \u00e0 promouvoir \u00e0 la fois votre entreprise et vos produits.","og_url":"https:\/\/mpressprint.com\/fr\/produit\/etiquettes-volantes\/","og_site_name":"Mpress Design &amp; Print","article_modified_time":"2024-04-30T19:22:34+00:00","og_image":[{"width":600,"height":600,"url":"https:\/\/mpressprint.com\/wp-content\/uploads\/2019\/08\/hangtags.jpg","type":"image\/jpeg"}],"twitter_card":"summary_large_image","twitter_misc":{"Est. reading time":"1 minute"},"schema":{"@context":"https:\/\/schema.org","@graph":[{"@type":["WebPage","ItemPage"],"@id":"https:\/\/mpressprint.com\/fr\/produit\/etiquettes-volantes\/","url":"https:\/\/mpressprint.com\/fr\/produit\/etiquettes-volantes\/","name":"\u00c9tiquettes volantes &#8211; Mpress Design &amp; Print","isPartOf":{"@id":"https:\/\/mpressprint.com\/#website"},"primaryImageOfPage":{"@id":"https:\/\/mpressprint.com\/fr\/produit\/etiquettes-volantes\/#primaryimage"},"image":{"@id":"https:\/\/mpressprint.com\/fr\/produit\/etiquettes-volantes\/#primaryimage"},"thumbnailUrl":"https:\/\/mpressprint.com\/wp-content\/uploads\/2019\/08\/hangtags.jpg","datePublished":"2023-08-09T20:37:00+00:00","dateModified":"2024-04-30T19:22:34+00:00","description":"Les \u00e9tiquettes volantes imprim\u00e9es personnalis\u00e9es sont essentielles pour que les clients s'identifient \u00e0 votre marque. Ils contribuent \u00e0 promouvoir \u00e0 la fois votre entreprise et vos produits.","breadcrumb":{"@id":"https:\/\/mpressprint.com\/fr\/produit\/etiquettes-volantes\/#breadcrumb"},"inLanguage":"fr-FR","potentialAction":[{"@type":"ReadAction","target":["https:\/\/mpressprint.com\/fr\/produit\/etiquettes-volantes\/"]}]},{"@type":"ImageObject","inLanguage":"fr-FR","@id":"https:\/\/mpressprint.com\/fr\/produit\/etiquettes-volantes\/#primaryimage","url":"https:\/\/mpressprint.com\/wp-content\/uploads\/2019\/08\/hangtags.jpg","contentUrl":"https:\/\/mpressprint.com\/wp-content\/uploads\/2019\/08\/hangtags.jpg","width":600,"height":600,"caption":"hangtags"},{"@type":"BreadcrumbList","@id":"https:\/\/mpressprint.com\/fr\/produit\/etiquettes-volantes\/#breadcrumb","itemListElement":[{"@type":"ListItem","position":1,"name":"Home","item":"https:\/\/mpressprint.com\/fr\/"},{"@type":"ListItem","position":2,"name":"Shop","item":"https:\/\/mpressprint.com\/shop\/"},{"@type":"ListItem","position":3,"name":"\u00c9tiquettes volantes"}]},{"@type":"WebSite","@id":"https:\/\/mpressprint.com\/#website","url":"https:\/\/mpressprint.com\/","name":"Mpress Design &amp; Print","description":"Montreal - Pointe-Claire | Digital &amp; Offset printing | Large format | Mpress Design &amp; Print","publisher":{"@id":"https:\/\/mpressprint.com\/#organization"},"potentialAction":[{"@type":"SearchAction","target":{"@type":"EntryPoint","urlTemplate":"https:\/\/mpressprint.com\/?s={search_term_string}"},"query-input":{"@type":"PropertyValueSpecification","valueRequired":true,"valueName":"search_term_string"}}],"inLanguage":"fr-FR"},{"@type":"Organization","@id":"https:\/\/mpressprint.com\/#organization","name":"Mpress Print inc.","url":"https:\/\/mpressprint.com\/","logo":{"@type":"ImageObject","inLanguage":"fr-FR","@id":"https:\/\/mpressprint.com\/#\/schema\/logo\/image\/","url":"https:\/\/mpressprint.com\/wp-content\/uploads\/2019\/07\/mpress-logo.png","contentUrl":"https:\/\/mpressprint.com\/wp-content\/uploads\/2019\/07\/mpress-logo.png","width":320,"height":86,"caption":"Mpress Print inc."},"image":{"@id":"https:\/\/mpressprint.com\/#\/schema\/logo\/image\/"}}]}},"_links":{"self":[{"href":"https:\/\/mpressprint.com\/fr\/wp-json\/wp\/v2\/product\/29483","targetHints":{"allow":["GET"]}}],"collection":[{"href":"https:\/\/mpressprint.com\/fr\/wp-json\/wp\/v2\/product"}],"about":[{"href":"https:\/\/mpressprint.com\/fr\/wp-json\/wp\/v2\/types\/product"}],"wp:featuredmedia":[{"embeddable":true,"href":"https:\/\/mpressprint.com\/fr\/wp-json\/wp\/v2\/media\/27266"}],"wp:attachment":[{"href":"https:\/\/mpressprint.com\/fr\/wp-json\/wp\/v2\/media?parent=29483"}],"wp:term":[{"taxonomy":"product_brand","embeddable":true,"href":"https:\/\/mpressprint.com\/fr\/wp-json\/wp\/v2\/product_brand?post=29483"},{"taxonomy":"product_cat","embeddable":true,"href":"https:\/\/mpressprint.com\/fr\/wp-json\/wp\/v2\/product_cat?post=29483"},{"taxonomy":"product_tag","embeddable":true,"href":"https:\/\/mpressprint.com\/fr\/wp-json\/wp\/v2\/product_tag?post=29483"}],"curies":[{"name":"wp","href":"https:\/\/api.w.org\/{rel}","templated":true}]}}