{"id":29475,"date":"2019-08-20T17:22:34","date_gmt":"2023-08-09T20:27:12","guid":{"rendered":"https:\/\/mpressprint.com\/?post_type=product&#038;p=29475"},"modified":"2024-04-30T14:34:44","modified_gmt":"2024-04-30T19:34:44","slug":"dossiers-de-poche","status":"publish","type":"product","link":"https:\/\/mpressprint.com\/fr\/produit\/dossiers-de-poche\/","title":{"rendered":"Dossiers de poche"},"content":{"rendered":"<p>Remettre aux clients et prospects un dossier de pr\u00e9sentation bien con\u00e7u ou un dossier de poche avec tout le n\u00e9cessaire<br \/>\nles papiers dont ils auront besoin, ou d&#8217;autres documents d&#8217;entreprise, font preuve de cr\u00e9dibilit\u00e9, d&#8217;organisation et, par cons\u00e9quent,<br \/>\nfiabilit\u00e9. Donnez le ton et l&#8217;impression qu&#8217;il faut d\u00e8s le d\u00e9but avec votre identit\u00e9 d&#8217;entreprise !<\/p>\n<p>papier cartonn\u00e9 14 points<br \/>\nFini mat<br \/>\nImpression 1 face<br \/>\n4&#8243; poche<\/p>\n<p class=\"p1\"><span class=\"s1\">Si un travail de conception est requis, veuillez nous envoyer un courriel \u00e0 <a href=\"mailto:design@mpressprint.com\"><span class=\"s2\">design@mpressprint.com<\/span><\/a> pour obtenir un devis.<\/span><\/p>\n<p class=\"p3\"><span class=\"s1\">Heure limite : 11 a.m.<br \/>\n<\/span><span class=\"s1\">D\u00e9lai d&#8217;ex\u00e9cution : 9-10 jours ouvrables.<\/span><\/p>\n","protected":false},"excerpt":{"rendered":"<p>Pour obtenir un devis, veuillez contacter <a href=\"mailto:orders@mpressprint.com\">orders@mpressprint.com<\/a><\/p>\n","protected":false},"featured_media":27270,"template":"","meta":[],"product_brand":[],"product_cat":[112],"product_tag":[],"class_list":{"0":"post-29475","1":"product","2":"type-product","3":"status-publish","4":"has-post-thumbnail","6":"product_cat-materiel-promotionnel","8":"first","9":"instock","10":"taxable","11":"shipping-taxable","12":"product-type-variable","13":"has-default-attributes"},"yoast_head":"<!-- This site is optimized with the Yoast SEO plugin v27.0 - https:\/\/yoast.com\/product\/yoast-seo-wordpress\/ -->\n<title>Dossiers de poche &#8211; Mpress Design &amp; Print<\/title>\n<meta name=\"description\" content=\"Remettre aux clients et prospects un dossier de pr\u00e9sentation bien con\u00e7u ou un dossier de poche avec tous les documents requis dont ils auront besoin, ou d&#039;autres documents d&#039;entreprise, affiche la cr\u00e9dibilit\u00e9, l&#039;organisation et, par cons\u00e9quent, la fiabilit\u00e9.\" \/>\n<meta name=\"robots\" content=\"index, follow, max-snippet:-1, max-image-preview:large, max-video-preview:-1\" \/>\n<link rel=\"canonical\" href=\"https:\/\/mpressprint.com\/fr\/produit\/dossiers-de-poche\/\" \/>\n<meta property=\"og:locale\" content=\"fr_FR\" \/>\n<meta property=\"og:type\" content=\"article\" \/>\n<meta property=\"og:title\" content=\"Dossiers de poche &#8211; Mpress Design &amp; Print\" \/>\n<meta property=\"og:description\" content=\"Remettre aux clients et prospects un dossier de pr\u00e9sentation bien con\u00e7u ou un dossier de poche avec tous les documents requis dont ils auront besoin, ou d&#039;autres documents d&#039;entreprise, affiche la cr\u00e9dibilit\u00e9, l&#039;organisation et, par cons\u00e9quent, la fiabilit\u00e9.\" \/>\n<meta property=\"og:url\" content=\"https:\/\/mpressprint.com\/fr\/produit\/dossiers-de-poche\/\" \/>\n<meta property=\"og:site_name\" content=\"Mpress Design &amp; Print\" \/>\n<meta property=\"article:modified_time\" content=\"2024-04-30T19:34:44+00:00\" \/>\n<meta property=\"og:image\" content=\"https:\/\/mpressprint.com\/wp-content\/uploads\/2019\/08\/pocket-folders-1.jpg\" \/>\n\t<meta property=\"og:image:width\" content=\"600\" \/>\n\t<meta property=\"og:image:height\" content=\"600\" \/>\n\t<meta property=\"og:image:type\" content=\"image\/jpeg\" \/>\n<meta name=\"twitter:card\" content=\"summary_large_image\" \/>\n<meta name=\"twitter:label1\" content=\"Est. reading time\" \/>\n\t<meta name=\"twitter:data1\" content=\"1 minute\" \/>\n<script type=\"application\/ld+json\" class=\"yoast-schema-graph\">{\"@context\":\"https:\/\/schema.org\",\"@graph\":[{\"@type\":[\"WebPage\",\"ItemPage\"],\"@id\":\"https:\/\/mpressprint.com\/fr\/produit\/dossiers-de-poche\/\",\"url\":\"https:\/\/mpressprint.com\/fr\/produit\/dossiers-de-poche\/\",\"name\":\"Dossiers de poche &#8211; Mpress Design &amp; Print\",\"isPartOf\":{\"@id\":\"https:\/\/mpressprint.com\/#website\"},\"primaryImageOfPage\":{\"@id\":\"https:\/\/mpressprint.com\/fr\/produit\/dossiers-de-poche\/#primaryimage\"},\"image\":{\"@id\":\"https:\/\/mpressprint.com\/fr\/produit\/dossiers-de-poche\/#primaryimage\"},\"thumbnailUrl\":\"https:\/\/mpressprint.com\/wp-content\/uploads\/2019\/08\/pocket-folders-1.jpg\",\"datePublished\":\"2023-08-09T20:27:12+00:00\",\"dateModified\":\"2024-04-30T19:34:44+00:00\",\"description\":\"Remettre aux clients et prospects un dossier de pr\u00e9sentation bien con\u00e7u ou un dossier de poche avec tous les documents requis dont ils auront besoin, ou d'autres documents d'entreprise, affiche la cr\u00e9dibilit\u00e9, l'organisation et, par cons\u00e9quent, la fiabilit\u00e9.\",\"breadcrumb\":{\"@id\":\"https:\/\/mpressprint.com\/fr\/produit\/dossiers-de-poche\/#breadcrumb\"},\"inLanguage\":\"fr-FR\",\"potentialAction\":[{\"@type\":\"ReadAction\",\"target\":[\"https:\/\/mpressprint.com\/fr\/produit\/dossiers-de-poche\/\"]}]},{\"@type\":\"ImageObject\",\"inLanguage\":\"fr-FR\",\"@id\":\"https:\/\/mpressprint.com\/fr\/produit\/dossiers-de-poche\/#primaryimage\",\"url\":\"https:\/\/mpressprint.com\/wp-content\/uploads\/2019\/08\/pocket-folders-1.jpg\",\"contentUrl\":\"https:\/\/mpressprint.com\/wp-content\/uploads\/2019\/08\/pocket-folders-1.jpg\",\"width\":600,\"height\":600,\"caption\":\"dossiers-de-poche\"},{\"@type\":\"BreadcrumbList\",\"@id\":\"https:\/\/mpressprint.com\/fr\/produit\/dossiers-de-poche\/#breadcrumb\",\"itemListElement\":[{\"@type\":\"ListItem\",\"position\":1,\"name\":\"Home\",\"item\":\"https:\/\/mpressprint.com\/fr\/\"},{\"@type\":\"ListItem\",\"position\":2,\"name\":\"Shop\",\"item\":\"https:\/\/mpressprint.com\/shop\/\"},{\"@type\":\"ListItem\",\"position\":3,\"name\":\"Dossiers de poche\"}]},{\"@type\":\"WebSite\",\"@id\":\"https:\/\/mpressprint.com\/#website\",\"url\":\"https:\/\/mpressprint.com\/\",\"name\":\"Mpress Design &amp; Print\",\"description\":\"Montreal - Pointe-Claire | Digital &amp; Offset printing | Large format | Mpress Design &amp; Print\",\"publisher\":{\"@id\":\"https:\/\/mpressprint.com\/#organization\"},\"potentialAction\":[{\"@type\":\"SearchAction\",\"target\":{\"@type\":\"EntryPoint\",\"urlTemplate\":\"https:\/\/mpressprint.com\/?s={search_term_string}\"},\"query-input\":{\"@type\":\"PropertyValueSpecification\",\"valueRequired\":true,\"valueName\":\"search_term_string\"}}],\"inLanguage\":\"fr-FR\"},{\"@type\":\"Organization\",\"@id\":\"https:\/\/mpressprint.com\/#organization\",\"name\":\"Mpress Print inc.\",\"url\":\"https:\/\/mpressprint.com\/\",\"logo\":{\"@type\":\"ImageObject\",\"inLanguage\":\"fr-FR\",\"@id\":\"https:\/\/mpressprint.com\/#\/schema\/logo\/image\/\",\"url\":\"https:\/\/mpressprint.com\/wp-content\/uploads\/2019\/07\/mpress-logo.png\",\"contentUrl\":\"https:\/\/mpressprint.com\/wp-content\/uploads\/2019\/07\/mpress-logo.png\",\"width\":320,\"height\":86,\"caption\":\"Mpress Print inc.\"},\"image\":{\"@id\":\"https:\/\/mpressprint.com\/#\/schema\/logo\/image\/\"}}]}<\/script>\n<!-- \/ Yoast SEO plugin. -->","yoast_head_json":{"title":"Dossiers de poche &#8211; Mpress Design &amp; Print","description":"Remettre aux clients et prospects un dossier de pr\u00e9sentation bien con\u00e7u ou un dossier de poche avec tous les documents requis dont ils auront besoin, ou d'autres documents d'entreprise, affiche la cr\u00e9dibilit\u00e9, l'organisation et, par cons\u00e9quent, la fiabilit\u00e9.","robots":{"index":"index","follow":"follow","max-snippet":"max-snippet:-1","max-image-preview":"max-image-preview:large","max-video-preview":"max-video-preview:-1"},"canonical":"https:\/\/mpressprint.com\/fr\/produit\/dossiers-de-poche\/","og_locale":"fr_FR","og_type":"article","og_title":"Dossiers de poche &#8211; Mpress Design &amp; Print","og_description":"Remettre aux clients et prospects un dossier de pr\u00e9sentation bien con\u00e7u ou un dossier de poche avec tous les documents requis dont ils auront besoin, ou d'autres documents d'entreprise, affiche la cr\u00e9dibilit\u00e9, l'organisation et, par cons\u00e9quent, la fiabilit\u00e9.","og_url":"https:\/\/mpressprint.com\/fr\/produit\/dossiers-de-poche\/","og_site_name":"Mpress Design &amp; Print","article_modified_time":"2024-04-30T19:34:44+00:00","og_image":[{"width":600,"height":600,"url":"https:\/\/mpressprint.com\/wp-content\/uploads\/2019\/08\/pocket-folders-1.jpg","type":"image\/jpeg"}],"twitter_card":"summary_large_image","twitter_misc":{"Est. reading time":"1 minute"},"schema":{"@context":"https:\/\/schema.org","@graph":[{"@type":["WebPage","ItemPage"],"@id":"https:\/\/mpressprint.com\/fr\/produit\/dossiers-de-poche\/","url":"https:\/\/mpressprint.com\/fr\/produit\/dossiers-de-poche\/","name":"Dossiers de poche &#8211; Mpress Design &amp; Print","isPartOf":{"@id":"https:\/\/mpressprint.com\/#website"},"primaryImageOfPage":{"@id":"https:\/\/mpressprint.com\/fr\/produit\/dossiers-de-poche\/#primaryimage"},"image":{"@id":"https:\/\/mpressprint.com\/fr\/produit\/dossiers-de-poche\/#primaryimage"},"thumbnailUrl":"https:\/\/mpressprint.com\/wp-content\/uploads\/2019\/08\/pocket-folders-1.jpg","datePublished":"2023-08-09T20:27:12+00:00","dateModified":"2024-04-30T19:34:44+00:00","description":"Remettre aux clients et prospects un dossier de pr\u00e9sentation bien con\u00e7u ou un dossier de poche avec tous les documents requis dont ils auront besoin, ou d'autres documents d'entreprise, affiche la cr\u00e9dibilit\u00e9, l'organisation et, par cons\u00e9quent, la fiabilit\u00e9.","breadcrumb":{"@id":"https:\/\/mpressprint.com\/fr\/produit\/dossiers-de-poche\/#breadcrumb"},"inLanguage":"fr-FR","potentialAction":[{"@type":"ReadAction","target":["https:\/\/mpressprint.com\/fr\/produit\/dossiers-de-poche\/"]}]},{"@type":"ImageObject","inLanguage":"fr-FR","@id":"https:\/\/mpressprint.com\/fr\/produit\/dossiers-de-poche\/#primaryimage","url":"https:\/\/mpressprint.com\/wp-content\/uploads\/2019\/08\/pocket-folders-1.jpg","contentUrl":"https:\/\/mpressprint.com\/wp-content\/uploads\/2019\/08\/pocket-folders-1.jpg","width":600,"height":600,"caption":"dossiers-de-poche"},{"@type":"BreadcrumbList","@id":"https:\/\/mpressprint.com\/fr\/produit\/dossiers-de-poche\/#breadcrumb","itemListElement":[{"@type":"ListItem","position":1,"name":"Home","item":"https:\/\/mpressprint.com\/fr\/"},{"@type":"ListItem","position":2,"name":"Shop","item":"https:\/\/mpressprint.com\/shop\/"},{"@type":"ListItem","position":3,"name":"Dossiers de poche"}]},{"@type":"WebSite","@id":"https:\/\/mpressprint.com\/#website","url":"https:\/\/mpressprint.com\/","name":"Mpress Design &amp; Print","description":"Montreal - Pointe-Claire | Digital &amp; Offset printing | Large format | Mpress Design &amp; Print","publisher":{"@id":"https:\/\/mpressprint.com\/#organization"},"potentialAction":[{"@type":"SearchAction","target":{"@type":"EntryPoint","urlTemplate":"https:\/\/mpressprint.com\/?s={search_term_string}"},"query-input":{"@type":"PropertyValueSpecification","valueRequired":true,"valueName":"search_term_string"}}],"inLanguage":"fr-FR"},{"@type":"Organization","@id":"https:\/\/mpressprint.com\/#organization","name":"Mpress Print inc.","url":"https:\/\/mpressprint.com\/","logo":{"@type":"ImageObject","inLanguage":"fr-FR","@id":"https:\/\/mpressprint.com\/#\/schema\/logo\/image\/","url":"https:\/\/mpressprint.com\/wp-content\/uploads\/2019\/07\/mpress-logo.png","contentUrl":"https:\/\/mpressprint.com\/wp-content\/uploads\/2019\/07\/mpress-logo.png","width":320,"height":86,"caption":"Mpress Print inc."},"image":{"@id":"https:\/\/mpressprint.com\/#\/schema\/logo\/image\/"}}]}},"_links":{"self":[{"href":"https:\/\/mpressprint.com\/fr\/wp-json\/wp\/v2\/product\/29475","targetHints":{"allow":["GET"]}}],"collection":[{"href":"https:\/\/mpressprint.com\/fr\/wp-json\/wp\/v2\/product"}],"about":[{"href":"https:\/\/mpressprint.com\/fr\/wp-json\/wp\/v2\/types\/product"}],"wp:featuredmedia":[{"embeddable":true,"href":"https:\/\/mpressprint.com\/fr\/wp-json\/wp\/v2\/media\/27270"}],"wp:attachment":[{"href":"https:\/\/mpressprint.com\/fr\/wp-json\/wp\/v2\/media?parent=29475"}],"wp:term":[{"taxonomy":"product_brand","embeddable":true,"href":"https:\/\/mpressprint.com\/fr\/wp-json\/wp\/v2\/product_brand?post=29475"},{"taxonomy":"product_cat","embeddable":true,"href":"https:\/\/mpressprint.com\/fr\/wp-json\/wp\/v2\/product_cat?post=29475"},{"taxonomy":"product_tag","embeddable":true,"href":"https:\/\/mpressprint.com\/fr\/wp-json\/wp\/v2\/product_tag?post=29475"}],"curies":[{"name":"wp","href":"https:\/\/api.w.org\/{rel}","templated":true}]}}