{"id":29458,"date":"2019-08-20T16:58:47","date_gmt":"2023-08-09T20:08:56","guid":{"rendered":"https:\/\/mpressprint.com\/?post_type=product&#038;p=29458"},"modified":"2023-08-18T12:05:48","modified_gmt":"2023-08-18T17:05:48","slug":"catalogues-livrets","status":"publish","type":"product","link":"https:\/\/mpressprint.com\/fr\/produit\/catalogues-livrets\/","title":{"rendered":"Catalogues\/Livrets"},"content":{"rendered":"<p>Les catalogues et les brochures sont un moyen professionnel d&#8217;organiser votre mat\u00e9riel sur n&#8217;importe quel nombre de pages.<br \/>\nIls offrent plus de flexibilit\u00e9 pour \u00eatre cr\u00e9atif avec votre mise en page, laissant plus d&#8217;espace pour votre impression,<br \/>\net vous permettant de cr\u00e9er de belles pr\u00e9sentations haut de gamme qui font d&#8217;excellents catalogues de vente au d\u00e9tail,<br \/>\nPortfolios d&#8217;artistes, manuels de formation p\u00e9dagogique et bien plus encore.<\/p>\n<p class=\"p1\"><span class=\"s1\">Si un travail de conception est requis, veuillez nous envoyer un courriel \u00e0 <a href=\"mailto:design@mpressprint.com\"><span class=\"s2\">design@mpressprint.com<\/span><\/a> pour obtenir un devis. <\/span><\/p>\n<p class=\"p3\"><span class=\"s1\">Temps limite: 11 a.m.<br \/>\n<\/span><span class=\"s1\">D\u00e9lai d&#8217;ex\u00e9cution : 7-10 jours ouvrables.<\/span><\/p>\n","protected":false},"excerpt":{"rendered":"<p>Pour obtenir un devis, veuillez contacter <a href=\"mailto:orders@mpressprint.com\">orders@mpressprint.com<\/a><\/p>\n","protected":false},"featured_media":27276,"template":"","meta":[],"product_brand":[],"product_cat":[112],"product_tag":[],"class_list":{"0":"post-29458","1":"product","2":"type-product","3":"status-publish","4":"has-post-thumbnail","6":"product_cat-materiel-promotionnel","8":"first","9":"instock","10":"taxable","11":"shipping-taxable","12":"product-type-grouped"},"yoast_head":"<!-- This site is optimized with the Yoast SEO plugin v27.0 - https:\/\/yoast.com\/product\/yoast-seo-wordpress\/ -->\n<title>Catalogues\/Livrets &#8211; Mpress Design &amp; Print<\/title>\n<meta name=\"description\" content=\"Ils offrent plus de flexibilit\u00e9 pour \u00eatre cr\u00e9atif avec votre mise en page, laissant plus d&#039;espace pour votre impression et vous permettant de cr\u00e9er de belles pr\u00e9sentations haut de gamme qui font d&#039;excellents catalogues de vente au d\u00e9tail, des portefeuilles d&#039;artistes, des manuels de formation p\u00e9dagogique, et bien plus encore.\" \/>\n<meta name=\"robots\" content=\"index, follow, max-snippet:-1, max-image-preview:large, max-video-preview:-1\" \/>\n<link rel=\"canonical\" href=\"https:\/\/mpressprint.com\/fr\/produit\/catalogues-livrets\/\" \/>\n<meta property=\"og:locale\" content=\"fr_FR\" \/>\n<meta property=\"og:type\" content=\"article\" \/>\n<meta property=\"og:title\" content=\"Catalogues\/Livrets &#8211; Mpress Design &amp; Print\" \/>\n<meta property=\"og:description\" content=\"Ils offrent plus de flexibilit\u00e9 pour \u00eatre cr\u00e9atif avec votre mise en page, laissant plus d&#039;espace pour votre impression et vous permettant de cr\u00e9er de belles pr\u00e9sentations haut de gamme qui font d&#039;excellents catalogues de vente au d\u00e9tail, des portefeuilles d&#039;artistes, des manuels de formation p\u00e9dagogique, et bien plus encore.\" \/>\n<meta property=\"og:url\" content=\"https:\/\/mpressprint.com\/fr\/produit\/catalogues-livrets\/\" \/>\n<meta property=\"og:site_name\" content=\"Mpress Design &amp; Print\" \/>\n<meta property=\"article:modified_time\" content=\"2023-08-18T17:05:48+00:00\" \/>\n<meta property=\"og:image\" content=\"https:\/\/mpressprint.com\/wp-content\/uploads\/2019\/08\/catalogs-1.jpg\" \/>\n\t<meta property=\"og:image:width\" content=\"600\" \/>\n\t<meta property=\"og:image:height\" content=\"600\" \/>\n\t<meta property=\"og:image:type\" content=\"image\/jpeg\" \/>\n<meta name=\"twitter:card\" content=\"summary_large_image\" \/>\n<meta name=\"twitter:label1\" content=\"Est. reading time\" \/>\n\t<meta name=\"twitter:data1\" content=\"1 minute\" \/>\n<script type=\"application\/ld+json\" class=\"yoast-schema-graph\">{\"@context\":\"https:\/\/schema.org\",\"@graph\":[{\"@type\":[\"WebPage\",\"ItemPage\"],\"@id\":\"https:\/\/mpressprint.com\/fr\/produit\/catalogues-livrets\/\",\"url\":\"https:\/\/mpressprint.com\/fr\/produit\/catalogues-livrets\/\",\"name\":\"Catalogues\/Livrets &#8211; Mpress Design &amp; Print\",\"isPartOf\":{\"@id\":\"https:\/\/mpressprint.com\/#website\"},\"primaryImageOfPage\":{\"@id\":\"https:\/\/mpressprint.com\/fr\/produit\/catalogues-livrets\/#primaryimage\"},\"image\":{\"@id\":\"https:\/\/mpressprint.com\/fr\/produit\/catalogues-livrets\/#primaryimage\"},\"thumbnailUrl\":\"https:\/\/mpressprint.com\/wp-content\/uploads\/2019\/08\/catalogs-1.jpg\",\"datePublished\":\"2023-08-09T20:08:56+00:00\",\"dateModified\":\"2023-08-18T17:05:48+00:00\",\"description\":\"Ils offrent plus de flexibilit\u00e9 pour \u00eatre cr\u00e9atif avec votre mise en page, laissant plus d'espace pour votre impression et vous permettant de cr\u00e9er de belles pr\u00e9sentations haut de gamme qui font d'excellents catalogues de vente au d\u00e9tail, des portefeuilles d'artistes, des manuels de formation p\u00e9dagogique, et bien plus encore.\",\"breadcrumb\":{\"@id\":\"https:\/\/mpressprint.com\/fr\/produit\/catalogues-livrets\/#breadcrumb\"},\"inLanguage\":\"fr-FR\",\"potentialAction\":[{\"@type\":\"ReadAction\",\"target\":[\"https:\/\/mpressprint.com\/fr\/produit\/catalogues-livrets\/\"]}]},{\"@type\":\"ImageObject\",\"inLanguage\":\"fr-FR\",\"@id\":\"https:\/\/mpressprint.com\/fr\/produit\/catalogues-livrets\/#primaryimage\",\"url\":\"https:\/\/mpressprint.com\/wp-content\/uploads\/2019\/08\/catalogs-1.jpg\",\"contentUrl\":\"https:\/\/mpressprint.com\/wp-content\/uploads\/2019\/08\/catalogs-1.jpg\",\"width\":600,\"height\":600,\"caption\":\"Catalogs\"},{\"@type\":\"BreadcrumbList\",\"@id\":\"https:\/\/mpressprint.com\/fr\/produit\/catalogues-livrets\/#breadcrumb\",\"itemListElement\":[{\"@type\":\"ListItem\",\"position\":1,\"name\":\"Home\",\"item\":\"https:\/\/mpressprint.com\/fr\/\"},{\"@type\":\"ListItem\",\"position\":2,\"name\":\"Shop\",\"item\":\"https:\/\/mpressprint.com\/shop\/\"},{\"@type\":\"ListItem\",\"position\":3,\"name\":\"Catalogues\/Livrets\"}]},{\"@type\":\"WebSite\",\"@id\":\"https:\/\/mpressprint.com\/#website\",\"url\":\"https:\/\/mpressprint.com\/\",\"name\":\"Mpress Design &amp; Print\",\"description\":\"Montreal - Pointe-Claire | Digital &amp; Offset printing | Large format | Mpress Design &amp; Print\",\"publisher\":{\"@id\":\"https:\/\/mpressprint.com\/#organization\"},\"potentialAction\":[{\"@type\":\"SearchAction\",\"target\":{\"@type\":\"EntryPoint\",\"urlTemplate\":\"https:\/\/mpressprint.com\/?s={search_term_string}\"},\"query-input\":{\"@type\":\"PropertyValueSpecification\",\"valueRequired\":true,\"valueName\":\"search_term_string\"}}],\"inLanguage\":\"fr-FR\"},{\"@type\":\"Organization\",\"@id\":\"https:\/\/mpressprint.com\/#organization\",\"name\":\"Mpress Print inc.\",\"url\":\"https:\/\/mpressprint.com\/\",\"logo\":{\"@type\":\"ImageObject\",\"inLanguage\":\"fr-FR\",\"@id\":\"https:\/\/mpressprint.com\/#\/schema\/logo\/image\/\",\"url\":\"https:\/\/mpressprint.com\/wp-content\/uploads\/2019\/07\/mpress-logo.png\",\"contentUrl\":\"https:\/\/mpressprint.com\/wp-content\/uploads\/2019\/07\/mpress-logo.png\",\"width\":320,\"height\":86,\"caption\":\"Mpress Print inc.\"},\"image\":{\"@id\":\"https:\/\/mpressprint.com\/#\/schema\/logo\/image\/\"}}]}<\/script>\n<!-- \/ Yoast SEO plugin. -->","yoast_head_json":{"title":"Catalogues\/Livrets &#8211; Mpress Design &amp; Print","description":"Ils offrent plus de flexibilit\u00e9 pour \u00eatre cr\u00e9atif avec votre mise en page, laissant plus d'espace pour votre impression et vous permettant de cr\u00e9er de belles pr\u00e9sentations haut de gamme qui font d'excellents catalogues de vente au d\u00e9tail, des portefeuilles d'artistes, des manuels de formation p\u00e9dagogique, et bien plus encore.","robots":{"index":"index","follow":"follow","max-snippet":"max-snippet:-1","max-image-preview":"max-image-preview:large","max-video-preview":"max-video-preview:-1"},"canonical":"https:\/\/mpressprint.com\/fr\/produit\/catalogues-livrets\/","og_locale":"fr_FR","og_type":"article","og_title":"Catalogues\/Livrets &#8211; Mpress Design &amp; Print","og_description":"Ils offrent plus de flexibilit\u00e9 pour \u00eatre cr\u00e9atif avec votre mise en page, laissant plus d'espace pour votre impression et vous permettant de cr\u00e9er de belles pr\u00e9sentations haut de gamme qui font d'excellents catalogues de vente au d\u00e9tail, des portefeuilles d'artistes, des manuels de formation p\u00e9dagogique, et bien plus encore.","og_url":"https:\/\/mpressprint.com\/fr\/produit\/catalogues-livrets\/","og_site_name":"Mpress Design &amp; Print","article_modified_time":"2023-08-18T17:05:48+00:00","og_image":[{"width":600,"height":600,"url":"https:\/\/mpressprint.com\/wp-content\/uploads\/2019\/08\/catalogs-1.jpg","type":"image\/jpeg"}],"twitter_card":"summary_large_image","twitter_misc":{"Est. reading time":"1 minute"},"schema":{"@context":"https:\/\/schema.org","@graph":[{"@type":["WebPage","ItemPage"],"@id":"https:\/\/mpressprint.com\/fr\/produit\/catalogues-livrets\/","url":"https:\/\/mpressprint.com\/fr\/produit\/catalogues-livrets\/","name":"Catalogues\/Livrets &#8211; Mpress Design &amp; Print","isPartOf":{"@id":"https:\/\/mpressprint.com\/#website"},"primaryImageOfPage":{"@id":"https:\/\/mpressprint.com\/fr\/produit\/catalogues-livrets\/#primaryimage"},"image":{"@id":"https:\/\/mpressprint.com\/fr\/produit\/catalogues-livrets\/#primaryimage"},"thumbnailUrl":"https:\/\/mpressprint.com\/wp-content\/uploads\/2019\/08\/catalogs-1.jpg","datePublished":"2023-08-09T20:08:56+00:00","dateModified":"2023-08-18T17:05:48+00:00","description":"Ils offrent plus de flexibilit\u00e9 pour \u00eatre cr\u00e9atif avec votre mise en page, laissant plus d'espace pour votre impression et vous permettant de cr\u00e9er de belles pr\u00e9sentations haut de gamme qui font d'excellents catalogues de vente au d\u00e9tail, des portefeuilles d'artistes, des manuels de formation p\u00e9dagogique, et bien plus encore.","breadcrumb":{"@id":"https:\/\/mpressprint.com\/fr\/produit\/catalogues-livrets\/#breadcrumb"},"inLanguage":"fr-FR","potentialAction":[{"@type":"ReadAction","target":["https:\/\/mpressprint.com\/fr\/produit\/catalogues-livrets\/"]}]},{"@type":"ImageObject","inLanguage":"fr-FR","@id":"https:\/\/mpressprint.com\/fr\/produit\/catalogues-livrets\/#primaryimage","url":"https:\/\/mpressprint.com\/wp-content\/uploads\/2019\/08\/catalogs-1.jpg","contentUrl":"https:\/\/mpressprint.com\/wp-content\/uploads\/2019\/08\/catalogs-1.jpg","width":600,"height":600,"caption":"Catalogs"},{"@type":"BreadcrumbList","@id":"https:\/\/mpressprint.com\/fr\/produit\/catalogues-livrets\/#breadcrumb","itemListElement":[{"@type":"ListItem","position":1,"name":"Home","item":"https:\/\/mpressprint.com\/fr\/"},{"@type":"ListItem","position":2,"name":"Shop","item":"https:\/\/mpressprint.com\/shop\/"},{"@type":"ListItem","position":3,"name":"Catalogues\/Livrets"}]},{"@type":"WebSite","@id":"https:\/\/mpressprint.com\/#website","url":"https:\/\/mpressprint.com\/","name":"Mpress Design &amp; Print","description":"Montreal - Pointe-Claire | Digital &amp; Offset printing | Large format | Mpress Design &amp; Print","publisher":{"@id":"https:\/\/mpressprint.com\/#organization"},"potentialAction":[{"@type":"SearchAction","target":{"@type":"EntryPoint","urlTemplate":"https:\/\/mpressprint.com\/?s={search_term_string}"},"query-input":{"@type":"PropertyValueSpecification","valueRequired":true,"valueName":"search_term_string"}}],"inLanguage":"fr-FR"},{"@type":"Organization","@id":"https:\/\/mpressprint.com\/#organization","name":"Mpress Print inc.","url":"https:\/\/mpressprint.com\/","logo":{"@type":"ImageObject","inLanguage":"fr-FR","@id":"https:\/\/mpressprint.com\/#\/schema\/logo\/image\/","url":"https:\/\/mpressprint.com\/wp-content\/uploads\/2019\/07\/mpress-logo.png","contentUrl":"https:\/\/mpressprint.com\/wp-content\/uploads\/2019\/07\/mpress-logo.png","width":320,"height":86,"caption":"Mpress Print inc."},"image":{"@id":"https:\/\/mpressprint.com\/#\/schema\/logo\/image\/"}}]}},"_links":{"self":[{"href":"https:\/\/mpressprint.com\/fr\/wp-json\/wp\/v2\/product\/29458","targetHints":{"allow":["GET"]}}],"collection":[{"href":"https:\/\/mpressprint.com\/fr\/wp-json\/wp\/v2\/product"}],"about":[{"href":"https:\/\/mpressprint.com\/fr\/wp-json\/wp\/v2\/types\/product"}],"wp:featuredmedia":[{"embeddable":true,"href":"https:\/\/mpressprint.com\/fr\/wp-json\/wp\/v2\/media\/27276"}],"wp:attachment":[{"href":"https:\/\/mpressprint.com\/fr\/wp-json\/wp\/v2\/media?parent=29458"}],"wp:term":[{"taxonomy":"product_brand","embeddable":true,"href":"https:\/\/mpressprint.com\/fr\/wp-json\/wp\/v2\/product_brand?post=29458"},{"taxonomy":"product_cat","embeddable":true,"href":"https:\/\/mpressprint.com\/fr\/wp-json\/wp\/v2\/product_cat?post=29458"},{"taxonomy":"product_tag","embeddable":true,"href":"https:\/\/mpressprint.com\/fr\/wp-json\/wp\/v2\/product_tag?post=29458"}],"curies":[{"name":"wp","href":"https:\/\/api.w.org\/{rel}","templated":true}]}}