{"id":29439,"date":"2019-08-20T16:56:24","date_gmt":"2023-08-09T20:03:20","guid":{"rendered":"https:\/\/mpressprint.com\/?post_type=product&#038;p=29439"},"modified":"2024-04-30T14:57:08","modified_gmt":"2024-04-30T19:57:08","slug":"brochures-pliees","status":"publish","type":"product","link":"https:\/\/mpressprint.com\/fr\/produit\/brochures-pliees\/","title":{"rendered":"Brochures pli\u00e9es"},"content":{"rendered":"<p>Avec diff\u00e9rentes tailles et options de pliage, vous \u00eates s\u00fbr d&#8217;avoir l&#8217;espace n\u00e9cessaire pour obtenir autant<br \/>\ninformations comme vous le souhaitez avec de belles images color\u00e9es assorties! Le prix peut varier avec les commandes urgentes.<br \/>\nPour un dimensionnement personnalis\u00e9, veuillez nous envoyer un e-mail \u00e0 <a style=\"color: #ff4612;\" href=\"mailto:orders@mpressprint.com\" target=\"_blank\" rel=\"noopener noreferrer\">orders@mpressprint.com<\/a>.<\/p>\n<p>Si des travaux de conception sont requis, veuillez nous envoyer un courriel \u00e0 <a style=\"color: #ff4612;\" href=\"mailto:design@mpressprint.com\" target=\"_blank\" rel=\"noopener noreferrer\">design@mpressprint.com<\/a>.<\/p>\n<p>Heure limite : 11 a.m.<br \/>\nLe d\u00e9lai d&#8217;ex\u00e9cution est de 6 \u00e0 7 jours ouvrables.<\/p>\n<p>L&#8217;exp\u00e9dition est en sus<\/p>\n<p>Ramassage gratuit \u00e0 Pointe-Claire<\/p>\n","protected":false},"excerpt":{"rendered":"<p>Pour obtenir un devis, veuillez contacter\u00a0<a href=\"mailto:orders@mpressprint.com\">orders@mpressprint.com<\/a><\/p>\n","protected":false},"featured_media":24515,"template":"","meta":[],"product_brand":[],"product_cat":[112],"product_tag":[],"class_list":{"0":"post-29439","1":"product","2":"type-product","3":"status-publish","4":"has-post-thumbnail","6":"product_cat-materiel-promotionnel","8":"first","9":"instock","10":"taxable","11":"shipping-taxable","12":"product-type-variable","13":"has-default-attributes"},"yoast_head":"<!-- This site is optimized with the Yoast SEO plugin v27.0 - https:\/\/yoast.com\/product\/yoast-seo-wordpress\/ -->\n<title>Brochures pli\u00e9es &#8211; Mpress Design &amp; Print<\/title>\n<meta name=\"description\" content=\"Avec diff\u00e9rentes tailles et options de pliage, vous \u00eates s\u00fbr d&#039;avoir l&#039;espace n\u00e9cessaire pour obtenir autant d&#039;informations que vous le souhaitez avec de belles images color\u00e9es assorties.\" \/>\n<meta name=\"robots\" content=\"index, follow, max-snippet:-1, max-image-preview:large, max-video-preview:-1\" \/>\n<link rel=\"canonical\" href=\"https:\/\/mpressprint.com\/fr\/produit\/brochures-pliees\/\" \/>\n<meta property=\"og:locale\" content=\"fr_FR\" \/>\n<meta property=\"og:type\" content=\"article\" \/>\n<meta property=\"og:title\" content=\"Brochures pli\u00e9es &#8211; Mpress Design &amp; Print\" \/>\n<meta property=\"og:description\" content=\"Avec diff\u00e9rentes tailles et options de pliage, vous \u00eates s\u00fbr d&#039;avoir l&#039;espace n\u00e9cessaire pour obtenir autant d&#039;informations que vous le souhaitez avec de belles images color\u00e9es assorties.\" \/>\n<meta property=\"og:url\" content=\"https:\/\/mpressprint.com\/fr\/produit\/brochures-pliees\/\" \/>\n<meta property=\"og:site_name\" content=\"Mpress Design &amp; Print\" \/>\n<meta property=\"article:modified_time\" content=\"2024-04-30T19:57:08+00:00\" \/>\n<meta property=\"og:image\" content=\"https:\/\/mpressprint.com\/wp-content\/uploads\/2019\/08\/folded-brochure1.jpg\" \/>\n\t<meta property=\"og:image:width\" content=\"601\" \/>\n\t<meta property=\"og:image:height\" content=\"601\" \/>\n\t<meta property=\"og:image:type\" content=\"image\/jpeg\" \/>\n<meta name=\"twitter:card\" content=\"summary_large_image\" \/>\n<meta name=\"twitter:label1\" content=\"Est. reading time\" \/>\n\t<meta name=\"twitter:data1\" content=\"1 minute\" \/>\n<script type=\"application\/ld+json\" class=\"yoast-schema-graph\">{\"@context\":\"https:\/\/schema.org\",\"@graph\":[{\"@type\":[\"WebPage\",\"ItemPage\"],\"@id\":\"https:\/\/mpressprint.com\/fr\/produit\/brochures-pliees\/\",\"url\":\"https:\/\/mpressprint.com\/fr\/produit\/brochures-pliees\/\",\"name\":\"Brochures pli\u00e9es &#8211; Mpress Design &amp; Print\",\"isPartOf\":{\"@id\":\"https:\/\/mpressprint.com\/#website\"},\"primaryImageOfPage\":{\"@id\":\"https:\/\/mpressprint.com\/fr\/produit\/brochures-pliees\/#primaryimage\"},\"image\":{\"@id\":\"https:\/\/mpressprint.com\/fr\/produit\/brochures-pliees\/#primaryimage\"},\"thumbnailUrl\":\"https:\/\/mpressprint.com\/wp-content\/uploads\/2019\/08\/folded-brochure1.jpg\",\"datePublished\":\"2023-08-09T20:03:20+00:00\",\"dateModified\":\"2024-04-30T19:57:08+00:00\",\"description\":\"Avec diff\u00e9rentes tailles et options de pliage, vous \u00eates s\u00fbr d'avoir l'espace n\u00e9cessaire pour obtenir autant d'informations que vous le souhaitez avec de belles images color\u00e9es assorties.\",\"breadcrumb\":{\"@id\":\"https:\/\/mpressprint.com\/fr\/produit\/brochures-pliees\/#breadcrumb\"},\"inLanguage\":\"fr-FR\",\"potentialAction\":[{\"@type\":\"ReadAction\",\"target\":[\"https:\/\/mpressprint.com\/fr\/produit\/brochures-pliees\/\"]}]},{\"@type\":\"ImageObject\",\"inLanguage\":\"fr-FR\",\"@id\":\"https:\/\/mpressprint.com\/fr\/produit\/brochures-pliees\/#primaryimage\",\"url\":\"https:\/\/mpressprint.com\/wp-content\/uploads\/2019\/08\/folded-brochure1.jpg\",\"contentUrl\":\"https:\/\/mpressprint.com\/wp-content\/uploads\/2019\/08\/folded-brochure1.jpg\",\"width\":601,\"height\":601,\"caption\":\"folded brochure\"},{\"@type\":\"BreadcrumbList\",\"@id\":\"https:\/\/mpressprint.com\/fr\/produit\/brochures-pliees\/#breadcrumb\",\"itemListElement\":[{\"@type\":\"ListItem\",\"position\":1,\"name\":\"Home\",\"item\":\"https:\/\/mpressprint.com\/fr\/\"},{\"@type\":\"ListItem\",\"position\":2,\"name\":\"Shop\",\"item\":\"https:\/\/mpressprint.com\/shop\/\"},{\"@type\":\"ListItem\",\"position\":3,\"name\":\"Brochures pli\u00e9es\"}]},{\"@type\":\"WebSite\",\"@id\":\"https:\/\/mpressprint.com\/#website\",\"url\":\"https:\/\/mpressprint.com\/\",\"name\":\"Mpress Design &amp; Print\",\"description\":\"Montreal - Pointe-Claire | Digital &amp; Offset printing | Large format | Mpress Design &amp; Print\",\"publisher\":{\"@id\":\"https:\/\/mpressprint.com\/#organization\"},\"potentialAction\":[{\"@type\":\"SearchAction\",\"target\":{\"@type\":\"EntryPoint\",\"urlTemplate\":\"https:\/\/mpressprint.com\/?s={search_term_string}\"},\"query-input\":{\"@type\":\"PropertyValueSpecification\",\"valueRequired\":true,\"valueName\":\"search_term_string\"}}],\"inLanguage\":\"fr-FR\"},{\"@type\":\"Organization\",\"@id\":\"https:\/\/mpressprint.com\/#organization\",\"name\":\"Mpress Print inc.\",\"url\":\"https:\/\/mpressprint.com\/\",\"logo\":{\"@type\":\"ImageObject\",\"inLanguage\":\"fr-FR\",\"@id\":\"https:\/\/mpressprint.com\/#\/schema\/logo\/image\/\",\"url\":\"https:\/\/mpressprint.com\/wp-content\/uploads\/2019\/07\/mpress-logo.png\",\"contentUrl\":\"https:\/\/mpressprint.com\/wp-content\/uploads\/2019\/07\/mpress-logo.png\",\"width\":320,\"height\":86,\"caption\":\"Mpress Print inc.\"},\"image\":{\"@id\":\"https:\/\/mpressprint.com\/#\/schema\/logo\/image\/\"}}]}<\/script>\n<!-- \/ Yoast SEO plugin. -->","yoast_head_json":{"title":"Brochures pli\u00e9es &#8211; Mpress Design &amp; Print","description":"Avec diff\u00e9rentes tailles et options de pliage, vous \u00eates s\u00fbr d'avoir l'espace n\u00e9cessaire pour obtenir autant d'informations que vous le souhaitez avec de belles images color\u00e9es assorties.","robots":{"index":"index","follow":"follow","max-snippet":"max-snippet:-1","max-image-preview":"max-image-preview:large","max-video-preview":"max-video-preview:-1"},"canonical":"https:\/\/mpressprint.com\/fr\/produit\/brochures-pliees\/","og_locale":"fr_FR","og_type":"article","og_title":"Brochures pli\u00e9es &#8211; Mpress Design &amp; Print","og_description":"Avec diff\u00e9rentes tailles et options de pliage, vous \u00eates s\u00fbr d'avoir l'espace n\u00e9cessaire pour obtenir autant d'informations que vous le souhaitez avec de belles images color\u00e9es assorties.","og_url":"https:\/\/mpressprint.com\/fr\/produit\/brochures-pliees\/","og_site_name":"Mpress Design &amp; Print","article_modified_time":"2024-04-30T19:57:08+00:00","og_image":[{"width":601,"height":601,"url":"https:\/\/mpressprint.com\/wp-content\/uploads\/2019\/08\/folded-brochure1.jpg","type":"image\/jpeg"}],"twitter_card":"summary_large_image","twitter_misc":{"Est. reading time":"1 minute"},"schema":{"@context":"https:\/\/schema.org","@graph":[{"@type":["WebPage","ItemPage"],"@id":"https:\/\/mpressprint.com\/fr\/produit\/brochures-pliees\/","url":"https:\/\/mpressprint.com\/fr\/produit\/brochures-pliees\/","name":"Brochures pli\u00e9es &#8211; Mpress Design &amp; Print","isPartOf":{"@id":"https:\/\/mpressprint.com\/#website"},"primaryImageOfPage":{"@id":"https:\/\/mpressprint.com\/fr\/produit\/brochures-pliees\/#primaryimage"},"image":{"@id":"https:\/\/mpressprint.com\/fr\/produit\/brochures-pliees\/#primaryimage"},"thumbnailUrl":"https:\/\/mpressprint.com\/wp-content\/uploads\/2019\/08\/folded-brochure1.jpg","datePublished":"2023-08-09T20:03:20+00:00","dateModified":"2024-04-30T19:57:08+00:00","description":"Avec diff\u00e9rentes tailles et options de pliage, vous \u00eates s\u00fbr d'avoir l'espace n\u00e9cessaire pour obtenir autant d'informations que vous le souhaitez avec de belles images color\u00e9es assorties.","breadcrumb":{"@id":"https:\/\/mpressprint.com\/fr\/produit\/brochures-pliees\/#breadcrumb"},"inLanguage":"fr-FR","potentialAction":[{"@type":"ReadAction","target":["https:\/\/mpressprint.com\/fr\/produit\/brochures-pliees\/"]}]},{"@type":"ImageObject","inLanguage":"fr-FR","@id":"https:\/\/mpressprint.com\/fr\/produit\/brochures-pliees\/#primaryimage","url":"https:\/\/mpressprint.com\/wp-content\/uploads\/2019\/08\/folded-brochure1.jpg","contentUrl":"https:\/\/mpressprint.com\/wp-content\/uploads\/2019\/08\/folded-brochure1.jpg","width":601,"height":601,"caption":"folded brochure"},{"@type":"BreadcrumbList","@id":"https:\/\/mpressprint.com\/fr\/produit\/brochures-pliees\/#breadcrumb","itemListElement":[{"@type":"ListItem","position":1,"name":"Home","item":"https:\/\/mpressprint.com\/fr\/"},{"@type":"ListItem","position":2,"name":"Shop","item":"https:\/\/mpressprint.com\/shop\/"},{"@type":"ListItem","position":3,"name":"Brochures pli\u00e9es"}]},{"@type":"WebSite","@id":"https:\/\/mpressprint.com\/#website","url":"https:\/\/mpressprint.com\/","name":"Mpress Design &amp; Print","description":"Montreal - Pointe-Claire | Digital &amp; Offset printing | Large format | Mpress Design &amp; Print","publisher":{"@id":"https:\/\/mpressprint.com\/#organization"},"potentialAction":[{"@type":"SearchAction","target":{"@type":"EntryPoint","urlTemplate":"https:\/\/mpressprint.com\/?s={search_term_string}"},"query-input":{"@type":"PropertyValueSpecification","valueRequired":true,"valueName":"search_term_string"}}],"inLanguage":"fr-FR"},{"@type":"Organization","@id":"https:\/\/mpressprint.com\/#organization","name":"Mpress Print inc.","url":"https:\/\/mpressprint.com\/","logo":{"@type":"ImageObject","inLanguage":"fr-FR","@id":"https:\/\/mpressprint.com\/#\/schema\/logo\/image\/","url":"https:\/\/mpressprint.com\/wp-content\/uploads\/2019\/07\/mpress-logo.png","contentUrl":"https:\/\/mpressprint.com\/wp-content\/uploads\/2019\/07\/mpress-logo.png","width":320,"height":86,"caption":"Mpress Print inc."},"image":{"@id":"https:\/\/mpressprint.com\/#\/schema\/logo\/image\/"}}]}},"_links":{"self":[{"href":"https:\/\/mpressprint.com\/fr\/wp-json\/wp\/v2\/product\/29439","targetHints":{"allow":["GET"]}}],"collection":[{"href":"https:\/\/mpressprint.com\/fr\/wp-json\/wp\/v2\/product"}],"about":[{"href":"https:\/\/mpressprint.com\/fr\/wp-json\/wp\/v2\/types\/product"}],"wp:featuredmedia":[{"embeddable":true,"href":"https:\/\/mpressprint.com\/fr\/wp-json\/wp\/v2\/media\/24515"}],"wp:attachment":[{"href":"https:\/\/mpressprint.com\/fr\/wp-json\/wp\/v2\/media?parent=29439"}],"wp:term":[{"taxonomy":"product_brand","embeddable":true,"href":"https:\/\/mpressprint.com\/fr\/wp-json\/wp\/v2\/product_brand?post=29439"},{"taxonomy":"product_cat","embeddable":true,"href":"https:\/\/mpressprint.com\/fr\/wp-json\/wp\/v2\/product_cat?post=29439"},{"taxonomy":"product_tag","embeddable":true,"href":"https:\/\/mpressprint.com\/fr\/wp-json\/wp\/v2\/product_tag?post=29439"}],"curies":[{"name":"wp","href":"https:\/\/api.w.org\/{rel}","templated":true}]}}