{"id":29408,"date":"2019-08-07T15:01:01","date_gmt":"2023-08-09T17:49:44","guid":{"rendered":"https:\/\/mpressprint.com\/?post_type=product&#038;p=29408"},"modified":"2024-04-30T15:32:07","modified_gmt":"2024-04-30T20:32:07","slug":"18-pts-toucher-doux","status":"publish","type":"product","link":"https:\/\/mpressprint.com\/fr\/produit\/18-pts-toucher-doux\/","title":{"rendered":"18 points doux au toucher"},"content":{"rendered":"<p>Soft Touch ou Suede\/Velours \u00e0 18 points d&#8217;\u00e9paisseur est une autre de nos cartes de visite &#8220;Soft to the Touch, Great Feeling&#8221;.<br \/>\nLe lamin\u00e9 de chaque c\u00f4t\u00e9 contribue \u00e0 la durabilit\u00e9 et son mat\u00e9riau est \u00e9galement id\u00e9al contre les \u00e9raflures afin que votre<br \/>\nles cartes restent fra\u00eeches comme le jour o\u00f9 elles ont \u00e9t\u00e9 imprim\u00e9es ! L&#8217;impression en couleur des deux c\u00f4t\u00e9s est disponible.<\/p>\n<p class=\"p1\"><span class=\"s1\">Si un travail de conception est requis, veuillez nous envoyer un courriel \u00e0 <a href=\"mailto:design@mpressprint.com\"><span class=\"s2\">design@mpressprint.com<\/span><\/a> pour obtenir un devis.<\/span><\/p>\n<p class=\"p2\"><span class=\"s3\">Heure limite : 11h.<\/span><span class=\"s1\"><br \/>\n<\/span><span class=\"s3\">D\u00e9lai d&#8217;ex\u00e9cution : 5-7 jours ouvrables.<\/span><\/p>\n<p class=\"p2\"><span class=\"s3\"> <\/span><\/p>\n","protected":false},"excerpt":{"rendered":"<p>Pour obtenir un devis, veuillez contacter <a href=\"mailto:orders@mpressprint.com\">orders@mpressprint.com<\/a><\/p>\n","protected":false},"featured_media":20202,"template":"","meta":[],"product_brand":[],"product_cat":[110],"product_tag":[],"class_list":{"0":"post-29408","1":"product","2":"type-product","3":"status-publish","4":"has-post-thumbnail","6":"product_cat-cartes-de-visite","8":"first","9":"instock","10":"taxable","11":"shipping-taxable","12":"product-type-variable","13":"has-default-attributes"},"yoast_head":"<!-- This site is optimized with the Yoast SEO plugin v27.0 - https:\/\/yoast.com\/product\/yoast-seo-wordpress\/ -->\n<title>18 points doux au toucher &#8211; Mpress Design &amp; Print<\/title>\n<meta name=\"description\" content=\"Lamin\u00e9 de chaque c\u00f4t\u00e9 pour plus de durabilit\u00e9 et son mat\u00e9riau est \u00e9galement id\u00e9al contre les \u00e9raflures afin que vos cartes restent fra\u00eeches comme le jour o\u00f9 elles ont \u00e9t\u00e9 imprim\u00e9es.\" \/>\n<meta name=\"robots\" content=\"index, follow, max-snippet:-1, max-image-preview:large, max-video-preview:-1\" \/>\n<link rel=\"canonical\" href=\"https:\/\/mpressprint.com\/fr\/produit\/18-pts-toucher-doux\/\" \/>\n<meta property=\"og:locale\" content=\"fr_FR\" \/>\n<meta property=\"og:type\" content=\"article\" \/>\n<meta property=\"og:title\" content=\"18 points doux au toucher &#8211; Mpress Design &amp; Print\" \/>\n<meta property=\"og:description\" content=\"Lamin\u00e9 de chaque c\u00f4t\u00e9 pour plus de durabilit\u00e9 et son mat\u00e9riau est \u00e9galement id\u00e9al contre les \u00e9raflures afin que vos cartes restent fra\u00eeches comme le jour o\u00f9 elles ont \u00e9t\u00e9 imprim\u00e9es.\" \/>\n<meta property=\"og:url\" content=\"https:\/\/mpressprint.com\/fr\/produit\/18-pts-toucher-doux\/\" \/>\n<meta property=\"og:site_name\" content=\"Mpress Design &amp; Print\" \/>\n<meta property=\"article:modified_time\" content=\"2024-04-30T20:32:07+00:00\" \/>\n<meta property=\"og:image\" content=\"https:\/\/mpressprint.com\/wp-content\/uploads\/2019\/08\/18pts-suede-velvet.jpg\" \/>\n\t<meta property=\"og:image:width\" content=\"600\" \/>\n\t<meta property=\"og:image:height\" content=\"600\" \/>\n\t<meta property=\"og:image:type\" content=\"image\/jpeg\" \/>\n<meta name=\"twitter:card\" content=\"summary_large_image\" \/>\n<meta name=\"twitter:label1\" content=\"Est. reading time\" \/>\n\t<meta name=\"twitter:data1\" content=\"1 minute\" \/>\n<script type=\"application\/ld+json\" class=\"yoast-schema-graph\">{\"@context\":\"https:\/\/schema.org\",\"@graph\":[{\"@type\":[\"WebPage\",\"ItemPage\"],\"@id\":\"https:\/\/mpressprint.com\/fr\/produit\/18-pts-toucher-doux\/\",\"url\":\"https:\/\/mpressprint.com\/fr\/produit\/18-pts-toucher-doux\/\",\"name\":\"18 points doux au toucher &#8211; Mpress Design &amp; Print\",\"isPartOf\":{\"@id\":\"https:\/\/mpressprint.com\/#website\"},\"primaryImageOfPage\":{\"@id\":\"https:\/\/mpressprint.com\/fr\/produit\/18-pts-toucher-doux\/#primaryimage\"},\"image\":{\"@id\":\"https:\/\/mpressprint.com\/fr\/produit\/18-pts-toucher-doux\/#primaryimage\"},\"thumbnailUrl\":\"https:\/\/mpressprint.com\/wp-content\/uploads\/2019\/08\/18pts-suede-velvet.jpg\",\"datePublished\":\"2023-08-09T17:49:44+00:00\",\"dateModified\":\"2024-04-30T20:32:07+00:00\",\"description\":\"Lamin\u00e9 de chaque c\u00f4t\u00e9 pour plus de durabilit\u00e9 et son mat\u00e9riau est \u00e9galement id\u00e9al contre les \u00e9raflures afin que vos cartes restent fra\u00eeches comme le jour o\u00f9 elles ont \u00e9t\u00e9 imprim\u00e9es.\",\"breadcrumb\":{\"@id\":\"https:\/\/mpressprint.com\/fr\/produit\/18-pts-toucher-doux\/#breadcrumb\"},\"inLanguage\":\"fr-FR\",\"potentialAction\":[{\"@type\":\"ReadAction\",\"target\":[\"https:\/\/mpressprint.com\/fr\/produit\/18-pts-toucher-doux\/\"]}]},{\"@type\":\"ImageObject\",\"inLanguage\":\"fr-FR\",\"@id\":\"https:\/\/mpressprint.com\/fr\/produit\/18-pts-toucher-doux\/#primaryimage\",\"url\":\"https:\/\/mpressprint.com\/wp-content\/uploads\/2019\/08\/18pts-suede-velvet.jpg\",\"contentUrl\":\"https:\/\/mpressprint.com\/wp-content\/uploads\/2019\/08\/18pts-suede-velvet.jpg\",\"width\":600,\"height\":600},{\"@type\":\"BreadcrumbList\",\"@id\":\"https:\/\/mpressprint.com\/fr\/produit\/18-pts-toucher-doux\/#breadcrumb\",\"itemListElement\":[{\"@type\":\"ListItem\",\"position\":1,\"name\":\"Home\",\"item\":\"https:\/\/mpressprint.com\/fr\/\"},{\"@type\":\"ListItem\",\"position\":2,\"name\":\"Shop\",\"item\":\"https:\/\/mpressprint.com\/shop\/\"},{\"@type\":\"ListItem\",\"position\":3,\"name\":\"18 points doux au toucher\"}]},{\"@type\":\"WebSite\",\"@id\":\"https:\/\/mpressprint.com\/#website\",\"url\":\"https:\/\/mpressprint.com\/\",\"name\":\"Mpress Design &amp; Print\",\"description\":\"Montreal - Pointe-Claire | Digital &amp; Offset printing | Large format | Mpress Design &amp; Print\",\"publisher\":{\"@id\":\"https:\/\/mpressprint.com\/#organization\"},\"potentialAction\":[{\"@type\":\"SearchAction\",\"target\":{\"@type\":\"EntryPoint\",\"urlTemplate\":\"https:\/\/mpressprint.com\/?s={search_term_string}\"},\"query-input\":{\"@type\":\"PropertyValueSpecification\",\"valueRequired\":true,\"valueName\":\"search_term_string\"}}],\"inLanguage\":\"fr-FR\"},{\"@type\":\"Organization\",\"@id\":\"https:\/\/mpressprint.com\/#organization\",\"name\":\"Mpress Print inc.\",\"url\":\"https:\/\/mpressprint.com\/\",\"logo\":{\"@type\":\"ImageObject\",\"inLanguage\":\"fr-FR\",\"@id\":\"https:\/\/mpressprint.com\/#\/schema\/logo\/image\/\",\"url\":\"https:\/\/mpressprint.com\/wp-content\/uploads\/2019\/07\/mpress-logo.png\",\"contentUrl\":\"https:\/\/mpressprint.com\/wp-content\/uploads\/2019\/07\/mpress-logo.png\",\"width\":320,\"height\":86,\"caption\":\"Mpress Print inc.\"},\"image\":{\"@id\":\"https:\/\/mpressprint.com\/#\/schema\/logo\/image\/\"}}]}<\/script>\n<!-- \/ Yoast SEO plugin. -->","yoast_head_json":{"title":"18 points doux au toucher &#8211; Mpress Design &amp; Print","description":"Lamin\u00e9 de chaque c\u00f4t\u00e9 pour plus de durabilit\u00e9 et son mat\u00e9riau est \u00e9galement id\u00e9al contre les \u00e9raflures afin que vos cartes restent fra\u00eeches comme le jour o\u00f9 elles ont \u00e9t\u00e9 imprim\u00e9es.","robots":{"index":"index","follow":"follow","max-snippet":"max-snippet:-1","max-image-preview":"max-image-preview:large","max-video-preview":"max-video-preview:-1"},"canonical":"https:\/\/mpressprint.com\/fr\/produit\/18-pts-toucher-doux\/","og_locale":"fr_FR","og_type":"article","og_title":"18 points doux au toucher &#8211; Mpress Design &amp; Print","og_description":"Lamin\u00e9 de chaque c\u00f4t\u00e9 pour plus de durabilit\u00e9 et son mat\u00e9riau est \u00e9galement id\u00e9al contre les \u00e9raflures afin que vos cartes restent fra\u00eeches comme le jour o\u00f9 elles ont \u00e9t\u00e9 imprim\u00e9es.","og_url":"https:\/\/mpressprint.com\/fr\/produit\/18-pts-toucher-doux\/","og_site_name":"Mpress Design &amp; Print","article_modified_time":"2024-04-30T20:32:07+00:00","og_image":[{"width":600,"height":600,"url":"https:\/\/mpressprint.com\/wp-content\/uploads\/2019\/08\/18pts-suede-velvet.jpg","type":"image\/jpeg"}],"twitter_card":"summary_large_image","twitter_misc":{"Est. reading time":"1 minute"},"schema":{"@context":"https:\/\/schema.org","@graph":[{"@type":["WebPage","ItemPage"],"@id":"https:\/\/mpressprint.com\/fr\/produit\/18-pts-toucher-doux\/","url":"https:\/\/mpressprint.com\/fr\/produit\/18-pts-toucher-doux\/","name":"18 points doux au toucher &#8211; Mpress Design &amp; Print","isPartOf":{"@id":"https:\/\/mpressprint.com\/#website"},"primaryImageOfPage":{"@id":"https:\/\/mpressprint.com\/fr\/produit\/18-pts-toucher-doux\/#primaryimage"},"image":{"@id":"https:\/\/mpressprint.com\/fr\/produit\/18-pts-toucher-doux\/#primaryimage"},"thumbnailUrl":"https:\/\/mpressprint.com\/wp-content\/uploads\/2019\/08\/18pts-suede-velvet.jpg","datePublished":"2023-08-09T17:49:44+00:00","dateModified":"2024-04-30T20:32:07+00:00","description":"Lamin\u00e9 de chaque c\u00f4t\u00e9 pour plus de durabilit\u00e9 et son mat\u00e9riau est \u00e9galement id\u00e9al contre les \u00e9raflures afin que vos cartes restent fra\u00eeches comme le jour o\u00f9 elles ont \u00e9t\u00e9 imprim\u00e9es.","breadcrumb":{"@id":"https:\/\/mpressprint.com\/fr\/produit\/18-pts-toucher-doux\/#breadcrumb"},"inLanguage":"fr-FR","potentialAction":[{"@type":"ReadAction","target":["https:\/\/mpressprint.com\/fr\/produit\/18-pts-toucher-doux\/"]}]},{"@type":"ImageObject","inLanguage":"fr-FR","@id":"https:\/\/mpressprint.com\/fr\/produit\/18-pts-toucher-doux\/#primaryimage","url":"https:\/\/mpressprint.com\/wp-content\/uploads\/2019\/08\/18pts-suede-velvet.jpg","contentUrl":"https:\/\/mpressprint.com\/wp-content\/uploads\/2019\/08\/18pts-suede-velvet.jpg","width":600,"height":600},{"@type":"BreadcrumbList","@id":"https:\/\/mpressprint.com\/fr\/produit\/18-pts-toucher-doux\/#breadcrumb","itemListElement":[{"@type":"ListItem","position":1,"name":"Home","item":"https:\/\/mpressprint.com\/fr\/"},{"@type":"ListItem","position":2,"name":"Shop","item":"https:\/\/mpressprint.com\/shop\/"},{"@type":"ListItem","position":3,"name":"18 points doux au toucher"}]},{"@type":"WebSite","@id":"https:\/\/mpressprint.com\/#website","url":"https:\/\/mpressprint.com\/","name":"Mpress Design &amp; Print","description":"Montreal - Pointe-Claire | Digital &amp; Offset printing | Large format | Mpress Design &amp; Print","publisher":{"@id":"https:\/\/mpressprint.com\/#organization"},"potentialAction":[{"@type":"SearchAction","target":{"@type":"EntryPoint","urlTemplate":"https:\/\/mpressprint.com\/?s={search_term_string}"},"query-input":{"@type":"PropertyValueSpecification","valueRequired":true,"valueName":"search_term_string"}}],"inLanguage":"fr-FR"},{"@type":"Organization","@id":"https:\/\/mpressprint.com\/#organization","name":"Mpress Print inc.","url":"https:\/\/mpressprint.com\/","logo":{"@type":"ImageObject","inLanguage":"fr-FR","@id":"https:\/\/mpressprint.com\/#\/schema\/logo\/image\/","url":"https:\/\/mpressprint.com\/wp-content\/uploads\/2019\/07\/mpress-logo.png","contentUrl":"https:\/\/mpressprint.com\/wp-content\/uploads\/2019\/07\/mpress-logo.png","width":320,"height":86,"caption":"Mpress Print inc."},"image":{"@id":"https:\/\/mpressprint.com\/#\/schema\/logo\/image\/"}}]}},"_links":{"self":[{"href":"https:\/\/mpressprint.com\/fr\/wp-json\/wp\/v2\/product\/29408","targetHints":{"allow":["GET"]}}],"collection":[{"href":"https:\/\/mpressprint.com\/fr\/wp-json\/wp\/v2\/product"}],"about":[{"href":"https:\/\/mpressprint.com\/fr\/wp-json\/wp\/v2\/types\/product"}],"wp:featuredmedia":[{"embeddable":true,"href":"https:\/\/mpressprint.com\/fr\/wp-json\/wp\/v2\/media\/20202"}],"wp:attachment":[{"href":"https:\/\/mpressprint.com\/fr\/wp-json\/wp\/v2\/media?parent=29408"}],"wp:term":[{"taxonomy":"product_brand","embeddable":true,"href":"https:\/\/mpressprint.com\/fr\/wp-json\/wp\/v2\/product_brand?post=29408"},{"taxonomy":"product_cat","embeddable":true,"href":"https:\/\/mpressprint.com\/fr\/wp-json\/wp\/v2\/product_cat?post=29408"},{"taxonomy":"product_tag","embeddable":true,"href":"https:\/\/mpressprint.com\/fr\/wp-json\/wp\/v2\/product_tag?post=29408"}],"curies":[{"name":"wp","href":"https:\/\/api.w.org\/{rel}","templated":true}]}}