{"id":29395,"date":"2019-08-07T14:04:51","date_gmt":"2023-08-09T17:29:59","guid":{"rendered":"https:\/\/mpressprint.com\/?post_type=product&#038;p=29395"},"modified":"2024-04-30T15:34:12","modified_gmt":"2024-04-30T20:34:12","slug":"16-pts-silk-matte-spot-uv","status":"publish","type":"product","link":"https:\/\/mpressprint.com\/fr\/produit\/16-pts-silk-matte-spot-uv\/","title":{"rendered":"16 pts Silk Matte + Spot UV"},"content":{"rendered":"<p>Notre Silk Matte + Spot UV \u00e0 16 points est une autre de nos cartes de visite de la plus haute qualit\u00e9. Ils ont<br \/>\nun aspect mat, sont doux au toucher, et sa meilleure caract\u00e9ristique, Spot UV ! Am\u00e9liorez n&#8217;importe quelle caract\u00e9ristique de conception<br \/>\nsur votre carte comme le logo de votre entreprise ou un motif en le faisant briller ! Un moyen id\u00e9al pour mettre en valeur votre<br \/>\n\u00e9l\u00e9ments de marque comme ses d\u00e9tails comme ceux-ci qui vraiment <em>Cr\u00e9er la marque<\/em>. Ces cartes sont durables, durables,<br \/>\net r\u00e9sistant \u00e0 l&#8217;eau et aux d\u00e9chirures. <span class=\"s1\">L&#8217;impression couleur et Spot UV des deux c\u00f4t\u00e9s sont disponibles.<\/span><\/p>\n<p class=\"p1\"><span class=\"s1\">Si un travail de conception est requis, veuillez nous envoyer un courriel \u00e0 <a href=\"mailto:design@mpressprint.com\"><span class=\"s2\">design@mpressprint.com<\/span><\/a> pour obtenir un devis.<\/span><\/p>\n<p class=\"p2\"><span class=\"s3\">Heure limite : 11h.<\/span><span class=\"s1\"><br \/>\n<\/span><span class=\"s3\">D\u00e9lai d&#8217;ex\u00e9cution : 5-7 jours ouvrables.<\/span><\/p>\n","protected":false},"excerpt":{"rendered":"<p>Pour obtenir un devis, veuillez contacter <a href=\"mailto:orders@mpressprint.com\">orders@mpressprint.com<\/a><\/p>\n","protected":false},"featured_media":20167,"template":"","meta":[],"product_brand":[],"product_cat":[110],"product_tag":[],"class_list":{"0":"post-29395","1":"product","2":"type-product","3":"status-publish","4":"has-post-thumbnail","6":"product_cat-cartes-de-visite","8":"first","9":"instock","10":"taxable","11":"shipping-taxable","12":"product-type-variable","13":"has-default-attributes"},"yoast_head":"<!-- This site is optimized with the Yoast SEO plugin v27.0 - https:\/\/yoast.com\/product\/yoast-seo-wordpress\/ -->\n<title>16 pts Silk Matte + Spot UV &#8211; Mpress Design &amp; Print<\/title>\n<meta name=\"description\" content=\"Notre Silk Matte + Spot UV \u00e0 16 points est une autre de nos cartes de visite de la plus haute qualit\u00e9. Am\u00e9liorez n&#039;importe quelle caract\u00e9ristique de conception sur votre carte comme le logo de votre entreprise ou un motif en le faisant briller !\" \/>\n<meta name=\"robots\" content=\"index, follow, max-snippet:-1, max-image-preview:large, max-video-preview:-1\" \/>\n<link rel=\"canonical\" href=\"https:\/\/mpressprint.com\/fr\/produit\/16-pts-silk-matte-spot-uv\/\" \/>\n<meta property=\"og:locale\" content=\"fr_FR\" \/>\n<meta property=\"og:type\" content=\"article\" \/>\n<meta property=\"og:title\" content=\"16 pts Silk Matte + Spot UV &#8211; Mpress Design &amp; Print\" \/>\n<meta property=\"og:description\" content=\"Notre Silk Matte + Spot UV \u00e0 16 points est une autre de nos cartes de visite de la plus haute qualit\u00e9. Am\u00e9liorez n&#039;importe quelle caract\u00e9ristique de conception sur votre carte comme le logo de votre entreprise ou un motif en le faisant briller !\" \/>\n<meta property=\"og:url\" content=\"https:\/\/mpressprint.com\/fr\/produit\/16-pts-silk-matte-spot-uv\/\" \/>\n<meta property=\"og:site_name\" content=\"Mpress Design &amp; Print\" \/>\n<meta property=\"article:modified_time\" content=\"2024-04-30T20:34:12+00:00\" \/>\n<meta property=\"og:image\" content=\"https:\/\/mpressprint.com\/wp-content\/uploads\/2019\/08\/16pts-silk-matte-spot-uv.jpg\" \/>\n\t<meta property=\"og:image:width\" content=\"600\" \/>\n\t<meta property=\"og:image:height\" content=\"600\" \/>\n\t<meta property=\"og:image:type\" content=\"image\/jpeg\" \/>\n<meta name=\"twitter:card\" content=\"summary_large_image\" \/>\n<meta name=\"twitter:label1\" content=\"Est. reading time\" \/>\n\t<meta name=\"twitter:data1\" content=\"1 minute\" \/>\n<script type=\"application\/ld+json\" class=\"yoast-schema-graph\">{\"@context\":\"https:\/\/schema.org\",\"@graph\":[{\"@type\":[\"WebPage\",\"ItemPage\"],\"@id\":\"https:\/\/mpressprint.com\/fr\/produit\/16-pts-silk-matte-spot-uv\/\",\"url\":\"https:\/\/mpressprint.com\/fr\/produit\/16-pts-silk-matte-spot-uv\/\",\"name\":\"16 pts Silk Matte + Spot UV &#8211; Mpress Design &amp; Print\",\"isPartOf\":{\"@id\":\"https:\/\/mpressprint.com\/#website\"},\"primaryImageOfPage\":{\"@id\":\"https:\/\/mpressprint.com\/fr\/produit\/16-pts-silk-matte-spot-uv\/#primaryimage\"},\"image\":{\"@id\":\"https:\/\/mpressprint.com\/fr\/produit\/16-pts-silk-matte-spot-uv\/#primaryimage\"},\"thumbnailUrl\":\"https:\/\/mpressprint.com\/wp-content\/uploads\/2019\/08\/16pts-silk-matte-spot-uv.jpg\",\"datePublished\":\"2023-08-09T17:29:59+00:00\",\"dateModified\":\"2024-04-30T20:34:12+00:00\",\"description\":\"Notre Silk Matte + Spot UV \u00e0 16 points est une autre de nos cartes de visite de la plus haute qualit\u00e9. Am\u00e9liorez n'importe quelle caract\u00e9ristique de conception sur votre carte comme le logo de votre entreprise ou un motif en le faisant briller !\",\"breadcrumb\":{\"@id\":\"https:\/\/mpressprint.com\/fr\/produit\/16-pts-silk-matte-spot-uv\/#breadcrumb\"},\"inLanguage\":\"fr-FR\",\"potentialAction\":[{\"@type\":\"ReadAction\",\"target\":[\"https:\/\/mpressprint.com\/fr\/produit\/16-pts-silk-matte-spot-uv\/\"]}]},{\"@type\":\"ImageObject\",\"inLanguage\":\"fr-FR\",\"@id\":\"https:\/\/mpressprint.com\/fr\/produit\/16-pts-silk-matte-spot-uv\/#primaryimage\",\"url\":\"https:\/\/mpressprint.com\/wp-content\/uploads\/2019\/08\/16pts-silk-matte-spot-uv.jpg\",\"contentUrl\":\"https:\/\/mpressprint.com\/wp-content\/uploads\/2019\/08\/16pts-silk-matte-spot-uv.jpg\",\"width\":600,\"height\":600},{\"@type\":\"BreadcrumbList\",\"@id\":\"https:\/\/mpressprint.com\/fr\/produit\/16-pts-silk-matte-spot-uv\/#breadcrumb\",\"itemListElement\":[{\"@type\":\"ListItem\",\"position\":1,\"name\":\"Home\",\"item\":\"https:\/\/mpressprint.com\/fr\/\"},{\"@type\":\"ListItem\",\"position\":2,\"name\":\"Shop\",\"item\":\"https:\/\/mpressprint.com\/shop\/\"},{\"@type\":\"ListItem\",\"position\":3,\"name\":\"16 pts Silk Matte + Spot UV\"}]},{\"@type\":\"WebSite\",\"@id\":\"https:\/\/mpressprint.com\/#website\",\"url\":\"https:\/\/mpressprint.com\/\",\"name\":\"Mpress Design &amp; Print\",\"description\":\"Montreal - Pointe-Claire | Digital &amp; Offset printing | Large format | Mpress Design &amp; Print\",\"publisher\":{\"@id\":\"https:\/\/mpressprint.com\/#organization\"},\"potentialAction\":[{\"@type\":\"SearchAction\",\"target\":{\"@type\":\"EntryPoint\",\"urlTemplate\":\"https:\/\/mpressprint.com\/?s={search_term_string}\"},\"query-input\":{\"@type\":\"PropertyValueSpecification\",\"valueRequired\":true,\"valueName\":\"search_term_string\"}}],\"inLanguage\":\"fr-FR\"},{\"@type\":\"Organization\",\"@id\":\"https:\/\/mpressprint.com\/#organization\",\"name\":\"Mpress Print inc.\",\"url\":\"https:\/\/mpressprint.com\/\",\"logo\":{\"@type\":\"ImageObject\",\"inLanguage\":\"fr-FR\",\"@id\":\"https:\/\/mpressprint.com\/#\/schema\/logo\/image\/\",\"url\":\"https:\/\/mpressprint.com\/wp-content\/uploads\/2019\/07\/mpress-logo.png\",\"contentUrl\":\"https:\/\/mpressprint.com\/wp-content\/uploads\/2019\/07\/mpress-logo.png\",\"width\":320,\"height\":86,\"caption\":\"Mpress Print inc.\"},\"image\":{\"@id\":\"https:\/\/mpressprint.com\/#\/schema\/logo\/image\/\"}}]}<\/script>\n<!-- \/ Yoast SEO plugin. -->","yoast_head_json":{"title":"16 pts Silk Matte + Spot UV &#8211; Mpress Design &amp; Print","description":"Notre Silk Matte + Spot UV \u00e0 16 points est une autre de nos cartes de visite de la plus haute qualit\u00e9. Am\u00e9liorez n'importe quelle caract\u00e9ristique de conception sur votre carte comme le logo de votre entreprise ou un motif en le faisant briller !","robots":{"index":"index","follow":"follow","max-snippet":"max-snippet:-1","max-image-preview":"max-image-preview:large","max-video-preview":"max-video-preview:-1"},"canonical":"https:\/\/mpressprint.com\/fr\/produit\/16-pts-silk-matte-spot-uv\/","og_locale":"fr_FR","og_type":"article","og_title":"16 pts Silk Matte + Spot UV &#8211; Mpress Design &amp; Print","og_description":"Notre Silk Matte + Spot UV \u00e0 16 points est une autre de nos cartes de visite de la plus haute qualit\u00e9. Am\u00e9liorez n'importe quelle caract\u00e9ristique de conception sur votre carte comme le logo de votre entreprise ou un motif en le faisant briller !","og_url":"https:\/\/mpressprint.com\/fr\/produit\/16-pts-silk-matte-spot-uv\/","og_site_name":"Mpress Design &amp; Print","article_modified_time":"2024-04-30T20:34:12+00:00","og_image":[{"width":600,"height":600,"url":"https:\/\/mpressprint.com\/wp-content\/uploads\/2019\/08\/16pts-silk-matte-spot-uv.jpg","type":"image\/jpeg"}],"twitter_card":"summary_large_image","twitter_misc":{"Est. reading time":"1 minute"},"schema":{"@context":"https:\/\/schema.org","@graph":[{"@type":["WebPage","ItemPage"],"@id":"https:\/\/mpressprint.com\/fr\/produit\/16-pts-silk-matte-spot-uv\/","url":"https:\/\/mpressprint.com\/fr\/produit\/16-pts-silk-matte-spot-uv\/","name":"16 pts Silk Matte + Spot UV &#8211; Mpress Design &amp; Print","isPartOf":{"@id":"https:\/\/mpressprint.com\/#website"},"primaryImageOfPage":{"@id":"https:\/\/mpressprint.com\/fr\/produit\/16-pts-silk-matte-spot-uv\/#primaryimage"},"image":{"@id":"https:\/\/mpressprint.com\/fr\/produit\/16-pts-silk-matte-spot-uv\/#primaryimage"},"thumbnailUrl":"https:\/\/mpressprint.com\/wp-content\/uploads\/2019\/08\/16pts-silk-matte-spot-uv.jpg","datePublished":"2023-08-09T17:29:59+00:00","dateModified":"2024-04-30T20:34:12+00:00","description":"Notre Silk Matte + Spot UV \u00e0 16 points est une autre de nos cartes de visite de la plus haute qualit\u00e9. Am\u00e9liorez n'importe quelle caract\u00e9ristique de conception sur votre carte comme le logo de votre entreprise ou un motif en le faisant briller !","breadcrumb":{"@id":"https:\/\/mpressprint.com\/fr\/produit\/16-pts-silk-matte-spot-uv\/#breadcrumb"},"inLanguage":"fr-FR","potentialAction":[{"@type":"ReadAction","target":["https:\/\/mpressprint.com\/fr\/produit\/16-pts-silk-matte-spot-uv\/"]}]},{"@type":"ImageObject","inLanguage":"fr-FR","@id":"https:\/\/mpressprint.com\/fr\/produit\/16-pts-silk-matte-spot-uv\/#primaryimage","url":"https:\/\/mpressprint.com\/wp-content\/uploads\/2019\/08\/16pts-silk-matte-spot-uv.jpg","contentUrl":"https:\/\/mpressprint.com\/wp-content\/uploads\/2019\/08\/16pts-silk-matte-spot-uv.jpg","width":600,"height":600},{"@type":"BreadcrumbList","@id":"https:\/\/mpressprint.com\/fr\/produit\/16-pts-silk-matte-spot-uv\/#breadcrumb","itemListElement":[{"@type":"ListItem","position":1,"name":"Home","item":"https:\/\/mpressprint.com\/fr\/"},{"@type":"ListItem","position":2,"name":"Shop","item":"https:\/\/mpressprint.com\/shop\/"},{"@type":"ListItem","position":3,"name":"16 pts Silk Matte + Spot UV"}]},{"@type":"WebSite","@id":"https:\/\/mpressprint.com\/#website","url":"https:\/\/mpressprint.com\/","name":"Mpress Design &amp; Print","description":"Montreal - Pointe-Claire | Digital &amp; Offset printing | Large format | Mpress Design &amp; Print","publisher":{"@id":"https:\/\/mpressprint.com\/#organization"},"potentialAction":[{"@type":"SearchAction","target":{"@type":"EntryPoint","urlTemplate":"https:\/\/mpressprint.com\/?s={search_term_string}"},"query-input":{"@type":"PropertyValueSpecification","valueRequired":true,"valueName":"search_term_string"}}],"inLanguage":"fr-FR"},{"@type":"Organization","@id":"https:\/\/mpressprint.com\/#organization","name":"Mpress Print inc.","url":"https:\/\/mpressprint.com\/","logo":{"@type":"ImageObject","inLanguage":"fr-FR","@id":"https:\/\/mpressprint.com\/#\/schema\/logo\/image\/","url":"https:\/\/mpressprint.com\/wp-content\/uploads\/2019\/07\/mpress-logo.png","contentUrl":"https:\/\/mpressprint.com\/wp-content\/uploads\/2019\/07\/mpress-logo.png","width":320,"height":86,"caption":"Mpress Print inc."},"image":{"@id":"https:\/\/mpressprint.com\/#\/schema\/logo\/image\/"}}]}},"_links":{"self":[{"href":"https:\/\/mpressprint.com\/fr\/wp-json\/wp\/v2\/product\/29395","targetHints":{"allow":["GET"]}}],"collection":[{"href":"https:\/\/mpressprint.com\/fr\/wp-json\/wp\/v2\/product"}],"about":[{"href":"https:\/\/mpressprint.com\/fr\/wp-json\/wp\/v2\/types\/product"}],"wp:featuredmedia":[{"embeddable":true,"href":"https:\/\/mpressprint.com\/fr\/wp-json\/wp\/v2\/media\/20167"}],"wp:attachment":[{"href":"https:\/\/mpressprint.com\/fr\/wp-json\/wp\/v2\/media?parent=29395"}],"wp:term":[{"taxonomy":"product_brand","embeddable":true,"href":"https:\/\/mpressprint.com\/fr\/wp-json\/wp\/v2\/product_brand?post=29395"},{"taxonomy":"product_cat","embeddable":true,"href":"https:\/\/mpressprint.com\/fr\/wp-json\/wp\/v2\/product_cat?post=29395"},{"taxonomy":"product_tag","embeddable":true,"href":"https:\/\/mpressprint.com\/fr\/wp-json\/wp\/v2\/product_tag?post=29395"}],"curies":[{"name":"wp","href":"https:\/\/api.w.org\/{rel}","templated":true}]}}