{"id":29378,"date":"2019-08-07T12:50:32","date_gmt":"2023-08-09T15:59:40","guid":{"rendered":"https:\/\/mpressprint.com\/?post_type=product&#038;p=29378"},"modified":"2024-04-30T15:37:13","modified_gmt":"2024-04-30T20:37:13","slug":"16pt-mat-lamine","status":"publish","type":"product","link":"https:\/\/mpressprint.com\/fr\/produit\/16pt-mat-lamine\/","title":{"rendered":"Cartes lamin\u00e9es mates 16 pts"},"content":{"rendered":"<p>Nos cartes lamin\u00e9es mates \u00e0 16 points sont l&#8217;une de nos cartes de visite les plus vendues ; offrant une grande qualit\u00e9 avec plus d&#8217;\u00e9paisseur que les cartes standard. Renseignez-vous sur nos options de finition. <span class=\"s1\">Impression 2 faces.<\/span><\/p>\n<p>Si un travail de conception est requis, veuillez nous envoyer un courriel \u00e0 <a href=\"mailto:design@mpressprint.com\">design@mpressprint.com<\/a> pour obtenir un devis.<\/p>\n<p><span class=\"s1\">Heure limite : 11 a.m.<\/span><span class=\"s2\"><br \/>\n<\/span><span class=\"s1\">D\u00e9lai d&#8217;ex\u00e9cution : 5-7 jours ouvrables.<\/span><\/p>\n<p>Pour les coins ronds, d\u00e9lai d&#8217;ex\u00e9cution : 7-9 <span class=\"s1\">Jours ouvrables.<\/span><\/p>\n","protected":false},"excerpt":{"rendered":"<p>Pour obtenir un devis, veuillez contacter <a href=\"mailto:orders@mpressprint.com\">orders@mpressprint.com<\/a><\/p>\n","protected":false},"featured_media":24512,"template":"","meta":[],"product_brand":[],"product_cat":[110],"product_tag":[],"class_list":{"0":"post-29378","1":"product","2":"type-product","3":"status-publish","4":"has-post-thumbnail","6":"product_cat-cartes-de-visite","8":"first","9":"instock","10":"taxable","11":"shipping-taxable","12":"product-type-variable","13":"has-default-attributes"},"yoast_head":"<!-- This site is optimized with the Yoast SEO plugin v27.0 - https:\/\/yoast.com\/product\/yoast-seo-wordpress\/ -->\n<title>Cartes lamin\u00e9es mates 16 pts &#8211; Mpress Design &amp; Print<\/title>\n<meta name=\"description\" content=\"Nos cartes lamin\u00e9es mates \u00e0 16 points sont l&#039;une de nos cartes de visite les plus vendues ; offrant une grande qualit\u00e9 avec plus d&#039;\u00e9paisseur que les cartes standard.\" \/>\n<meta name=\"robots\" content=\"index, follow, max-snippet:-1, max-image-preview:large, max-video-preview:-1\" \/>\n<link rel=\"canonical\" href=\"https:\/\/mpressprint.com\/fr\/produit\/16pt-mat-lamine\/\" \/>\n<meta property=\"og:locale\" content=\"fr_FR\" \/>\n<meta property=\"og:type\" content=\"article\" \/>\n<meta property=\"og:title\" content=\"Cartes lamin\u00e9es mates 16 pts &#8211; Mpress Design &amp; Print\" \/>\n<meta property=\"og:description\" content=\"Nos cartes lamin\u00e9es mates \u00e0 16 points sont l&#039;une de nos cartes de visite les plus vendues ; offrant une grande qualit\u00e9 avec plus d&#039;\u00e9paisseur que les cartes standard.\" \/>\n<meta property=\"og:url\" content=\"https:\/\/mpressprint.com\/fr\/produit\/16pt-mat-lamine\/\" \/>\n<meta property=\"og:site_name\" content=\"Mpress Design &amp; Print\" \/>\n<meta property=\"article:modified_time\" content=\"2024-04-30T20:37:13+00:00\" \/>\n<meta property=\"og:image\" content=\"https:\/\/mpressprint.com\/wp-content\/uploads\/2019\/09\/16pts-matte-laminated.jpg\" \/>\n\t<meta property=\"og:image:width\" content=\"600\" \/>\n\t<meta property=\"og:image:height\" content=\"600\" \/>\n\t<meta property=\"og:image:type\" content=\"image\/jpeg\" \/>\n<meta name=\"twitter:card\" content=\"summary_large_image\" \/>\n<meta name=\"twitter:label1\" content=\"Est. reading time\" \/>\n\t<meta name=\"twitter:data1\" content=\"1 minute\" \/>\n<script type=\"application\/ld+json\" class=\"yoast-schema-graph\">{\"@context\":\"https:\/\/schema.org\",\"@graph\":[{\"@type\":[\"WebPage\",\"ItemPage\"],\"@id\":\"https:\/\/mpressprint.com\/fr\/produit\/16pt-mat-lamine\/\",\"url\":\"https:\/\/mpressprint.com\/fr\/produit\/16pt-mat-lamine\/\",\"name\":\"Cartes lamin\u00e9es mates 16 pts &#8211; Mpress Design &amp; Print\",\"isPartOf\":{\"@id\":\"https:\/\/mpressprint.com\/#website\"},\"primaryImageOfPage\":{\"@id\":\"https:\/\/mpressprint.com\/fr\/produit\/16pt-mat-lamine\/#primaryimage\"},\"image\":{\"@id\":\"https:\/\/mpressprint.com\/fr\/produit\/16pt-mat-lamine\/#primaryimage\"},\"thumbnailUrl\":\"https:\/\/mpressprint.com\/wp-content\/uploads\/2019\/09\/16pts-matte-laminated.jpg\",\"datePublished\":\"2023-08-09T15:59:40+00:00\",\"dateModified\":\"2024-04-30T20:37:13+00:00\",\"description\":\"Nos cartes lamin\u00e9es mates \u00e0 16 points sont l'une de nos cartes de visite les plus vendues ; offrant une grande qualit\u00e9 avec plus d'\u00e9paisseur que les cartes standard.\",\"breadcrumb\":{\"@id\":\"https:\/\/mpressprint.com\/fr\/produit\/16pt-mat-lamine\/#breadcrumb\"},\"inLanguage\":\"fr-FR\",\"potentialAction\":[{\"@type\":\"ReadAction\",\"target\":[\"https:\/\/mpressprint.com\/fr\/produit\/16pt-mat-lamine\/\"]}]},{\"@type\":\"ImageObject\",\"inLanguage\":\"fr-FR\",\"@id\":\"https:\/\/mpressprint.com\/fr\/produit\/16pt-mat-lamine\/#primaryimage\",\"url\":\"https:\/\/mpressprint.com\/wp-content\/uploads\/2019\/09\/16pts-matte-laminated.jpg\",\"contentUrl\":\"https:\/\/mpressprint.com\/wp-content\/uploads\/2019\/09\/16pts-matte-laminated.jpg\",\"width\":600,\"height\":600,\"caption\":\"16pts matte laminated\"},{\"@type\":\"BreadcrumbList\",\"@id\":\"https:\/\/mpressprint.com\/fr\/produit\/16pt-mat-lamine\/#breadcrumb\",\"itemListElement\":[{\"@type\":\"ListItem\",\"position\":1,\"name\":\"Home\",\"item\":\"https:\/\/mpressprint.com\/fr\/\"},{\"@type\":\"ListItem\",\"position\":2,\"name\":\"Shop\",\"item\":\"https:\/\/mpressprint.com\/shop\/\"},{\"@type\":\"ListItem\",\"position\":3,\"name\":\"Cartes lamin\u00e9es mates 16 pts\"}]},{\"@type\":\"WebSite\",\"@id\":\"https:\/\/mpressprint.com\/#website\",\"url\":\"https:\/\/mpressprint.com\/\",\"name\":\"Mpress Design &amp; Print\",\"description\":\"Montreal - Pointe-Claire | Digital &amp; Offset printing | Large format | Mpress Design &amp; Print\",\"publisher\":{\"@id\":\"https:\/\/mpressprint.com\/#organization\"},\"potentialAction\":[{\"@type\":\"SearchAction\",\"target\":{\"@type\":\"EntryPoint\",\"urlTemplate\":\"https:\/\/mpressprint.com\/?s={search_term_string}\"},\"query-input\":{\"@type\":\"PropertyValueSpecification\",\"valueRequired\":true,\"valueName\":\"search_term_string\"}}],\"inLanguage\":\"fr-FR\"},{\"@type\":\"Organization\",\"@id\":\"https:\/\/mpressprint.com\/#organization\",\"name\":\"Mpress Print inc.\",\"url\":\"https:\/\/mpressprint.com\/\",\"logo\":{\"@type\":\"ImageObject\",\"inLanguage\":\"fr-FR\",\"@id\":\"https:\/\/mpressprint.com\/#\/schema\/logo\/image\/\",\"url\":\"https:\/\/mpressprint.com\/wp-content\/uploads\/2019\/07\/mpress-logo.png\",\"contentUrl\":\"https:\/\/mpressprint.com\/wp-content\/uploads\/2019\/07\/mpress-logo.png\",\"width\":320,\"height\":86,\"caption\":\"Mpress Print inc.\"},\"image\":{\"@id\":\"https:\/\/mpressprint.com\/#\/schema\/logo\/image\/\"}}]}<\/script>\n<!-- \/ Yoast SEO plugin. -->","yoast_head_json":{"title":"Cartes lamin\u00e9es mates 16 pts &#8211; Mpress Design &amp; Print","description":"Nos cartes lamin\u00e9es mates \u00e0 16 points sont l'une de nos cartes de visite les plus vendues ; offrant une grande qualit\u00e9 avec plus d'\u00e9paisseur que les cartes standard.","robots":{"index":"index","follow":"follow","max-snippet":"max-snippet:-1","max-image-preview":"max-image-preview:large","max-video-preview":"max-video-preview:-1"},"canonical":"https:\/\/mpressprint.com\/fr\/produit\/16pt-mat-lamine\/","og_locale":"fr_FR","og_type":"article","og_title":"Cartes lamin\u00e9es mates 16 pts &#8211; Mpress Design &amp; Print","og_description":"Nos cartes lamin\u00e9es mates \u00e0 16 points sont l'une de nos cartes de visite les plus vendues ; offrant une grande qualit\u00e9 avec plus d'\u00e9paisseur que les cartes standard.","og_url":"https:\/\/mpressprint.com\/fr\/produit\/16pt-mat-lamine\/","og_site_name":"Mpress Design &amp; Print","article_modified_time":"2024-04-30T20:37:13+00:00","og_image":[{"width":600,"height":600,"url":"https:\/\/mpressprint.com\/wp-content\/uploads\/2019\/09\/16pts-matte-laminated.jpg","type":"image\/jpeg"}],"twitter_card":"summary_large_image","twitter_misc":{"Est. reading time":"1 minute"},"schema":{"@context":"https:\/\/schema.org","@graph":[{"@type":["WebPage","ItemPage"],"@id":"https:\/\/mpressprint.com\/fr\/produit\/16pt-mat-lamine\/","url":"https:\/\/mpressprint.com\/fr\/produit\/16pt-mat-lamine\/","name":"Cartes lamin\u00e9es mates 16 pts &#8211; Mpress Design &amp; Print","isPartOf":{"@id":"https:\/\/mpressprint.com\/#website"},"primaryImageOfPage":{"@id":"https:\/\/mpressprint.com\/fr\/produit\/16pt-mat-lamine\/#primaryimage"},"image":{"@id":"https:\/\/mpressprint.com\/fr\/produit\/16pt-mat-lamine\/#primaryimage"},"thumbnailUrl":"https:\/\/mpressprint.com\/wp-content\/uploads\/2019\/09\/16pts-matte-laminated.jpg","datePublished":"2023-08-09T15:59:40+00:00","dateModified":"2024-04-30T20:37:13+00:00","description":"Nos cartes lamin\u00e9es mates \u00e0 16 points sont l'une de nos cartes de visite les plus vendues ; offrant une grande qualit\u00e9 avec plus d'\u00e9paisseur que les cartes standard.","breadcrumb":{"@id":"https:\/\/mpressprint.com\/fr\/produit\/16pt-mat-lamine\/#breadcrumb"},"inLanguage":"fr-FR","potentialAction":[{"@type":"ReadAction","target":["https:\/\/mpressprint.com\/fr\/produit\/16pt-mat-lamine\/"]}]},{"@type":"ImageObject","inLanguage":"fr-FR","@id":"https:\/\/mpressprint.com\/fr\/produit\/16pt-mat-lamine\/#primaryimage","url":"https:\/\/mpressprint.com\/wp-content\/uploads\/2019\/09\/16pts-matte-laminated.jpg","contentUrl":"https:\/\/mpressprint.com\/wp-content\/uploads\/2019\/09\/16pts-matte-laminated.jpg","width":600,"height":600,"caption":"16pts matte laminated"},{"@type":"BreadcrumbList","@id":"https:\/\/mpressprint.com\/fr\/produit\/16pt-mat-lamine\/#breadcrumb","itemListElement":[{"@type":"ListItem","position":1,"name":"Home","item":"https:\/\/mpressprint.com\/fr\/"},{"@type":"ListItem","position":2,"name":"Shop","item":"https:\/\/mpressprint.com\/shop\/"},{"@type":"ListItem","position":3,"name":"Cartes lamin\u00e9es mates 16 pts"}]},{"@type":"WebSite","@id":"https:\/\/mpressprint.com\/#website","url":"https:\/\/mpressprint.com\/","name":"Mpress Design &amp; Print","description":"Montreal - Pointe-Claire | Digital &amp; Offset printing | Large format | Mpress Design &amp; Print","publisher":{"@id":"https:\/\/mpressprint.com\/#organization"},"potentialAction":[{"@type":"SearchAction","target":{"@type":"EntryPoint","urlTemplate":"https:\/\/mpressprint.com\/?s={search_term_string}"},"query-input":{"@type":"PropertyValueSpecification","valueRequired":true,"valueName":"search_term_string"}}],"inLanguage":"fr-FR"},{"@type":"Organization","@id":"https:\/\/mpressprint.com\/#organization","name":"Mpress Print inc.","url":"https:\/\/mpressprint.com\/","logo":{"@type":"ImageObject","inLanguage":"fr-FR","@id":"https:\/\/mpressprint.com\/#\/schema\/logo\/image\/","url":"https:\/\/mpressprint.com\/wp-content\/uploads\/2019\/07\/mpress-logo.png","contentUrl":"https:\/\/mpressprint.com\/wp-content\/uploads\/2019\/07\/mpress-logo.png","width":320,"height":86,"caption":"Mpress Print inc."},"image":{"@id":"https:\/\/mpressprint.com\/#\/schema\/logo\/image\/"}}]}},"_links":{"self":[{"href":"https:\/\/mpressprint.com\/fr\/wp-json\/wp\/v2\/product\/29378","targetHints":{"allow":["GET"]}}],"collection":[{"href":"https:\/\/mpressprint.com\/fr\/wp-json\/wp\/v2\/product"}],"about":[{"href":"https:\/\/mpressprint.com\/fr\/wp-json\/wp\/v2\/types\/product"}],"wp:featuredmedia":[{"embeddable":true,"href":"https:\/\/mpressprint.com\/fr\/wp-json\/wp\/v2\/media\/24512"}],"wp:attachment":[{"href":"https:\/\/mpressprint.com\/fr\/wp-json\/wp\/v2\/media?parent=29378"}],"wp:term":[{"taxonomy":"product_brand","embeddable":true,"href":"https:\/\/mpressprint.com\/fr\/wp-json\/wp\/v2\/product_brand?post=29378"},{"taxonomy":"product_cat","embeddable":true,"href":"https:\/\/mpressprint.com\/fr\/wp-json\/wp\/v2\/product_cat?post=29378"},{"taxonomy":"product_tag","embeddable":true,"href":"https:\/\/mpressprint.com\/fr\/wp-json\/wp\/v2\/product_tag?post=29378"}],"curies":[{"name":"wp","href":"https:\/\/api.w.org\/{rel}","templated":true}]}}