{"id":30107,"date":"2025-03-20T14:35:49","date_gmt":"2025-03-20T19:35:49","guid":{"rendered":"https:\/\/mpressprint.com\/impression-de-cartes\/"},"modified":"2025-03-20T14:35:50","modified_gmt":"2025-03-20T19:35:50","slug":"impression-de-cartes","status":"publish","type":"page","link":"https:\/\/mpressprint.com\/fr\/impression-de-cartes\/","title":{"rendered":"Impression de cartes"},"content":{"rendered":"<p><div class=\"fusion-fullwidth fullwidth-box fusion-builder-row-1 fusion-flex-container has-pattern-background has-mask-background nonhundred-percent-fullwidth non-hundred-percent-height-scrolling\" style=\"--awb-border-radius-top-left:0px;--awb-border-radius-top-right:0px;--awb-border-radius-bottom-right:0px;--awb-border-radius-bottom-left:0px;--awb-flex-wrap:wrap;\" ><div class=\"fusion-builder-row fusion-row fusion-flex-align-items-flex-start fusion-flex-content-wrap\" style=\"max-width:1216.8px;margin-left: calc(-4% \/ 2 );margin-right: calc(-4% \/ 2 );\"><div class=\"fusion-layout-column fusion_builder_column fusion-builder-column-0 fusion_builder_column_1_2 1_2 fusion-flex-column\" style=\"--awb-bg-size:cover;--awb-width-large:50%;--awb-margin-top-large:15px;--awb-spacing-right-large:3.84%;--awb-margin-bottom-large:15px;--awb-spacing-left-large:3.84%;--awb-width-medium:100%;--awb-order-medium:0;--awb-spacing-right-medium:1.92%;--awb-spacing-left-medium:1.92%;--awb-width-small:100%;--awb-order-small:0;--awb-spacing-right-small:1.92%;--awb-spacing-left-small:1.92%;\"><div class=\"fusion-column-wrapper fusion-column-has-shadow fusion-flex-justify-content-flex-start fusion-content-layout-column\"><div class=\"fusion-image-element \" style=\"--awb-caption-title-font-family:var(--h2_typography-font-family);--awb-caption-title-font-weight:var(--h2_typography-font-weight);--awb-caption-title-font-style:var(--h2_typography-font-style);--awb-caption-title-size:var(--h2_typography-font-size);--awb-caption-title-transform:var(--h2_typography-text-transform);--awb-caption-title-line-height:var(--h2_typography-line-height);--awb-caption-title-letter-spacing:var(--h2_typography-letter-spacing);\"><span class=\" fusion-imageframe imageframe-none imageframe-1 hover-type-none\"><img decoding=\"async\" width=\"701\" height=\"640\" title=\"pretex-map-printing\" src=\"https:\/\/mpressprint.com\/wp-content\/uploads\/2025\/03\/pretex-map-printing.png\" data-orig-src=\"https:\/\/mpressprint.com\/wp-content\/uploads\/2025\/03\/pretex-map-printing.png\" alt class=\"lazyload img-responsive wp-image-30093\" srcset=\"data:image\/svg+xml,%3Csvg%20xmlns%3D%27http%3A%2F%2Fwww.w3.org%2F2000%2Fsvg%27%20width%3D%27701%27%20height%3D%27640%27%20viewBox%3D%270%200%20701%20640%27%3E%3Crect%20width%3D%27701%27%20height%3D%27640%27%20fill-opacity%3D%220%22%2F%3E%3C%2Fsvg%3E\" data-srcset=\"https:\/\/mpressprint.com\/wp-content\/uploads\/2025\/03\/pretex-map-printing-200x183.png 200w, https:\/\/mpressprint.com\/wp-content\/uploads\/2025\/03\/pretex-map-printing-400x365.png 400w, https:\/\/mpressprint.com\/wp-content\/uploads\/2025\/03\/pretex-map-printing-600x548.png 600w, https:\/\/mpressprint.com\/wp-content\/uploads\/2025\/03\/pretex-map-printing.png 701w\" data-sizes=\"auto\" data-orig-sizes=\"(max-width: 1024px) 100vw, (max-width: 640px) 100vw, 600px\" \/><\/span><\/div><\/div><\/div><div class=\"fusion-layout-column fusion_builder_column fusion-builder-column-1 fusion_builder_column_1_2 1_2 fusion-flex-column\" style=\"--awb-bg-size:cover;--awb-width-large:50%;--awb-margin-top-large:15px;--awb-spacing-right-large:3.84%;--awb-margin-bottom-large:15px;--awb-spacing-left-large:3.84%;--awb-width-medium:100%;--awb-order-medium:0;--awb-spacing-right-medium:1.92%;--awb-spacing-left-medium:1.92%;--awb-width-small:100%;--awb-order-small:0;--awb-spacing-right-small:1.92%;--awb-spacing-left-small:1.92%;\"><div class=\"fusion-column-wrapper fusion-column-has-shadow fusion-flex-justify-content-flex-start fusion-content-layout-column\"><div class=\"fusion-title title fusion-title-1 fusion-title-text fusion-title-size-two\" style=\"--awb-margin-bottom:12px;--awb-font-size:26px;\"><div class=\"title-sep-container title-sep-container-left fusion-no-large-visibility fusion-no-medium-visibility fusion-no-small-visibility\"><div class=\"title-sep sep- sep-solid\" style=\"border-color:#e0dede;\"><\/div><\/div><span class=\"awb-title-spacer fusion-no-large-visibility fusion-no-medium-visibility fusion-no-small-visibility\"><\/span><h2 class=\"fusion-title-heading title-heading-left fusion-responsive-typography-calculated\" style=\"margin:0;font-size:1em;--fontSize:26;line-height:1.38;\"><strong>Pretex 50.120<\/strong><\/h2><span class=\"awb-title-spacer\"><\/span><div class=\"title-sep-container title-sep-container-right\"><div class=\"title-sep sep- sep-solid\" style=\"border-color:#e0dede;\"><\/div><\/div><\/div><div class=\"fusion-text fusion-text-1\" style=\"--awb-font-size:18px;\"><p>Le papier sp\u00e9cial impr\u00e9gn\u00e9 Pretex 50.120 est id\u00e9al pour les applications sp\u00e9cifiques o\u00f9 le papier classique n&#8217;est pas suffisamment r\u00e9sistant. Nous utilisons de la p\u00e2te \u00e0 papier et des fibres synth\u00e9tiques (polyamide et polyester) s\u00e9lectionn\u00e9es pour sa fabrication. <\/p>\n<p>Il est utilis\u00e9 partout o\u00f9 il est soumis \u00e0 de lourdes charges dans des conditions humides et s\u00e8ches.<\/p>\n<p>Le papier r\u00e9sistant aux intemp\u00e9ries est particuli\u00e8rement adapt\u00e9 \u00e0 une utilisation en ext\u00e9rieur.<\/p>\n<\/div><div ><a class=\"fusion-button button-flat fusion-button-default-size button-default fusion-button-default button-1 fusion-button-default-span fusion-button-default-type\" target=\"_blank\" rel=\"noopener noreferrer\" href=\"https:\/\/mpressprint.com\/wp-content\/uploads\/2025\/03\/Pretex-50-120-spec-sheet.pdf\"><span class=\"fusion-button-text awb-button__text awb-button__text--default\">T\u00e9l\u00e9charger la fiche technique<\/span><\/a><\/div><\/div><\/div><\/div><\/div><div class=\"fusion-fullwidth fullwidth-box fusion-builder-row-2 fusion-flex-container has-pattern-background has-mask-background nonhundred-percent-fullwidth non-hundred-percent-height-scrolling\" style=\"--awb-border-radius-top-left:0px;--awb-border-radius-top-right:0px;--awb-border-radius-bottom-right:0px;--awb-border-radius-bottom-left:0px;--awb-flex-wrap:wrap;\" ><div class=\"fusion-builder-row fusion-row fusion-flex-align-items-flex-start fusion-flex-content-wrap\" style=\"max-width:1216.8px;margin-left: calc(-4% \/ 2 );margin-right: calc(-4% \/ 2 );\"><div class=\"fusion-layout-column fusion_builder_column fusion-builder-column-2 fusion_builder_column_1_2 1_2 fusion-flex-column\" style=\"--awb-bg-size:cover;--awb-width-large:50%;--awb-margin-top-large:15px;--awb-spacing-right-large:3.84%;--awb-margin-bottom-large:15px;--awb-spacing-left-large:3.84%;--awb-width-medium:100%;--awb-order-medium:0;--awb-spacing-right-medium:1.92%;--awb-spacing-left-medium:1.92%;--awb-width-small:100%;--awb-order-small:0;--awb-spacing-right-small:1.92%;--awb-spacing-left-small:1.92%;\"><div class=\"fusion-column-wrapper fusion-column-has-shadow fusion-flex-justify-content-flex-start fusion-content-layout-column\"><div class=\"fusion-title title fusion-title-2 fusion-title-text fusion-title-size-two\" style=\"--awb-margin-bottom:15px;--awb-font-size:26px;\"><div class=\"title-sep-container title-sep-container-left fusion-no-large-visibility fusion-no-medium-visibility fusion-no-small-visibility\"><div class=\"title-sep sep- sep-solid\" style=\"border-color:#e0dede;\"><\/div><\/div><span class=\"awb-title-spacer fusion-no-large-visibility fusion-no-medium-visibility fusion-no-small-visibility\"><\/span><h2 class=\"fusion-title-heading title-heading-left fusion-responsive-typography-calculated\" style=\"margin:0;font-size:1em;--fontSize:26;line-height:1.26;\"><strong>EXEMPLES D&#8217;APPLICATION DU PAPIER PRETEX<\/strong><\/h2><span class=\"awb-title-spacer\"><\/span><div class=\"title-sep-container title-sep-container-right\"><div class=\"title-sep sep- sep-solid\" style=\"border-color:#e0dede;\"><\/div><\/div><\/div><div class=\"fusion-text fusion-text-2\"><ul>\n<li>Cartes terrestres, de loisirs et de sport (course d&#8217;orientation)<\/li>\n<li>Panneaux d&#8217;enseignement et d&#8217;affichage<\/li>\n<li>Documentation technique<\/li>\n<li>Num\u00e9ros de d\u00e9part<\/li>\n<li>Plans ext\u00e9rieurs, affiches, publicit\u00e9 grand format<\/li>\n<li>Pennants, tote bags, brochures and envelopes<\/li>\n<li>\u00c9tiquettes des mat\u00e9riaux de construction<\/li>\n<li>Menus et sets de table, cartes d&#8217;identit\u00e9<\/li>\n<li>Prix \u200b\u200bdes plantes<\/li>\n<li>Impr\u00e9gnation de r\u00e9sine dans l&#8217;industrie des mat\u00e9riaux \u00e0 base de bois<\/li>\n<\/ul>\n<\/div><\/div><\/div><div class=\"fusion-layout-column fusion_builder_column fusion-builder-column-3 fusion_builder_column_1_2 1_2 fusion-flex-column\" style=\"--awb-bg-size:cover;--awb-width-large:50%;--awb-margin-top-large:15px;--awb-spacing-right-large:3.84%;--awb-margin-bottom-large:15px;--awb-spacing-left-large:3.84%;--awb-width-medium:100%;--awb-order-medium:0;--awb-spacing-right-medium:1.92%;--awb-spacing-left-medium:1.92%;--awb-width-small:100%;--awb-order-small:0;--awb-spacing-right-small:1.92%;--awb-spacing-left-small:1.92%;\"><div class=\"fusion-column-wrapper fusion-column-has-shadow fusion-flex-justify-content-flex-start fusion-content-layout-column\"><div class=\"fusion-title title fusion-title-3 fusion-title-text fusion-title-size-two\" style=\"--awb-margin-bottom:15px;--awb-font-size:26px;\"><div class=\"title-sep-container title-sep-container-left fusion-no-large-visibility fusion-no-medium-visibility fusion-no-small-visibility\"><div class=\"title-sep sep- sep-solid\" style=\"border-color:#e0dede;\"><\/div><\/div><span class=\"awb-title-spacer fusion-no-large-visibility fusion-no-medium-visibility fusion-no-small-visibility\"><\/span><h2 class=\"fusion-title-heading title-heading-left fusion-responsive-typography-calculated\" style=\"margin:0;font-size:1em;--fontSize:26;line-height:1.26;\">CARACT\u00c9RISTIQUES<\/h2><span class=\"awb-title-spacer\"><\/span><div class=\"title-sep-container title-sep-container-right\"><div class=\"title-sep sep- sep-solid\" style=\"border-color:#e0dede;\"><\/div><\/div><\/div><div class=\"fusion-text fusion-text-3 fusion-text-no-margin\" style=\"--awb-margin-bottom:15px;\"><ul>\n<li>Une qualit\u00e9 extra robuste avec rev\u00eatement double face et teneur accrue en fibres synth\u00e9tiques<\/li>\n<li>\u00c9tanche<\/li>\n<li>Hautes r\u00e9sistances<\/li>\n<li>Bonne r\u00e9sistance \u00e0 la lumi\u00e8re et aux couleurs<\/li>\n<li>R\u00e9siste \u00e0 de fortes contraintes m\u00e9caniques dans des conditions humides et s\u00e8ches<\/li>\n<li>Tr\u00e8s bonne r\u00e9sistance au vieillissement<\/li>\n<li>R\u00e9sistance aux hautes temp\u00e9ratures<\/li>\n<li>R\u00e9sistant \u00e0 de nombreux produits chimiques et solvants<\/li>\n<\/ul>\n<\/div><div class=\"fusion-title title fusion-title-4 fusion-title-text fusion-title-size-two\" style=\"--awb-margin-bottom:15px;--awb-font-size:26px;\"><div class=\"title-sep-container title-sep-container-left fusion-no-large-visibility fusion-no-medium-visibility fusion-no-small-visibility\"><div class=\"title-sep sep- sep-solid\" style=\"border-color:#e0dede;\"><\/div><\/div><span class=\"awb-title-spacer fusion-no-large-visibility fusion-no-medium-visibility fusion-no-small-visibility\"><\/span><h2 class=\"fusion-title-heading title-heading-left fusion-responsive-typography-calculated\" style=\"margin:0;font-size:1em;--fontSize:26;line-height:1.26;\">TAILLES DISPONIBLES<\/h2><span class=\"awb-title-spacer\"><\/span><div class=\"title-sep-container title-sep-container-right\"><div class=\"title-sep sep- sep-solid\" style=\"border-color:#e0dede;\"><\/div><\/div><\/div><div class=\"fusion-text fusion-text-4\"><ul>\n<li>A4 &#8211; 21cm x 29.7 cm (8.3\u201d x 11.7\u201d)<\/li>\n<li>A3 &#8211; 42cm x 29.7 cm (11.7\u201d x 16.5\u201d)<\/li>\n<li>Legal &#8211; 8.5\u201d x 14\u201d<\/li>\n<\/ul>\n<\/div><div class=\"fusion-title title fusion-title-5 fusion-title-text fusion-title-size-two\" style=\"--awb-margin-bottom:15px;--awb-font-size:26px;\"><div class=\"title-sep-container title-sep-container-left fusion-no-large-visibility fusion-no-medium-visibility fusion-no-small-visibility\"><div class=\"title-sep sep- sep-solid\" style=\"border-color:#e0dede;\"><\/div><\/div><span class=\"awb-title-spacer fusion-no-large-visibility fusion-no-medium-visibility fusion-no-small-visibility\"><\/span><h2 class=\"fusion-title-heading title-heading-left fusion-responsive-typography-calculated\" style=\"margin:0;font-size:1em;--fontSize:26;line-height:1.26;\">DISPONIBILIT\u00c9<\/h2><span class=\"awb-title-spacer\"><\/span><div class=\"title-sep-container title-sep-container-right\"><div class=\"title-sep sep- sep-solid\" style=\"border-color:#e0dede;\"><\/div><\/div><\/div><div class=\"fusion-text fusion-text-5\"><ul>\n<li>Feuilles blanches<\/li>\n<li>Feuilles imprim\u00e9es sur mesure<\/li>\n<\/ul>\n<\/div><\/div><\/div><\/div><\/div><\/p>\n","protected":false},"excerpt":{"rendered":"","protected":false},"author":1,"featured_media":0,"parent":0,"menu_order":0,"comment_status":"closed","ping_status":"closed","template":"","meta":{"footnotes":""},"class_list":["post-30107","page","type-page","status-publish","hentry"],"yoast_head":"<!-- This site is optimized with the Yoast SEO plugin v27.0 - https:\/\/yoast.com\/product\/yoast-seo-wordpress\/ -->\n<title>Impression de cartes &#8211; Mpress Design &amp; Print<\/title>\n<meta name=\"robots\" content=\"index, follow, max-snippet:-1, max-image-preview:large, max-video-preview:-1\" \/>\n<link rel=\"canonical\" href=\"https:\/\/mpressprint.com\/fr\/impression-de-cartes\/\" \/>\n<meta property=\"og:locale\" content=\"fr_FR\" \/>\n<meta property=\"og:type\" content=\"article\" \/>\n<meta property=\"og:title\" content=\"Impression de cartes &#8211; Mpress Design &amp; Print\" \/>\n<meta property=\"og:url\" content=\"https:\/\/mpressprint.com\/fr\/impression-de-cartes\/\" \/>\n<meta property=\"og:site_name\" content=\"Mpress Design &amp; Print\" \/>\n<meta property=\"article:modified_time\" content=\"2025-03-20T19:35:50+00:00\" \/>\n<meta property=\"og:image\" content=\"https:\/\/mpressprint.com\/wp-content\/uploads\/2019\/07\/mpress-logo.png\" \/>\n\t<meta property=\"og:image:width\" content=\"320\" \/>\n\t<meta property=\"og:image:height\" content=\"86\" \/>\n\t<meta property=\"og:image:type\" content=\"image\/png\" \/>\n<meta name=\"twitter:card\" content=\"summary_large_image\" \/>\n<meta name=\"twitter:label1\" content=\"Est. reading time\" \/>\n\t<meta name=\"twitter:data1\" content=\"25 minutes\" \/>\n<script type=\"application\/ld+json\" class=\"yoast-schema-graph\">{\"@context\":\"https:\/\/schema.org\",\"@graph\":[{\"@type\":\"WebPage\",\"@id\":\"https:\/\/mpressprint.com\/fr\/impression-de-cartes\/\",\"url\":\"https:\/\/mpressprint.com\/fr\/impression-de-cartes\/\",\"name\":\"Impression de cartes &#8211; Mpress Design &amp; Print\",\"isPartOf\":{\"@id\":\"https:\/\/mpressprint.com\/#website\"},\"datePublished\":\"2025-03-20T19:35:49+00:00\",\"dateModified\":\"2025-03-20T19:35:50+00:00\",\"breadcrumb\":{\"@id\":\"https:\/\/mpressprint.com\/fr\/impression-de-cartes\/#breadcrumb\"},\"inLanguage\":\"fr-FR\",\"potentialAction\":[{\"@type\":\"ReadAction\",\"target\":[\"https:\/\/mpressprint.com\/fr\/impression-de-cartes\/\"]}]},{\"@type\":\"BreadcrumbList\",\"@id\":\"https:\/\/mpressprint.com\/fr\/impression-de-cartes\/#breadcrumb\",\"itemListElement\":[{\"@type\":\"ListItem\",\"position\":1,\"name\":\"Home\",\"item\":\"https:\/\/mpressprint.com\/fr\/\"},{\"@type\":\"ListItem\",\"position\":2,\"name\":\"Impression de cartes\"}]},{\"@type\":\"WebSite\",\"@id\":\"https:\/\/mpressprint.com\/#website\",\"url\":\"https:\/\/mpressprint.com\/\",\"name\":\"Mpress Design &amp; Print\",\"description\":\"Montreal - Pointe-Claire | Digital &amp; Offset printing | Large format | Mpress Design &amp; Print\",\"publisher\":{\"@id\":\"https:\/\/mpressprint.com\/#organization\"},\"potentialAction\":[{\"@type\":\"SearchAction\",\"target\":{\"@type\":\"EntryPoint\",\"urlTemplate\":\"https:\/\/mpressprint.com\/?s={search_term_string}\"},\"query-input\":{\"@type\":\"PropertyValueSpecification\",\"valueRequired\":true,\"valueName\":\"search_term_string\"}}],\"inLanguage\":\"fr-FR\"},{\"@type\":\"Organization\",\"@id\":\"https:\/\/mpressprint.com\/#organization\",\"name\":\"Mpress Print inc.\",\"url\":\"https:\/\/mpressprint.com\/\",\"logo\":{\"@type\":\"ImageObject\",\"inLanguage\":\"fr-FR\",\"@id\":\"https:\/\/mpressprint.com\/#\/schema\/logo\/image\/\",\"url\":\"https:\/\/mpressprint.com\/wp-content\/uploads\/2019\/07\/mpress-logo.png\",\"contentUrl\":\"https:\/\/mpressprint.com\/wp-content\/uploads\/2019\/07\/mpress-logo.png\",\"width\":320,\"height\":86,\"caption\":\"Mpress Print inc.\"},\"image\":{\"@id\":\"https:\/\/mpressprint.com\/#\/schema\/logo\/image\/\"}}]}<\/script>\n<!-- \/ Yoast SEO plugin. -->","yoast_head_json":{"title":"Impression de cartes &#8211; Mpress Design &amp; Print","robots":{"index":"index","follow":"follow","max-snippet":"max-snippet:-1","max-image-preview":"max-image-preview:large","max-video-preview":"max-video-preview:-1"},"canonical":"https:\/\/mpressprint.com\/fr\/impression-de-cartes\/","og_locale":"fr_FR","og_type":"article","og_title":"Impression de cartes &#8211; Mpress Design &amp; Print","og_url":"https:\/\/mpressprint.com\/fr\/impression-de-cartes\/","og_site_name":"Mpress Design &amp; Print","article_modified_time":"2025-03-20T19:35:50+00:00","og_image":[{"width":320,"height":86,"url":"https:\/\/mpressprint.com\/wp-content\/uploads\/2019\/07\/mpress-logo.png","type":"image\/png"}],"twitter_card":"summary_large_image","twitter_misc":{"Est. reading time":"25 minutes"},"schema":{"@context":"https:\/\/schema.org","@graph":[{"@type":"WebPage","@id":"https:\/\/mpressprint.com\/fr\/impression-de-cartes\/","url":"https:\/\/mpressprint.com\/fr\/impression-de-cartes\/","name":"Impression de cartes &#8211; Mpress Design &amp; Print","isPartOf":{"@id":"https:\/\/mpressprint.com\/#website"},"datePublished":"2025-03-20T19:35:49+00:00","dateModified":"2025-03-20T19:35:50+00:00","breadcrumb":{"@id":"https:\/\/mpressprint.com\/fr\/impression-de-cartes\/#breadcrumb"},"inLanguage":"fr-FR","potentialAction":[{"@type":"ReadAction","target":["https:\/\/mpressprint.com\/fr\/impression-de-cartes\/"]}]},{"@type":"BreadcrumbList","@id":"https:\/\/mpressprint.com\/fr\/impression-de-cartes\/#breadcrumb","itemListElement":[{"@type":"ListItem","position":1,"name":"Home","item":"https:\/\/mpressprint.com\/fr\/"},{"@type":"ListItem","position":2,"name":"Impression de cartes"}]},{"@type":"WebSite","@id":"https:\/\/mpressprint.com\/#website","url":"https:\/\/mpressprint.com\/","name":"Mpress Design &amp; Print","description":"Montreal - Pointe-Claire | Digital &amp; Offset printing | Large format | Mpress Design &amp; Print","publisher":{"@id":"https:\/\/mpressprint.com\/#organization"},"potentialAction":[{"@type":"SearchAction","target":{"@type":"EntryPoint","urlTemplate":"https:\/\/mpressprint.com\/?s={search_term_string}"},"query-input":{"@type":"PropertyValueSpecification","valueRequired":true,"valueName":"search_term_string"}}],"inLanguage":"fr-FR"},{"@type":"Organization","@id":"https:\/\/mpressprint.com\/#organization","name":"Mpress Print inc.","url":"https:\/\/mpressprint.com\/","logo":{"@type":"ImageObject","inLanguage":"fr-FR","@id":"https:\/\/mpressprint.com\/#\/schema\/logo\/image\/","url":"https:\/\/mpressprint.com\/wp-content\/uploads\/2019\/07\/mpress-logo.png","contentUrl":"https:\/\/mpressprint.com\/wp-content\/uploads\/2019\/07\/mpress-logo.png","width":320,"height":86,"caption":"Mpress Print inc."},"image":{"@id":"https:\/\/mpressprint.com\/#\/schema\/logo\/image\/"}}]}},"_links":{"self":[{"href":"https:\/\/mpressprint.com\/fr\/wp-json\/wp\/v2\/pages\/30107","targetHints":{"allow":["GET"]}}],"collection":[{"href":"https:\/\/mpressprint.com\/fr\/wp-json\/wp\/v2\/pages"}],"about":[{"href":"https:\/\/mpressprint.com\/fr\/wp-json\/wp\/v2\/types\/page"}],"author":[{"embeddable":true,"href":"https:\/\/mpressprint.com\/fr\/wp-json\/wp\/v2\/users\/1"}],"replies":[{"embeddable":true,"href":"https:\/\/mpressprint.com\/fr\/wp-json\/wp\/v2\/comments?post=30107"}],"version-history":[{"count":2,"href":"https:\/\/mpressprint.com\/fr\/wp-json\/wp\/v2\/pages\/30107\/revisions"}],"predecessor-version":[{"id":30109,"href":"https:\/\/mpressprint.com\/fr\/wp-json\/wp\/v2\/pages\/30107\/revisions\/30109"}],"wp:attachment":[{"href":"https:\/\/mpressprint.com\/fr\/wp-json\/wp\/v2\/media?parent=30107"}],"curies":[{"name":"wp","href":"https:\/\/api.w.org\/{rel}","templated":true}]}}