{"id":30033,"date":"2023-08-30T12:51:38","date_gmt":"2023-08-30T17:51:38","guid":{"rendered":"https:\/\/mpressprint.com\/?page_id=30033"},"modified":"2025-03-20T10:09:09","modified_gmt":"2025-03-20T15:09:09","slug":"11-x-17","status":"publish","type":"page","link":"https:\/\/mpressprint.com\/fr\/11-x-17\/","title":{"rendered":"11&#8243; x 17&#8243;"},"content":{"rendered":"<p><div class=\"fusion-fullwidth fullwidth-box fusion-builder-row-1 fusion-flex-container has-pattern-background has-mask-background nonhundred-percent-fullwidth non-hundred-percent-height-scrolling\" style=\"--awb-border-radius-top-left:0px;--awb-border-radius-top-right:0px;--awb-border-radius-bottom-right:0px;--awb-border-radius-bottom-left:0px;--awb-flex-wrap:wrap;\" ><div class=\"fusion-builder-row fusion-row fusion-flex-align-items-flex-start fusion-flex-content-wrap\" style=\"max-width:1216.8px;margin-left: calc(-4% \/ 2 );margin-right: calc(-4% \/ 2 );\"><div class=\"fusion-layout-column fusion_builder_column fusion-builder-column-0 fusion_builder_column_1_2 1_2 fusion-flex-column\" style=\"--awb-bg-size:cover;--awb-width-large:50%;--awb-margin-top-large:15px;--awb-spacing-right-large:3.84%;--awb-margin-bottom-large:15px;--awb-spacing-left-large:3.84%;--awb-width-medium:100%;--awb-order-medium:0;--awb-spacing-right-medium:1.92%;--awb-spacing-left-medium:1.92%;--awb-width-small:100%;--awb-order-small:0;--awb-spacing-right-small:1.92%;--awb-spacing-left-small:1.92%;\"><div class=\"fusion-column-wrapper fusion-column-has-shadow fusion-flex-justify-content-flex-start fusion-content-layout-column\"><div class=\"fusion-image-element \" style=\"--awb-max-width:450px;--awb-caption-title-font-family:var(--h2_typography-font-family);--awb-caption-title-font-weight:var(--h2_typography-font-weight);--awb-caption-title-font-style:var(--h2_typography-font-style);--awb-caption-title-size:var(--h2_typography-font-size);--awb-caption-title-transform:var(--h2_typography-text-transform);--awb-caption-title-line-height:var(--h2_typography-line-height);--awb-caption-title-letter-spacing:var(--h2_typography-letter-spacing);\"><span class=\" fusion-imageframe imageframe-none imageframe-1 hover-type-none\"><img decoding=\"async\" width=\"600\" height=\"600\" title=\"copy-11&#215;17\" src=\"https:\/\/mpressprint.com\/wp-content\/uploads\/2023\/07\/copy-11x17-1.jpg\" data-orig-src=\"https:\/\/mpressprint.com\/wp-content\/uploads\/2023\/07\/copy-11x17-1.jpg\" alt class=\"lazyload img-responsive wp-image-30034\" srcset=\"data:image\/svg+xml,%3Csvg%20xmlns%3D%27http%3A%2F%2Fwww.w3.org%2F2000%2Fsvg%27%20width%3D%27600%27%20height%3D%27600%27%20viewBox%3D%270%200%20600%20600%27%3E%3Crect%20width%3D%27600%27%20height%3D%27600%27%20fill-opacity%3D%220%22%2F%3E%3C%2Fsvg%3E\" data-srcset=\"https:\/\/mpressprint.com\/wp-content\/uploads\/2023\/07\/copy-11x17-1-200x200.jpg 200w, https:\/\/mpressprint.com\/wp-content\/uploads\/2023\/07\/copy-11x17-1-400x400.jpg 400w, https:\/\/mpressprint.com\/wp-content\/uploads\/2023\/07\/copy-11x17-1.jpg 600w\" data-sizes=\"auto\" data-orig-sizes=\"(max-width: 1024px) 100vw, (max-width: 640px) 100vw, 600px\" \/><\/span><\/div><\/div><\/div><div class=\"fusion-layout-column fusion_builder_column fusion-builder-column-1 fusion_builder_column_1_2 1_2 fusion-flex-column\" style=\"--awb-bg-size:cover;--awb-width-large:50%;--awb-margin-top-large:15px;--awb-spacing-right-large:3.84%;--awb-margin-bottom-large:15px;--awb-spacing-left-large:3.84%;--awb-width-medium:100%;--awb-order-medium:0;--awb-spacing-right-medium:1.92%;--awb-spacing-left-medium:1.92%;--awb-width-small:100%;--awb-order-small:0;--awb-spacing-right-small:1.92%;--awb-spacing-left-small:1.92%;\"><div class=\"fusion-column-wrapper fusion-column-has-shadow fusion-flex-justify-content-flex-start fusion-content-layout-column\"><div class=\"fusion-title title fusion-title-1 fusion-title-text fusion-title-size-one\" style=\"--awb-margin-bottom:12px;--awb-font-size:26px;\"><div class=\"title-sep-container title-sep-container-left fusion-no-large-visibility fusion-no-medium-visibility fusion-no-small-visibility\"><div class=\"title-sep sep- sep-solid\" style=\"border-color:#e0dede;\"><\/div><\/div><span class=\"awb-title-spacer fusion-no-large-visibility fusion-no-medium-visibility fusion-no-small-visibility\"><\/span><h1 class=\"fusion-title-heading title-heading-left fusion-responsive-typography-calculated\" style=\"margin:0;font-size:1em;--fontSize:26;line-height:1.38;\"><b>11&#8243; x 17&#8243;<\/b><\/h1><span class=\"awb-title-spacer\"><\/span><div class=\"title-sep-container title-sep-container-right\"><div class=\"title-sep sep- sep-solid\" style=\"border-color:#e0dede;\"><\/div><\/div><\/div><div class=\"fusion-text fusion-text-1\"><p style=\"margin-bottom: 5px;\"><strong>Pourquoi payer plus au grand magasin, si vous pouvez payer au moins 20 % de moins chez Mpress.<\/strong><\/p>\n<p style=\"margin-bottom: 5px;\">Des machines calibr\u00e9es pour une meilleure qualit\u00e9 et un service rapide. Aucun frais de service suppl\u00e9mentaire pour les commandes en ligne. Imprim\u00e9 sur du papier non couch\u00e9 de 70 livres.<\/p>\n<p style=\"margin-bottom: 5px;\">Si vous souhaitez ajouter des services de finition comme l&#8217;agrafage, la reliure spirale, le pli en deux, la plastification de 5 mil ou 10 mil, veuillez nous contacter au\u00a0<a href=\"mailto:info@mpressprint.com\" target=\"_blank\" rel=\"noopener\">info@mpressprint.com<\/a>.<\/p>\n<p style=\"margin-bottom: 5px; color: var(--primary_color);\">Vous pouvez remplir le formulaire ci-dessous pour une demande d\u00e9taill\u00e9e ou simplement nous envoyer votre fichier par e-mail pour des impressions simples \u00e0 <a style=\"color: var(--primary_color);\" href=\"mailto:info@mpressprint.com\" target=\"_blank\" rel=\"noopener\">info@mpressprint.com<\/a><\/p>\n<\/div><\/div><\/div><\/div><\/div><div class=\"fusion-fullwidth fullwidth-box fusion-builder-row-2 fusion-flex-container has-pattern-background has-mask-background nonhundred-percent-fullwidth non-hundred-percent-height-scrolling\" style=\"--awb-border-radius-top-left:0px;--awb-border-radius-top-right:0px;--awb-border-radius-bottom-right:0px;--awb-border-radius-bottom-left:0px;--awb-flex-wrap:wrap;\" ><div class=\"fusion-builder-row fusion-row fusion-flex-align-items-flex-start fusion-flex-content-wrap\" style=\"max-width:1216.8px;margin-left: calc(-4% \/ 2 );margin-right: calc(-4% \/ 2 );\"><div class=\"fusion-layout-column fusion_builder_column fusion-builder-column-2 fusion_builder_column_1_1 1_1 fusion-flex-column\" style=\"--awb-bg-size:cover;--awb-width-large:100%;--awb-margin-top-large:15px;--awb-spacing-right-large:1.92%;--awb-margin-bottom-large:15px;--awb-spacing-left-large:1.92%;--awb-width-medium:100%;--awb-order-medium:0;--awb-spacing-right-medium:1.92%;--awb-spacing-left-medium:1.92%;--awb-width-small:100%;--awb-order-small:0;--awb-spacing-right-small:1.92%;--awb-spacing-left-small:1.92%;\"><div class=\"fusion-column-wrapper fusion-column-has-shadow fusion-flex-justify-content-flex-start fusion-content-layout-column\"><div class=\"fusion-text fusion-text-2\"><div class=\"forminator-ui forminator-custom-form forminator-custom-form-30032 forminator-design--default  forminator_ajax\" data-forminator-render=\"0\" data-form=\"forminator-module-30032\" data-uid=\"69d781dcc2a8a\"><br\/><\/div><form\n\t\t\t\tid=\"forminator-module-30032\"\n\t\t\t\tclass=\"forminator-ui forminator-custom-form forminator-custom-form-30032 forminator-design--default  forminator_ajax\"\n\t\t\t\tmethod=\"post\"\n\t\t\t\tdata-forminator-render=\"0\"\n\t\t\t\tdata-form-id=\"30032\"\n\t\t\t\tenctype=\"multipart\/form-data\" data-color-option=\"default\" data-design=\"default\" data-grid=\"open\" style=\"display: none;\"\n\t\t\t\tdata-uid=\"69d781dcc2a8a\"\n\t\t\t><div role=\"alert\" aria-live=\"polite\" class=\"forminator-response-message forminator-error\" aria-hidden=\"true\"><\/div><div class=\"forminator-row\"><div id=\"name-1\" class=\"forminator-field-name forminator-col forminator-col-6 \"><div class=\"forminator-field\"><label for=\"forminator-field-name-1_69d781dcc2a8a\" id=\"forminator-field-name-1_69d781dcc2a8a-label\" class=\"forminator-label\">Nom <span class=\"forminator-required\">*<\/span><\/label><input type=\"text\" name=\"name-1\" value=\"\" placeholder=\"Nom\" id=\"forminator-field-name-1_69d781dcc2a8a\" class=\"forminator-input forminator-name--field\" aria-required=\"true\" autocomplete=\"name\" \/><\/div><\/div><div id=\"name-2\" class=\"forminator-field-name forminator-col forminator-col-6 \"><div class=\"forminator-field\"><label for=\"forminator-field-name-2_69d781dcc2a8a\" id=\"forminator-field-name-2_69d781dcc2a8a-label\" class=\"forminator-label\">Nom de famille <span class=\"forminator-required\">*<\/span><\/label><input type=\"text\" name=\"name-2\" value=\"\" placeholder=\"Nom de famille\" id=\"forminator-field-name-2_69d781dcc2a8a\" class=\"forminator-input forminator-name--field\" aria-required=\"true\" autocomplete=\"name\" \/><\/div><\/div><\/div><div class=\"forminator-row\"><div id=\"email-1\" class=\"forminator-field-email forminator-col forminator-col-12 \"><div class=\"forminator-field\"><label for=\"forminator-field-email-1_69d781dcc2a8a\" id=\"forminator-field-email-1_69d781dcc2a8a-label\" class=\"forminator-label\">E-mail <span class=\"forminator-required\">*<\/span><\/label><input type=\"email\" name=\"email-1\" value=\"\" placeholder=\"E-mail\" id=\"forminator-field-email-1_69d781dcc2a8a\" class=\"forminator-input forminator-email--field\" data-required=\"1\" aria-required=\"true\" autocomplete=\"email\" \/><\/div><\/div><\/div><div class=\"forminator-row\"><div id=\"upload-1\" class=\"forminator-field-upload forminator-col forminator-col-12 \"><div class=\"forminator-field\"><label for=\"forminator-field-upload-1_69d781dcc2a8a\" id=\"forminator-field-upload-1_69d781dcc2a8a-label\" class=\"forminator-label\">T\u00e9l\u00e9chargez votre fichier <span class=\"forminator-required\">*<\/span><\/label><div class=\"forminator-file-upload \" data-element=\"upload-1_69d781dcc2a8a\"><input type=\"file\" name=\"upload-1\" id=\"forminator-field-upload-1_69d781dcc2a8a\" class=\"forminator-input-file-required do-validate\" accept=\".webp,.heif,.woff2,.woff,.ttf,.eot,.json,.pdf\" tabindex=\"-1\"><button id=\"forminator-field-upload-1_69d781dcc2a8a_button\" class=\"forminator-button forminator-button-upload\" data-id=\"forminator-field-upload-1_69d781dcc2a8a\">Choose File<\/button><span data-empty-text=\"No file chosen\">No file chosen<\/span><button class=\"forminator-button-delete\" style=\"display: none;\"><i class=\"forminator-icon-close\" aria-hidden=\"true\"><\/i><span class=\"forminator-screen-reader-only\">Delete uploaded file<\/span><\/button><\/div><\/div><\/div><\/div><div class=\"forminator-row\"><div id=\"textarea-1\" class=\"forminator-field-textarea forminator-col forminator-col-12 \"><div class=\"forminator-field\"><label for=\"forminator-field-textarea-1_69d781dcc2a8a\" id=\"forminator-field-textarea-1_69d781dcc2a8a-label\" class=\"forminator-label\">Message<\/label><textarea name=\"textarea-1\" placeholder=\"Vous pouvez ajouter un message ici.\" id=\"forminator-field-textarea-1_69d781dcc2a8a\" class=\"forminator-textarea\" rows=\"6\" style=\"min-height:140px;\" maxlength=\"200\" ><\/textarea><span id=\"forminator-field-textarea-1_69d781dcc2a8a-description\" class=\"forminator-description\"><span data-limit=\"200\" data-type=\"characters\" data-editor=\"\">0 \/ 200<\/span><\/span><\/div><\/div><\/div><div class=\"forminator-row forminator-hidden\"><div id=\"hidden-1\" class=\"forminator-field-hidden  forminator-col-12 \"><input type=\"hidden\" id=\"hidden-1_69d781dcc2a8a\" name=\"hidden-1\" value=\"11&quot; x 17&quot;\" \/><\/div><\/div><div class=\"forminator-row\"><div id=\"select-1\" class=\"forminator-field-select forminator-col forminator-col-6 \"><div class=\"forminator-field\"><label for=\"forminator-form-30032__field--select-1_69d781dcc2a8a\" id=\"forminator-form-30032__field--select-1_69d781dcc2a8a-label\" class=\"forminator-label\">C\u00f4t\u00e9s <span class=\"forminator-required\">*<\/span><\/label><select  id=\"forminator-form-30032__field--select-1_69d781dcc2a8a\" class=\"forminator-select--field forminator-select2 forminator-select2-multiple\" data-required=\"1\" name=\"select-1\" data-default-value=\"\" data-hidden-behavior=\"zero\" data-placeholder=\"Choisissez un c\u00f4t\u00e9\" data-search=\"false\" data-search-placeholder=\"Choisissez un c\u00f4t\u00e9\" data-checkbox=\"false\" data-allow-clear=\"false\" aria-labelledby=\"forminator-form-30032__field--select-1_69d781dcc2a8a-label\"><option value=\"\"  >Choisissez un c\u00f4t\u00e9<\/option><option value=\"one\"  data-calculation=\"0\">1 face<\/option><option value=\"two\"  data-calculation=\"0\">2 faces<\/option><\/select><\/div><\/div><div id=\"number-1\" class=\"forminator-field-number forminator-col forminator-col-6 \"><div class=\"forminator-field\"><label for=\"forminator-field-number-1_69d781dcc2a8a\" id=\"forminator-field-number-1_69d781dcc2a8a-label\" class=\"forminator-label\">Quantit\u00e9 <span class=\"forminator-required\">*<\/span><\/label><input name=\"number-1\" value=\"\" placeholder=\"Quantit\u00e9\" id=\"forminator-field-number-1_69d781dcc2a8a\" class=\"forminator-input forminator-number--field\" inputmode=\"decimal\" data-required=\"1\" data-decimals=\"0\" aria-required=\"true\" data-inputmask=\"&#039;groupSeparator&#039;: &#039;&#039;, &#039;radixPoint&#039;: &#039;&#039;, &#039;digits&#039;: &#039;0&#039;\" data-hidden-behavior=\"zero\" type=\"number\" step=\"any\" min=\"1\" \/><\/div><\/div><\/div><div class=\"forminator-row\"><div id=\"select-3\" class=\"forminator-field-select forminator-col forminator-col-6 \"><div class=\"forminator-field\"><label for=\"forminator-form-30032__field--select-3_69d781dcc2a8a\" id=\"forminator-form-30032__field--select-3_69d781dcc2a8a-label\" class=\"forminator-label\">Reliure spirale en bobine de plastique <span class=\"forminator-required\">*<\/span><\/label><select  id=\"forminator-form-30032__field--select-3_69d781dcc2a8a\" class=\"forminator-select--field forminator-select2 forminator-select2-multiple\" data-required=\"1\" name=\"select-3\" data-default-value=\"\" data-hidden-behavior=\"zero\" data-placeholder=\"Choisis une option\" data-search=\"false\" data-search-placeholder=\"Choisis une option\" data-checkbox=\"false\" data-allow-clear=\"false\" aria-labelledby=\"forminator-form-30032__field--select-3_69d781dcc2a8a-label\"><option value=\"\"  >Choisis une option<\/option><option value=\"one\"  data-calculation=\"0\">Oui<\/option><option value=\"two\"  data-calculation=\"0\">Non<\/option><\/select><\/div><\/div><div id=\"select-4\" class=\"forminator-field-select forminator-col forminator-col-6 \"><div class=\"forminator-field\"><label for=\"forminator-form-30032__field--select-4_69d781dcc2a8a\" id=\"forminator-form-30032__field--select-4_69d781dcc2a8a-label\" class=\"forminator-label\">Couleur de la spirale<\/label><select  id=\"forminator-form-30032__field--select-4_69d781dcc2a8a\" class=\"forminator-select--field forminator-select2 forminator-select2-multiple\" data-required=\"\" name=\"select-4\" data-default-value=\"\" data-hidden-behavior=\"zero\" data-placeholder=\"Choisir une couleur\" data-search=\"false\" data-search-placeholder=\"Choisir une couleur\" data-checkbox=\"false\" data-allow-clear=\"false\" aria-labelledby=\"forminator-form-30032__field--select-4_69d781dcc2a8a-label\"><option value=\"\"  >Choisir une couleur<\/option><option value=\"one\"  data-calculation=\"0\">Blanche<\/option><option value=\"two\"  data-calculation=\"0\">Noir<\/option><\/select><\/div><\/div><\/div><input type=\"hidden\" name=\"referer_url\" value=\"\" \/><div class=\"forminator-row forminator-row-last\"><div class=\"forminator-col\"><div class=\"forminator-field\"><button class=\"forminator-button forminator-button-submit\">Envoyer le message<\/button><\/div><\/div><\/div><input type=\"hidden\" id=\"forminator_nonce\" name=\"forminator_nonce\" value=\"05e3c64a9a\" \/><input type=\"hidden\" name=\"_wp_http_referer\" value=\"\/fr\/wp-json\/wp\/v2\/pages\/30033\" \/><input type=\"hidden\" name=\"form_id\" value=\"30032\"><input type=\"hidden\" name=\"page_id\" value=\"30033\"><input type=\"hidden\" name=\"form_type\" value=\"default\"><input type=\"hidden\" name=\"current_url\" value=\"https:\/\/mpressprint.com\/fr\/11-x-17\/\"><input type=\"hidden\" name=\"render_id\" value=\"0\"><input type=\"hidden\" name=\"action\" value=\"forminator_submit_form_custom-forms\"><\/form>\n<\/div><\/div><\/div><\/div><\/div><\/p>\n","protected":false},"excerpt":{"rendered":"","protected":false},"author":1,"featured_media":0,"parent":0,"menu_order":0,"comment_status":"closed","ping_status":"closed","template":"","meta":{"footnotes":""},"class_list":["post-30033","page","type-page","status-publish","hentry"],"yoast_head":"<!-- This site is optimized with the Yoast SEO plugin v27.0 - https:\/\/yoast.com\/product\/yoast-seo-wordpress\/ -->\n<title>11&quot; x 17&quot; &#8211; Mpress Design &amp; Print<\/title>\n<meta name=\"robots\" content=\"index, follow, max-snippet:-1, max-image-preview:large, max-video-preview:-1\" \/>\n<link rel=\"canonical\" href=\"https:\/\/mpressprint.com\/fr\/11-x-17\/\" \/>\n<meta property=\"og:locale\" content=\"fr_FR\" \/>\n<meta property=\"og:type\" content=\"article\" \/>\n<meta property=\"og:title\" content=\"11&quot; x 17&quot; &#8211; Mpress Design &amp; Print\" \/>\n<meta property=\"og:url\" content=\"https:\/\/mpressprint.com\/fr\/11-x-17\/\" \/>\n<meta property=\"og:site_name\" content=\"Mpress Design &amp; Print\" \/>\n<meta property=\"article:modified_time\" content=\"2025-03-20T15:09:09+00:00\" \/>\n<meta property=\"og:image\" content=\"https:\/\/mpressprint.com\/wp-content\/uploads\/2019\/07\/mpress-logo.png\" \/>\n\t<meta property=\"og:image:width\" content=\"320\" \/>\n\t<meta property=\"og:image:height\" content=\"86\" \/>\n\t<meta property=\"og:image:type\" content=\"image\/png\" \/>\n<meta name=\"twitter:card\" content=\"summary_large_image\" \/>\n<meta name=\"twitter:label1\" content=\"Est. reading time\" \/>\n\t<meta name=\"twitter:data1\" content=\"2 minutes\" \/>\n<script type=\"application\/ld+json\" class=\"yoast-schema-graph\">{\"@context\":\"https:\/\/schema.org\",\"@graph\":[{\"@type\":\"WebPage\",\"@id\":\"https:\/\/mpressprint.com\/fr\/11-x-17\/\",\"url\":\"https:\/\/mpressprint.com\/fr\/11-x-17\/\",\"name\":\"11\\\" x 17\\\" &#8211; Mpress Design &amp; Print\",\"isPartOf\":{\"@id\":\"https:\/\/mpressprint.com\/#website\"},\"datePublished\":\"2023-08-30T17:51:38+00:00\",\"dateModified\":\"2025-03-20T15:09:09+00:00\",\"breadcrumb\":{\"@id\":\"https:\/\/mpressprint.com\/fr\/11-x-17\/#breadcrumb\"},\"inLanguage\":\"fr-FR\",\"potentialAction\":[{\"@type\":\"ReadAction\",\"target\":[\"https:\/\/mpressprint.com\/fr\/11-x-17\/\"]}]},{\"@type\":\"BreadcrumbList\",\"@id\":\"https:\/\/mpressprint.com\/fr\/11-x-17\/#breadcrumb\",\"itemListElement\":[{\"@type\":\"ListItem\",\"position\":1,\"name\":\"Home\",\"item\":\"https:\/\/mpressprint.com\/fr\/\"},{\"@type\":\"ListItem\",\"position\":2,\"name\":\"11&#8243; x 17&#8243;\"}]},{\"@type\":\"WebSite\",\"@id\":\"https:\/\/mpressprint.com\/#website\",\"url\":\"https:\/\/mpressprint.com\/\",\"name\":\"Mpress Design &amp; Print\",\"description\":\"Montreal - Pointe-Claire | Digital &amp; Offset printing | Large format | Mpress Design &amp; Print\",\"publisher\":{\"@id\":\"https:\/\/mpressprint.com\/#organization\"},\"potentialAction\":[{\"@type\":\"SearchAction\",\"target\":{\"@type\":\"EntryPoint\",\"urlTemplate\":\"https:\/\/mpressprint.com\/?s={search_term_string}\"},\"query-input\":{\"@type\":\"PropertyValueSpecification\",\"valueRequired\":true,\"valueName\":\"search_term_string\"}}],\"inLanguage\":\"fr-FR\"},{\"@type\":\"Organization\",\"@id\":\"https:\/\/mpressprint.com\/#organization\",\"name\":\"Mpress Print inc.\",\"url\":\"https:\/\/mpressprint.com\/\",\"logo\":{\"@type\":\"ImageObject\",\"inLanguage\":\"fr-FR\",\"@id\":\"https:\/\/mpressprint.com\/#\/schema\/logo\/image\/\",\"url\":\"https:\/\/mpressprint.com\/wp-content\/uploads\/2019\/07\/mpress-logo.png\",\"contentUrl\":\"https:\/\/mpressprint.com\/wp-content\/uploads\/2019\/07\/mpress-logo.png\",\"width\":320,\"height\":86,\"caption\":\"Mpress Print inc.\"},\"image\":{\"@id\":\"https:\/\/mpressprint.com\/#\/schema\/logo\/image\/\"}}]}<\/script>\n<!-- \/ Yoast SEO plugin. -->","yoast_head_json":{"title":"11\" x 17\" &#8211; Mpress Design &amp; Print","robots":{"index":"index","follow":"follow","max-snippet":"max-snippet:-1","max-image-preview":"max-image-preview:large","max-video-preview":"max-video-preview:-1"},"canonical":"https:\/\/mpressprint.com\/fr\/11-x-17\/","og_locale":"fr_FR","og_type":"article","og_title":"11\" x 17\" &#8211; Mpress Design &amp; Print","og_url":"https:\/\/mpressprint.com\/fr\/11-x-17\/","og_site_name":"Mpress Design &amp; Print","article_modified_time":"2025-03-20T15:09:09+00:00","og_image":[{"width":320,"height":86,"url":"https:\/\/mpressprint.com\/wp-content\/uploads\/2019\/07\/mpress-logo.png","type":"image\/png"}],"twitter_card":"summary_large_image","twitter_misc":{"Est. reading time":"2 minutes"},"schema":{"@context":"https:\/\/schema.org","@graph":[{"@type":"WebPage","@id":"https:\/\/mpressprint.com\/fr\/11-x-17\/","url":"https:\/\/mpressprint.com\/fr\/11-x-17\/","name":"11\" x 17\" &#8211; Mpress Design &amp; Print","isPartOf":{"@id":"https:\/\/mpressprint.com\/#website"},"datePublished":"2023-08-30T17:51:38+00:00","dateModified":"2025-03-20T15:09:09+00:00","breadcrumb":{"@id":"https:\/\/mpressprint.com\/fr\/11-x-17\/#breadcrumb"},"inLanguage":"fr-FR","potentialAction":[{"@type":"ReadAction","target":["https:\/\/mpressprint.com\/fr\/11-x-17\/"]}]},{"@type":"BreadcrumbList","@id":"https:\/\/mpressprint.com\/fr\/11-x-17\/#breadcrumb","itemListElement":[{"@type":"ListItem","position":1,"name":"Home","item":"https:\/\/mpressprint.com\/fr\/"},{"@type":"ListItem","position":2,"name":"11&#8243; x 17&#8243;"}]},{"@type":"WebSite","@id":"https:\/\/mpressprint.com\/#website","url":"https:\/\/mpressprint.com\/","name":"Mpress Design &amp; Print","description":"Montreal - Pointe-Claire | Digital &amp; Offset printing | Large format | Mpress Design &amp; Print","publisher":{"@id":"https:\/\/mpressprint.com\/#organization"},"potentialAction":[{"@type":"SearchAction","target":{"@type":"EntryPoint","urlTemplate":"https:\/\/mpressprint.com\/?s={search_term_string}"},"query-input":{"@type":"PropertyValueSpecification","valueRequired":true,"valueName":"search_term_string"}}],"inLanguage":"fr-FR"},{"@type":"Organization","@id":"https:\/\/mpressprint.com\/#organization","name":"Mpress Print inc.","url":"https:\/\/mpressprint.com\/","logo":{"@type":"ImageObject","inLanguage":"fr-FR","@id":"https:\/\/mpressprint.com\/#\/schema\/logo\/image\/","url":"https:\/\/mpressprint.com\/wp-content\/uploads\/2019\/07\/mpress-logo.png","contentUrl":"https:\/\/mpressprint.com\/wp-content\/uploads\/2019\/07\/mpress-logo.png","width":320,"height":86,"caption":"Mpress Print inc."},"image":{"@id":"https:\/\/mpressprint.com\/#\/schema\/logo\/image\/"}}]}},"_links":{"self":[{"href":"https:\/\/mpressprint.com\/fr\/wp-json\/wp\/v2\/pages\/30033","targetHints":{"allow":["GET"]}}],"collection":[{"href":"https:\/\/mpressprint.com\/fr\/wp-json\/wp\/v2\/pages"}],"about":[{"href":"https:\/\/mpressprint.com\/fr\/wp-json\/wp\/v2\/types\/page"}],"author":[{"embeddable":true,"href":"https:\/\/mpressprint.com\/fr\/wp-json\/wp\/v2\/users\/1"}],"replies":[{"embeddable":true,"href":"https:\/\/mpressprint.com\/fr\/wp-json\/wp\/v2\/comments?post=30033"}],"version-history":[{"count":3,"href":"https:\/\/mpressprint.com\/fr\/wp-json\/wp\/v2\/pages\/30033\/revisions"}],"predecessor-version":[{"id":30085,"href":"https:\/\/mpressprint.com\/fr\/wp-json\/wp\/v2\/pages\/30033\/revisions\/30085"}],"wp:attachment":[{"href":"https:\/\/mpressprint.com\/fr\/wp-json\/wp\/v2\/media?parent=30033"}],"curies":[{"name":"wp","href":"https:\/\/api.w.org\/{rel}","templated":true}]}}