{"id":29959,"date":"2023-08-16T12:34:40","date_gmt":"2023-08-16T17:34:40","guid":{"rendered":"https:\/\/mpressprint.com\/termes-et-conditions\/"},"modified":"2023-08-16T12:34:40","modified_gmt":"2023-08-16T17:34:40","slug":"termes-et-conditions","status":"publish","type":"page","link":"https:\/\/mpressprint.com\/fr\/termes-et-conditions\/","title":{"rendered":"Termes et Conditions"},"content":{"rendered":"<div class=\"fusion-fullwidth fullwidth-box fusion-builder-row-1 nonhundred-percent-fullwidth non-hundred-percent-height-scrolling\" style=\"--awb-border-radius-top-left:0px;--awb-border-radius-top-right:0px;--awb-border-radius-bottom-right:0px;--awb-border-radius-bottom-left:0px;--awb-flex-wrap:wrap;\" ><div class=\"fusion-builder-row fusion-row\"><div class=\"fusion-layout-column fusion_builder_column fusion-builder-column-0 fusion_builder_column_1_1 1_1 fusion-one-full fusion-column-first fusion-column-last\" style=\"--awb-bg-size:cover;\"><div class=\"fusion-column-wrapper fusion-column-has-shadow fusion-flex-column-wrapper-legacy\"><div class=\"fusion-title title fusion-title-1 fusion-title-text fusion-title-size-three\" style=\"--awb-margin-bottom:15px;\"><h3 class=\"fusion-title-heading title-heading-left fusion-responsive-typography-calculated\" style=\"margin:0;--fontSize:16;--minFontSize:16;line-height:1.88;\">TERMES ET CONDITIONS<\/h3><span class=\"awb-title-spacer\"><\/span><div class=\"title-sep-container\"><div class=\"title-sep sep- sep-solid\" style=\"border-color:#e0dede;\"><\/div><\/div><\/div><div class=\"fusion-text fusion-text-1 text-terms\"><p><span style=\"padding-bottom: 20px;\">En passant une commande aupr\u00e8s de Mpress Print Inc., vous acceptez d&#8217;\u00eatre li\u00e9 par les termes et conditions \u00e9nonc\u00e9s ci-dessous. Si vous n&#8217;acceptez pas ces Termes et Conditions, n&#8217;utilisez aucune partie de ce site.<\/span><\/p>\n<\/div><div class=\"fusion-title title fusion-title-2 fusion-title-text fusion-title-size-three\" style=\"--awb-margin-bottom:15px;\"><h3 class=\"fusion-title-heading title-heading-left fusion-responsive-typography-calculated\" style=\"margin:0;--fontSize:16;--minFontSize:16;line-height:1.88;\">DEVIS et DEVIS<\/h3><span class=\"awb-title-spacer\"><\/span><div class=\"title-sep-container\"><div class=\"title-sep sep- sep-solid\" style=\"border-color:#e0dede;\"><\/div><\/div><\/div><div class=\"fusion-text fusion-text-2 text-terms\"><p>Les devis \u00e9crits sont valables 30 jours. Un devis non accept\u00e9 dans les 30 jours pourra \u00eatre modifi\u00e9.<\/p>\n<\/div><div class=\"fusion-title title fusion-title-3 fusion-title-text fusion-title-size-three\" style=\"--awb-margin-bottom:15px;\"><h3 class=\"fusion-title-heading title-heading-left fusion-responsive-typography-calculated\" style=\"margin:0;--fontSize:16;--minFontSize:16;line-height:1.88;\">MODALIT\u00c9S DE PAIEMENT<\/h3><span class=\"awb-title-spacer\"><\/span><div class=\"title-sep-container\"><div class=\"title-sep sep- sep-solid\" style=\"border-color:#e0dede;\"><\/div><\/div><\/div><div class=\"fusion-text fusion-text-3 text-terms\"><p>Toutes les commandes doivent \u00eatre pr\u00e9pay\u00e9es \u00e0 la commande.<\/p>\n<\/div><div class=\"fusion-title title fusion-title-4 fusion-title-text fusion-title-size-three\" style=\"--awb-margin-bottom:15px;\"><h3 class=\"fusion-title-heading title-heading-left fusion-responsive-typography-calculated\" style=\"margin:0;--fontSize:16;--minFontSize:16;line-height:1.88;\">APPROBATION DE LA COMMANDE<\/h3><span class=\"awb-title-spacer\"><\/span><div class=\"title-sep-container\"><div class=\"title-sep sep- sep-solid\" style=\"border-color:#e0dede;\"><\/div><\/div><\/div><div class=\"fusion-text fusion-text-4 text-terms\"><p>Le client est enti\u00e8rement responsable de l&#8217;illustration finale lors de la soumission des fichiers. Imprimerie Mpress inc. N&#8217;EST PAS RESPONSABLE des erreurs telles que les fautes d&#8217;orthographe, les lettres coup\u00e9es et la qualit\u00e9 de l&#8217;image.<\/p>\n<\/div><div class=\"fusion-title title fusion-title-5 fusion-title-text fusion-title-size-three\" style=\"--awb-margin-bottom:15px;\"><h3 class=\"fusion-title-heading title-heading-left fusion-responsive-typography-calculated\" style=\"margin:0;--fontSize:16;--minFontSize:16;line-height:1.88;\">ANNULATION DE COMMANDE<\/h3><span class=\"awb-title-spacer\"><\/span><div class=\"title-sep-container\"><div class=\"title-sep sep- sep-solid\" style=\"border-color:#e0dede;\"><\/div><\/div><\/div><div class=\"fusion-text fusion-text-5 text-terms\"><p>Les commandes peuvent \u00eatre annul\u00e9es sur demande par e-mail dans les 3 heures suivant la passation de la commande.<\/p>\n<\/div><div class=\"fusion-title title fusion-title-6 fusion-title-text fusion-title-size-three\" style=\"--awb-margin-bottom:15px;\"><h3 class=\"fusion-title-heading title-heading-left fusion-responsive-typography-calculated\" style=\"margin:0;--fontSize:16;--minFontSize:16;line-height:1.88;\">REMBOURSEMENTS ET RETOURS<\/h3><span class=\"awb-title-spacer\"><\/span><div class=\"title-sep-container\"><div class=\"title-sep sep- sep-solid\" style=\"border-color:#e0dede;\"><\/div><\/div><\/div><div class=\"fusion-text fusion-text-6 text-terms\"><p>\u00c9tant donn\u00e9 que chaque travail est cr\u00e9\u00e9 sur mesure par le client et n&#8217;a aucune valeur de revente, une fois la production commenc\u00e9e, TOUTES LES VENTES SONT FINALES. S&#8217;il y a des erreurs d&#8217;impression, nous r\u00e9imprimerons la commande sans frais suppl\u00e9mentaires. Aucun remboursement ou cr\u00e9dit. Le client doit aviser Mpress Print inc. des d\u00e9fauts d&#8217;impression dans les 5 jours ouvrables suivant l&#8217;acceptation de la commande. Le client doit d&#8217;abord retourner 100 % du produit d\u00e9fectueux dans les 7 jours (\u00e0 ses propres frais) \u00e0 compter de la r\u00e9ception de la livraison. Tous les frais li\u00e9s \u00e0 l&#8217;impression urgente ou \u00e0 l&#8217;exp\u00e9dition acc\u00e9l\u00e9r\u00e9e ne sont PAS REMBOURSABLES, y compris pour les commandes retourn\u00e9es pour quelque raison que ce soit.<\/p>\n<\/div><div class=\"fusion-title title fusion-title-7 fusion-title-text fusion-title-size-three\" style=\"--awb-margin-bottom:15px;\"><h3 class=\"fusion-title-heading title-heading-left fusion-responsive-typography-calculated\" style=\"margin:0;--fontSize:16;--minFontSize:16;line-height:1.88;\">EXP\u00c9DITION ET LIVRAISON DE LA COMMANDE<\/h3><span class=\"awb-title-spacer\"><\/span><div class=\"title-sep-container\"><div class=\"title-sep sep- sep-solid\" style=\"border-color:#e0dede;\"><\/div><\/div><\/div><div class=\"fusion-text fusion-text-7 text-terms\"><p>Imprimerie Mpress inc. n&#8217;est pas responsable des retards et\/ou des dommages subis lors de l&#8217;exp\u00e9dition apr\u00e8s avoir quitt\u00e9 nos installations. Si le colis est retourn\u00e9 en raison d&#8217;une mauvaise adresse par le client, nous renverrons le colis avec l&#8217;adresse corrig\u00e9e, mais le client sera responsable des frais d&#8217;exp\u00e9dition suppl\u00e9mentaires.<\/p>\n<\/div><div class=\"fusion-title title fusion-title-8 fusion-title-text fusion-title-size-three\" style=\"--awb-margin-bottom:15px;\"><h3 class=\"fusion-title-heading title-heading-left fusion-responsive-typography-calculated\" style=\"margin:0;--fontSize:16;--minFontSize:16;line-height:1.88;\">DROITS D&#8217;AUTEUR<\/h3><span class=\"awb-title-spacer\"><\/span><div class=\"title-sep-container\"><div class=\"title-sep sep- sep-solid\" style=\"border-color:#e0dede;\"><\/div><\/div><\/div><div class=\"fusion-text fusion-text-8 text-terms\"><p>Tout le mat\u00e9riel trouv\u00e9 sur ce site Web ou utilis\u00e9 dans la production de votre commande est soumis au droit d&#8217;auteur. Tous les droits sont r\u00e9serv\u00e9s dans le monde entier. Il est strictement interdit de redistribuer, copier ou republier tout mat\u00e9riel trouv\u00e9 sur mpressprint.com<\/p>\n<\/div><div class=\"fusion-title title fusion-title-9 fusion-title-text fusion-title-size-three\" style=\"--awb-margin-bottom:15px;\"><h3 class=\"fusion-title-heading title-heading-left fusion-responsive-typography-calculated\" style=\"margin:0;--fontSize:16;--minFontSize:16;line-height:1.88;\">MODIFICATIONS DE NOTRE POLITIQUE<\/h3><span class=\"awb-title-spacer\"><\/span><div class=\"title-sep-container\"><div class=\"title-sep sep- sep-solid\" style=\"border-color:#e0dede;\"><\/div><\/div><\/div><div class=\"fusion-text fusion-text-9 text-terms\"><p>Imprimerie Mpress inc. peut changer ou modifier toute partie de cette politique \u00e0 tout moment, et tout changement entrera en vigueur imm\u00e9diatement. Cette politique a \u00e9t\u00e9 modifi\u00e9e pour la derni\u00e8re fois le 10 juillet 2020.<\/p>\n<\/div><div class=\"fusion-clearfix\"><\/div><\/div><\/div><\/div><\/div>\n","protected":false},"excerpt":{"rendered":"","protected":false},"author":1,"featured_media":0,"parent":0,"menu_order":0,"comment_status":"closed","ping_status":"closed","template":"","meta":{"footnotes":""},"class_list":["post-29959","page","type-page","status-publish","hentry"],"yoast_head":"<!-- This site is optimized with the Yoast SEO plugin v27.0 - https:\/\/yoast.com\/product\/yoast-seo-wordpress\/ -->\n<title>Termes et Conditions &#8211; Mpress Design &amp; Print<\/title>\n<meta name=\"description\" content=\"En passant une commande aupr\u00e8s de Mpress Print Inc., vous acceptez d&#039;\u00eatre li\u00e9 par les termes et conditions \u00e9nonc\u00e9s ci-dessous. Si vous n&#039;acceptez pas ces Termes et Conditions, n&#039;utilisez aucune partie de ce site.\" \/>\n<meta name=\"robots\" content=\"index, follow, max-snippet:-1, max-image-preview:large, max-video-preview:-1\" \/>\n<link rel=\"canonical\" href=\"https:\/\/mpressprint.com\/fr\/termes-et-conditions\/\" \/>\n<meta property=\"og:locale\" content=\"fr_FR\" \/>\n<meta property=\"og:type\" content=\"article\" \/>\n<meta property=\"og:title\" content=\"Termes et Conditions &#8211; Mpress Design &amp; Print\" \/>\n<meta property=\"og:description\" content=\"En passant une commande aupr\u00e8s de Mpress Print Inc., vous acceptez d&#039;\u00eatre li\u00e9 par les termes et conditions \u00e9nonc\u00e9s ci-dessous. Si vous n&#039;acceptez pas ces Termes et Conditions, n&#039;utilisez aucune partie de ce site.\" \/>\n<meta property=\"og:url\" content=\"https:\/\/mpressprint.com\/fr\/termes-et-conditions\/\" \/>\n<meta property=\"og:site_name\" content=\"Mpress Design &amp; Print\" \/>\n<meta property=\"og:image\" content=\"https:\/\/mpressprint.com\/wp-content\/uploads\/2019\/07\/mpress-logo.png\" \/>\n\t<meta property=\"og:image:width\" content=\"320\" \/>\n\t<meta property=\"og:image:height\" content=\"86\" \/>\n\t<meta property=\"og:image:type\" content=\"image\/png\" \/>\n<meta name=\"twitter:card\" content=\"summary_large_image\" \/>\n<meta name=\"twitter:label1\" content=\"Est. reading time\" \/>\n\t<meta name=\"twitter:data1\" content=\"10 minutes\" \/>\n<script type=\"application\/ld+json\" class=\"yoast-schema-graph\">{\"@context\":\"https:\/\/schema.org\",\"@graph\":[{\"@type\":\"WebPage\",\"@id\":\"https:\/\/mpressprint.com\/fr\/termes-et-conditions\/\",\"url\":\"https:\/\/mpressprint.com\/fr\/termes-et-conditions\/\",\"name\":\"Termes et Conditions &#8211; Mpress Design &amp; Print\",\"isPartOf\":{\"@id\":\"https:\/\/mpressprint.com\/#website\"},\"datePublished\":\"2023-08-16T17:34:40+00:00\",\"description\":\"En passant une commande aupr\u00e8s de Mpress Print Inc., vous acceptez d'\u00eatre li\u00e9 par les termes et conditions \u00e9nonc\u00e9s ci-dessous. Si vous n'acceptez pas ces Termes et Conditions, n'utilisez aucune partie de ce site.\",\"breadcrumb\":{\"@id\":\"https:\/\/mpressprint.com\/fr\/termes-et-conditions\/#breadcrumb\"},\"inLanguage\":\"fr-FR\",\"potentialAction\":[{\"@type\":\"ReadAction\",\"target\":[\"https:\/\/mpressprint.com\/fr\/termes-et-conditions\/\"]}]},{\"@type\":\"BreadcrumbList\",\"@id\":\"https:\/\/mpressprint.com\/fr\/termes-et-conditions\/#breadcrumb\",\"itemListElement\":[{\"@type\":\"ListItem\",\"position\":1,\"name\":\"Home\",\"item\":\"https:\/\/mpressprint.com\/fr\/\"},{\"@type\":\"ListItem\",\"position\":2,\"name\":\"Termes et Conditions\"}]},{\"@type\":\"WebSite\",\"@id\":\"https:\/\/mpressprint.com\/#website\",\"url\":\"https:\/\/mpressprint.com\/\",\"name\":\"Mpress Design &amp; Print\",\"description\":\"Montreal - Pointe-Claire | Digital &amp; Offset printing | Large format | Mpress Design &amp; Print\",\"publisher\":{\"@id\":\"https:\/\/mpressprint.com\/#organization\"},\"potentialAction\":[{\"@type\":\"SearchAction\",\"target\":{\"@type\":\"EntryPoint\",\"urlTemplate\":\"https:\/\/mpressprint.com\/?s={search_term_string}\"},\"query-input\":{\"@type\":\"PropertyValueSpecification\",\"valueRequired\":true,\"valueName\":\"search_term_string\"}}],\"inLanguage\":\"fr-FR\"},{\"@type\":\"Organization\",\"@id\":\"https:\/\/mpressprint.com\/#organization\",\"name\":\"Mpress Print inc.\",\"url\":\"https:\/\/mpressprint.com\/\",\"logo\":{\"@type\":\"ImageObject\",\"inLanguage\":\"fr-FR\",\"@id\":\"https:\/\/mpressprint.com\/#\/schema\/logo\/image\/\",\"url\":\"https:\/\/mpressprint.com\/wp-content\/uploads\/2019\/07\/mpress-logo.png\",\"contentUrl\":\"https:\/\/mpressprint.com\/wp-content\/uploads\/2019\/07\/mpress-logo.png\",\"width\":320,\"height\":86,\"caption\":\"Mpress Print inc.\"},\"image\":{\"@id\":\"https:\/\/mpressprint.com\/#\/schema\/logo\/image\/\"}}]}<\/script>\n<!-- \/ Yoast SEO plugin. -->","yoast_head_json":{"title":"Termes et Conditions &#8211; Mpress Design &amp; Print","description":"En passant une commande aupr\u00e8s de Mpress Print Inc., vous acceptez d'\u00eatre li\u00e9 par les termes et conditions \u00e9nonc\u00e9s ci-dessous. Si vous n'acceptez pas ces Termes et Conditions, n'utilisez aucune partie de ce site.","robots":{"index":"index","follow":"follow","max-snippet":"max-snippet:-1","max-image-preview":"max-image-preview:large","max-video-preview":"max-video-preview:-1"},"canonical":"https:\/\/mpressprint.com\/fr\/termes-et-conditions\/","og_locale":"fr_FR","og_type":"article","og_title":"Termes et Conditions &#8211; Mpress Design &amp; Print","og_description":"En passant une commande aupr\u00e8s de Mpress Print Inc., vous acceptez d'\u00eatre li\u00e9 par les termes et conditions \u00e9nonc\u00e9s ci-dessous. Si vous n'acceptez pas ces Termes et Conditions, n'utilisez aucune partie de ce site.","og_url":"https:\/\/mpressprint.com\/fr\/termes-et-conditions\/","og_site_name":"Mpress Design &amp; Print","og_image":[{"width":320,"height":86,"url":"https:\/\/mpressprint.com\/wp-content\/uploads\/2019\/07\/mpress-logo.png","type":"image\/png"}],"twitter_card":"summary_large_image","twitter_misc":{"Est. reading time":"10 minutes"},"schema":{"@context":"https:\/\/schema.org","@graph":[{"@type":"WebPage","@id":"https:\/\/mpressprint.com\/fr\/termes-et-conditions\/","url":"https:\/\/mpressprint.com\/fr\/termes-et-conditions\/","name":"Termes et Conditions &#8211; Mpress Design &amp; Print","isPartOf":{"@id":"https:\/\/mpressprint.com\/#website"},"datePublished":"2023-08-16T17:34:40+00:00","description":"En passant une commande aupr\u00e8s de Mpress Print Inc., vous acceptez d'\u00eatre li\u00e9 par les termes et conditions \u00e9nonc\u00e9s ci-dessous. Si vous n'acceptez pas ces Termes et Conditions, n'utilisez aucune partie de ce site.","breadcrumb":{"@id":"https:\/\/mpressprint.com\/fr\/termes-et-conditions\/#breadcrumb"},"inLanguage":"fr-FR","potentialAction":[{"@type":"ReadAction","target":["https:\/\/mpressprint.com\/fr\/termes-et-conditions\/"]}]},{"@type":"BreadcrumbList","@id":"https:\/\/mpressprint.com\/fr\/termes-et-conditions\/#breadcrumb","itemListElement":[{"@type":"ListItem","position":1,"name":"Home","item":"https:\/\/mpressprint.com\/fr\/"},{"@type":"ListItem","position":2,"name":"Termes et Conditions"}]},{"@type":"WebSite","@id":"https:\/\/mpressprint.com\/#website","url":"https:\/\/mpressprint.com\/","name":"Mpress Design &amp; Print","description":"Montreal - Pointe-Claire | Digital &amp; Offset printing | Large format | Mpress Design &amp; Print","publisher":{"@id":"https:\/\/mpressprint.com\/#organization"},"potentialAction":[{"@type":"SearchAction","target":{"@type":"EntryPoint","urlTemplate":"https:\/\/mpressprint.com\/?s={search_term_string}"},"query-input":{"@type":"PropertyValueSpecification","valueRequired":true,"valueName":"search_term_string"}}],"inLanguage":"fr-FR"},{"@type":"Organization","@id":"https:\/\/mpressprint.com\/#organization","name":"Mpress Print inc.","url":"https:\/\/mpressprint.com\/","logo":{"@type":"ImageObject","inLanguage":"fr-FR","@id":"https:\/\/mpressprint.com\/#\/schema\/logo\/image\/","url":"https:\/\/mpressprint.com\/wp-content\/uploads\/2019\/07\/mpress-logo.png","contentUrl":"https:\/\/mpressprint.com\/wp-content\/uploads\/2019\/07\/mpress-logo.png","width":320,"height":86,"caption":"Mpress Print inc."},"image":{"@id":"https:\/\/mpressprint.com\/#\/schema\/logo\/image\/"}}]}},"_links":{"self":[{"href":"https:\/\/mpressprint.com\/fr\/wp-json\/wp\/v2\/pages\/29959","targetHints":{"allow":["GET"]}}],"collection":[{"href":"https:\/\/mpressprint.com\/fr\/wp-json\/wp\/v2\/pages"}],"about":[{"href":"https:\/\/mpressprint.com\/fr\/wp-json\/wp\/v2\/types\/page"}],"author":[{"embeddable":true,"href":"https:\/\/mpressprint.com\/fr\/wp-json\/wp\/v2\/users\/1"}],"replies":[{"embeddable":true,"href":"https:\/\/mpressprint.com\/fr\/wp-json\/wp\/v2\/comments?post=29959"}],"version-history":[{"count":2,"href":"https:\/\/mpressprint.com\/fr\/wp-json\/wp\/v2\/pages\/29959\/revisions"}],"predecessor-version":[{"id":29961,"href":"https:\/\/mpressprint.com\/fr\/wp-json\/wp\/v2\/pages\/29959\/revisions\/29961"}],"wp:attachment":[{"href":"https:\/\/mpressprint.com\/fr\/wp-json\/wp\/v2\/media?parent=29959"}],"curies":[{"name":"wp","href":"https:\/\/api.w.org\/{rel}","templated":true}]}}