{"id":29956,"date":"2023-08-16T10:18:51","date_gmt":"2023-08-16T15:18:51","guid":{"rendered":"https:\/\/mpressprint.com\/preparation-du-dossier\/"},"modified":"2023-08-16T10:18:52","modified_gmt":"2023-08-16T15:18:52","slug":"preparation-du-dossier","status":"publish","type":"page","link":"https:\/\/mpressprint.com\/fr\/preparation-du-dossier\/","title":{"rendered":"Pr\u00e9paration du dossier"},"content":{"rendered":"<div class=\"fusion-fullwidth fullwidth-box fusion-builder-row-1 nonhundred-percent-fullwidth non-hundred-percent-height-scrolling\" style=\"--awb-border-radius-top-left:0px;--awb-border-radius-top-right:0px;--awb-border-radius-bottom-right:0px;--awb-border-radius-bottom-left:0px;--awb-flex-wrap:wrap;\" ><div class=\"fusion-builder-row fusion-row\"><div class=\"fusion-layout-column fusion_builder_column fusion-builder-column-0 fusion_builder_column_1_1 1_1 fusion-one-full fusion-column-first fusion-column-last\" style=\"--awb-bg-size:cover;\"><div class=\"fusion-column-wrapper fusion-column-has-shadow fusion-flex-column-wrapper-legacy\"><div class=\"fusion-text fusion-text-1\"><h3 style=\"margin: 0cm 0cm 5.4pt 0cm;\"><span style=\"font-size: 15.0pt; font-family: 'Arial',sans-serif; color: #2b2e32;\">Comment pr\u00e9parer votre \u0153uvre<\/span><\/h3>\n<p><strong>R\u00e9solution: <\/strong>Tous les fichiers doivent \u00eatre de 300 dpi.<\/p>\n<p><strong>Couleurs:<\/strong> Les fichiers et les images doivent \u00eatre CMJN et non RVB<\/p>\n<p><strong>Saigner: <\/strong>Un saignement de 0,125&#8243; tout autour doit \u00eatre ajout\u00e9. Assurez-vous que les arri\u00e8re-plans et les images s&#8217;\u00e9tendent jusqu&#8217;\u00e0 la zone de fond perdu.<\/p>\n<p><strong>Zone de s\u00e9curit\u00e9: <\/strong>Gardez toujours le texte \u00e0 moins de 1\/4&#8243; des bords pour \u00e9viter d&#8217;\u00eatre pr\u00e8s de la coupe.<br \/>\n<strong><br \/>\nNoirs :<\/strong>Le petit texte noir doit \u00eatre 0 % cyan, 0 % magenta, 0 % jaune, 100 % noir. Pour un noir riche et intense, veuillez utiliser cette formule noire riche : 60% Cyan, 40% Magenta, 40% Jaune, 100% Noir.<\/p>\n<p><strong>D\u00e9p\u00f4t de dossier: <\/strong>Convertissez tout le texte en plan avant de soumettre vos fichiers. Les fichiers doivent \u00eatre enregistr\u00e9s au format PDF de qualit\u00e9 presse, sans marques de rognage. De pr\u00e9f\u00e9rence chaque c\u00f4t\u00e9 enregistr\u00e9 s\u00e9par\u00e9ment.<\/p>\n<\/div><div class=\"fusion-clearfix\"><\/div><\/div><\/div><\/div><\/div>\n","protected":false},"excerpt":{"rendered":"","protected":false},"author":1,"featured_media":0,"parent":0,"menu_order":0,"comment_status":"closed","ping_status":"closed","template":"","meta":{"footnotes":""},"class_list":["post-29956","page","type-page","status-publish","hentry"],"yoast_head":"<!-- This site is optimized with the Yoast SEO plugin v27.0 - https:\/\/yoast.com\/product\/yoast-seo-wordpress\/ -->\n<title>Pr\u00e9paration du dossier &#8211; Mpress Design &amp; Print<\/title>\n<meta name=\"description\" content=\"Instructions de pr\u00e9paration des fichiers pour vos fichiers d&#039;impression. Pour l&#039;impression de cartes de visite, d\u00e9pliants, banni\u00e8res, brochures, catalogues, formulaires commerciaux autocopiants, affiches, banni\u00e8res enroulables, panneaux et plus encore\" \/>\n<meta name=\"robots\" content=\"index, follow, max-snippet:-1, max-image-preview:large, max-video-preview:-1\" \/>\n<link rel=\"canonical\" href=\"https:\/\/mpressprint.com\/fr\/preparation-du-dossier\/\" \/>\n<meta property=\"og:locale\" content=\"fr_FR\" \/>\n<meta property=\"og:type\" content=\"article\" \/>\n<meta property=\"og:title\" content=\"Pr\u00e9paration du dossier &#8211; Mpress Design &amp; Print\" \/>\n<meta property=\"og:description\" content=\"Instructions de pr\u00e9paration des fichiers pour vos fichiers d&#039;impression. Pour l&#039;impression de cartes de visite, d\u00e9pliants, banni\u00e8res, brochures, catalogues, formulaires commerciaux autocopiants, affiches, banni\u00e8res enroulables, panneaux et plus encore\" \/>\n<meta property=\"og:url\" content=\"https:\/\/mpressprint.com\/fr\/preparation-du-dossier\/\" \/>\n<meta property=\"og:site_name\" content=\"Mpress Design &amp; Print\" \/>\n<meta property=\"article:modified_time\" content=\"2023-08-16T15:18:52+00:00\" \/>\n<meta property=\"og:image\" content=\"https:\/\/mpressprint.com\/wp-content\/uploads\/2019\/07\/mpress-logo.png\" \/>\n\t<meta property=\"og:image:width\" content=\"320\" \/>\n\t<meta property=\"og:image:height\" content=\"86\" \/>\n\t<meta property=\"og:image:type\" content=\"image\/png\" \/>\n<meta name=\"twitter:card\" content=\"summary_large_image\" \/>\n<meta name=\"twitter:label1\" content=\"Est. reading time\" \/>\n\t<meta name=\"twitter:data1\" content=\"2 minutes\" \/>\n<script type=\"application\/ld+json\" class=\"yoast-schema-graph\">{\"@context\":\"https:\/\/schema.org\",\"@graph\":[{\"@type\":\"WebPage\",\"@id\":\"https:\/\/mpressprint.com\/fr\/preparation-du-dossier\/\",\"url\":\"https:\/\/mpressprint.com\/fr\/preparation-du-dossier\/\",\"name\":\"Pr\u00e9paration du dossier &#8211; Mpress Design &amp; Print\",\"isPartOf\":{\"@id\":\"https:\/\/mpressprint.com\/#website\"},\"datePublished\":\"2023-08-16T15:18:51+00:00\",\"dateModified\":\"2023-08-16T15:18:52+00:00\",\"description\":\"Instructions de pr\u00e9paration des fichiers pour vos fichiers d'impression. Pour l'impression de cartes de visite, d\u00e9pliants, banni\u00e8res, brochures, catalogues, formulaires commerciaux autocopiants, affiches, banni\u00e8res enroulables, panneaux et plus encore\",\"breadcrumb\":{\"@id\":\"https:\/\/mpressprint.com\/fr\/preparation-du-dossier\/#breadcrumb\"},\"inLanguage\":\"fr-FR\",\"potentialAction\":[{\"@type\":\"ReadAction\",\"target\":[\"https:\/\/mpressprint.com\/fr\/preparation-du-dossier\/\"]}]},{\"@type\":\"BreadcrumbList\",\"@id\":\"https:\/\/mpressprint.com\/fr\/preparation-du-dossier\/#breadcrumb\",\"itemListElement\":[{\"@type\":\"ListItem\",\"position\":1,\"name\":\"Home\",\"item\":\"https:\/\/mpressprint.com\/fr\/\"},{\"@type\":\"ListItem\",\"position\":2,\"name\":\"Pr\u00e9paration du dossier\"}]},{\"@type\":\"WebSite\",\"@id\":\"https:\/\/mpressprint.com\/#website\",\"url\":\"https:\/\/mpressprint.com\/\",\"name\":\"Mpress Design &amp; Print\",\"description\":\"Montreal - Pointe-Claire | Digital &amp; Offset printing | Large format | Mpress Design &amp; Print\",\"publisher\":{\"@id\":\"https:\/\/mpressprint.com\/#organization\"},\"potentialAction\":[{\"@type\":\"SearchAction\",\"target\":{\"@type\":\"EntryPoint\",\"urlTemplate\":\"https:\/\/mpressprint.com\/?s={search_term_string}\"},\"query-input\":{\"@type\":\"PropertyValueSpecification\",\"valueRequired\":true,\"valueName\":\"search_term_string\"}}],\"inLanguage\":\"fr-FR\"},{\"@type\":\"Organization\",\"@id\":\"https:\/\/mpressprint.com\/#organization\",\"name\":\"Mpress Print inc.\",\"url\":\"https:\/\/mpressprint.com\/\",\"logo\":{\"@type\":\"ImageObject\",\"inLanguage\":\"fr-FR\",\"@id\":\"https:\/\/mpressprint.com\/#\/schema\/logo\/image\/\",\"url\":\"https:\/\/mpressprint.com\/wp-content\/uploads\/2019\/07\/mpress-logo.png\",\"contentUrl\":\"https:\/\/mpressprint.com\/wp-content\/uploads\/2019\/07\/mpress-logo.png\",\"width\":320,\"height\":86,\"caption\":\"Mpress Print inc.\"},\"image\":{\"@id\":\"https:\/\/mpressprint.com\/#\/schema\/logo\/image\/\"}}]}<\/script>\n<!-- \/ Yoast SEO plugin. -->","yoast_head_json":{"title":"Pr\u00e9paration du dossier &#8211; Mpress Design &amp; Print","description":"Instructions de pr\u00e9paration des fichiers pour vos fichiers d'impression. Pour l'impression de cartes de visite, d\u00e9pliants, banni\u00e8res, brochures, catalogues, formulaires commerciaux autocopiants, affiches, banni\u00e8res enroulables, panneaux et plus encore","robots":{"index":"index","follow":"follow","max-snippet":"max-snippet:-1","max-image-preview":"max-image-preview:large","max-video-preview":"max-video-preview:-1"},"canonical":"https:\/\/mpressprint.com\/fr\/preparation-du-dossier\/","og_locale":"fr_FR","og_type":"article","og_title":"Pr\u00e9paration du dossier &#8211; Mpress Design &amp; Print","og_description":"Instructions de pr\u00e9paration des fichiers pour vos fichiers d'impression. Pour l'impression de cartes de visite, d\u00e9pliants, banni\u00e8res, brochures, catalogues, formulaires commerciaux autocopiants, affiches, banni\u00e8res enroulables, panneaux et plus encore","og_url":"https:\/\/mpressprint.com\/fr\/preparation-du-dossier\/","og_site_name":"Mpress Design &amp; Print","article_modified_time":"2023-08-16T15:18:52+00:00","og_image":[{"width":320,"height":86,"url":"https:\/\/mpressprint.com\/wp-content\/uploads\/2019\/07\/mpress-logo.png","type":"image\/png"}],"twitter_card":"summary_large_image","twitter_misc":{"Est. reading time":"2 minutes"},"schema":{"@context":"https:\/\/schema.org","@graph":[{"@type":"WebPage","@id":"https:\/\/mpressprint.com\/fr\/preparation-du-dossier\/","url":"https:\/\/mpressprint.com\/fr\/preparation-du-dossier\/","name":"Pr\u00e9paration du dossier &#8211; Mpress Design &amp; Print","isPartOf":{"@id":"https:\/\/mpressprint.com\/#website"},"datePublished":"2023-08-16T15:18:51+00:00","dateModified":"2023-08-16T15:18:52+00:00","description":"Instructions de pr\u00e9paration des fichiers pour vos fichiers d'impression. Pour l'impression de cartes de visite, d\u00e9pliants, banni\u00e8res, brochures, catalogues, formulaires commerciaux autocopiants, affiches, banni\u00e8res enroulables, panneaux et plus encore","breadcrumb":{"@id":"https:\/\/mpressprint.com\/fr\/preparation-du-dossier\/#breadcrumb"},"inLanguage":"fr-FR","potentialAction":[{"@type":"ReadAction","target":["https:\/\/mpressprint.com\/fr\/preparation-du-dossier\/"]}]},{"@type":"BreadcrumbList","@id":"https:\/\/mpressprint.com\/fr\/preparation-du-dossier\/#breadcrumb","itemListElement":[{"@type":"ListItem","position":1,"name":"Home","item":"https:\/\/mpressprint.com\/fr\/"},{"@type":"ListItem","position":2,"name":"Pr\u00e9paration du dossier"}]},{"@type":"WebSite","@id":"https:\/\/mpressprint.com\/#website","url":"https:\/\/mpressprint.com\/","name":"Mpress Design &amp; Print","description":"Montreal - Pointe-Claire | Digital &amp; Offset printing | Large format | Mpress Design &amp; Print","publisher":{"@id":"https:\/\/mpressprint.com\/#organization"},"potentialAction":[{"@type":"SearchAction","target":{"@type":"EntryPoint","urlTemplate":"https:\/\/mpressprint.com\/?s={search_term_string}"},"query-input":{"@type":"PropertyValueSpecification","valueRequired":true,"valueName":"search_term_string"}}],"inLanguage":"fr-FR"},{"@type":"Organization","@id":"https:\/\/mpressprint.com\/#organization","name":"Mpress Print inc.","url":"https:\/\/mpressprint.com\/","logo":{"@type":"ImageObject","inLanguage":"fr-FR","@id":"https:\/\/mpressprint.com\/#\/schema\/logo\/image\/","url":"https:\/\/mpressprint.com\/wp-content\/uploads\/2019\/07\/mpress-logo.png","contentUrl":"https:\/\/mpressprint.com\/wp-content\/uploads\/2019\/07\/mpress-logo.png","width":320,"height":86,"caption":"Mpress Print inc."},"image":{"@id":"https:\/\/mpressprint.com\/#\/schema\/logo\/image\/"}}]}},"_links":{"self":[{"href":"https:\/\/mpressprint.com\/fr\/wp-json\/wp\/v2\/pages\/29956","targetHints":{"allow":["GET"]}}],"collection":[{"href":"https:\/\/mpressprint.com\/fr\/wp-json\/wp\/v2\/pages"}],"about":[{"href":"https:\/\/mpressprint.com\/fr\/wp-json\/wp\/v2\/types\/page"}],"author":[{"embeddable":true,"href":"https:\/\/mpressprint.com\/fr\/wp-json\/wp\/v2\/users\/1"}],"replies":[{"embeddable":true,"href":"https:\/\/mpressprint.com\/fr\/wp-json\/wp\/v2\/comments?post=29956"}],"version-history":[{"count":2,"href":"https:\/\/mpressprint.com\/fr\/wp-json\/wp\/v2\/pages\/29956\/revisions"}],"predecessor-version":[{"id":29958,"href":"https:\/\/mpressprint.com\/fr\/wp-json\/wp\/v2\/pages\/29956\/revisions\/29958"}],"wp:attachment":[{"href":"https:\/\/mpressprint.com\/fr\/wp-json\/wp\/v2\/media?parent=29956"}],"curies":[{"name":"wp","href":"https:\/\/api.w.org\/{rel}","templated":true}]}}