{"id":29934,"date":"2023-08-11T16:27:27","date_gmt":"2023-08-11T21:27:27","guid":{"rendered":"https:\/\/mpressprint.com\/etiquettes-et-autocollants\/"},"modified":"2023-08-11T16:27:28","modified_gmt":"2023-08-11T21:27:28","slug":"etiquettes-et-autocollants","status":"publish","type":"page","link":"https:\/\/mpressprint.com\/fr\/etiquettes-et-autocollants\/","title":{"rendered":"\u00c9tiquettes et Autocollants"},"content":{"rendered":"<div class=\"fusion-fullwidth fullwidth-box fusion-builder-row-1 nonhundred-percent-fullwidth non-hundred-percent-height-scrolling\" style=\"--awb-border-radius-top-left:0px;--awb-border-radius-top-right:0px;--awb-border-radius-bottom-right:0px;--awb-border-radius-bottom-left:0px;--awb-flex-wrap:wrap;\" ><div class=\"fusion-builder-row fusion-row\"><div class=\"fusion-layout-column fusion_builder_column fusion-builder-column-0 fusion_builder_column_1_1 1_1 fusion-one-full fusion-column-first fusion-column-last\" style=\"--awb-bg-size:cover;\"><div class=\"fusion-column-wrapper fusion-column-has-shadow fusion-flex-column-wrapper-legacy\"><div class=\"fusion-title title fusion-title-1 fusion-title-text fusion-title-size-one\" style=\"--awb-font-size:38px;\"><h1 class=\"fusion-title-heading title-heading-left fusion-responsive-typography-calculated\" style=\"margin:0;font-size:1em;--fontSize:38;line-height:1.2;\">\u00c9tiquettes et Autocollants<\/h1><span class=\"awb-title-spacer\"><\/span><div class=\"title-sep-container\"><div class=\"title-sep sep- sep-solid\" style=\"border-color:#e0dede;\"><\/div><\/div><\/div><div class=\"fusion-text fusion-text-1\"><p><span class=\"v1gmail_default\">Mpress print est sp\u00e9cialis\u00e9 dans<\/span> l&#8217;impression d&#8217;autocollants en ligne, <span class=\"v1gmail_default\">\u00e0 des prix abordables dans les autocollants et les \u00e9tiquettes.<\/span> Nous fournissons des autocollants personnalis\u00e9s de haute qualit\u00e9. <span class=\"v1gmail_default\">Nous proposons des \u00e9tiquettes en rouleaux, d\u00e9coup\u00e9es individuellement et en feuilles<\/span><span class=\"v1gmail_default\">. Nous imprimons des autocollants de toutes tailles et de toutes formes sur des supports adh\u00e9sifs brillants, mats ou transparents.<\/span><\/p>\n<\/div><div class=\"fusion-clearfix\"><\/div><\/div><\/div><div class=\"fusion-layout-column fusion_builder_column fusion-builder-column-1 fusion_builder_column_1_1 1_1 fusion-one-full fusion-column-first fusion-column-last\" style=\"--awb-bg-size:cover;\"><div class=\"fusion-column-wrapper fusion-column-has-shadow fusion-flex-column-wrapper-legacy\"><div class=\"fusion-builder-row fusion-builder-row-inner fusion-row\"><div class=\"fusion-layout-column fusion_builder_column_inner fusion-builder-nested-column-0 fusion_builder_column_inner_1_4 1_4 fusion-one-fourth fusion-column-first\" style=\"--awb-bg-size:cover;width:25%;width:calc(25% - ( ( 4% + 4% ) * 0.25 ) );margin-right: 4%;\"><div class=\"fusion-column-wrapper fusion-column-has-shadow fusion-flex-column-wrapper-legacy\"><div class=\"fusion-image-element in-legacy-container\" style=\"--awb-caption-title-font-family:var(--h2_typography-font-family);--awb-caption-title-font-weight:var(--h2_typography-font-weight);--awb-caption-title-font-style:var(--h2_typography-font-style);--awb-caption-title-size:var(--h2_typography-font-size);--awb-caption-title-transform:var(--h2_typography-text-transform);--awb-caption-title-line-height:var(--h2_typography-line-height);--awb-caption-title-letter-spacing:var(--h2_typography-letter-spacing);\"><span class=\" fusion-imageframe imageframe-none imageframe-1 hover-type-none\"><a class=\"fusion-no-lightbox\" href=\"https:\/\/mpressprint.com\/fr\/produit\/etiquettes-standards\/\" target=\"_self\" aria-label=\"stickers\"><img decoding=\"async\" width=\"600\" height=\"600\" alt=\"\u00c9tiquettes standards\" src=\"https:\/\/mpressprint.com\/wp-content\/uploads\/2019\/08\/stickers.jpg\" data-orig-src=\"https:\/\/mpressprint.com\/wp-content\/uploads\/2019\/08\/stickers.jpg\" class=\"lazyload img-responsive wp-image-20546\" srcset=\"data:image\/svg+xml,%3Csvg%20xmlns%3D%27http%3A%2F%2Fwww.w3.org%2F2000%2Fsvg%27%20width%3D%27600%27%20height%3D%27600%27%20viewBox%3D%270%200%20600%20600%27%3E%3Crect%20width%3D%27600%27%20height%3D%27600%27%20fill-opacity%3D%220%22%2F%3E%3C%2Fsvg%3E\" data-srcset=\"https:\/\/mpressprint.com\/wp-content\/uploads\/2019\/08\/stickers-200x200.jpg 200w, https:\/\/mpressprint.com\/wp-content\/uploads\/2019\/08\/stickers-400x400.jpg 400w, https:\/\/mpressprint.com\/wp-content\/uploads\/2019\/08\/stickers.jpg 600w\" data-sizes=\"auto\" data-orig-sizes=\"(max-width: 800px) 100vw, 400px\" \/><\/a><\/span><\/div><div class=\"fusion-text fusion-text-2\"><h3 style=\"text-align: center;\"><a href=\"https:\/\/mpressprint.com\/fr\/produit\/etiquettes-standards\/\"><strong>\u00c9tiquettes standards<\/strong><\/a><\/h3>\n<\/div><div class=\"fusion-clearfix\"><\/div><\/div><\/div><div class=\"fusion-layout-column fusion_builder_column_inner fusion-builder-nested-column-1 fusion_builder_column_inner_1_4 1_4 fusion-one-fourth\" style=\"--awb-bg-size:cover;width:25%;width:calc(25% - ( ( 4% + 4% ) * 0.25 ) );margin-right: 4%;\"><div class=\"fusion-column-wrapper fusion-column-has-shadow fusion-flex-column-wrapper-legacy\"><div class=\"fusion-image-element in-legacy-container\" style=\"--awb-caption-title-font-family:var(--h2_typography-font-family);--awb-caption-title-font-weight:var(--h2_typography-font-weight);--awb-caption-title-font-style:var(--h2_typography-font-style);--awb-caption-title-size:var(--h2_typography-font-size);--awb-caption-title-transform:var(--h2_typography-text-transform);--awb-caption-title-line-height:var(--h2_typography-line-height);--awb-caption-title-letter-spacing:var(--h2_typography-letter-spacing);\"><span class=\" fusion-imageframe imageframe-none imageframe-2 hover-type-none\"><a class=\"fusion-no-lightbox\" href=\"https:\/\/mpressprint.com\/fr\/produit\/etiquettes-rondes\/\" target=\"_self\" aria-label=\"round-labels\"><img decoding=\"async\" width=\"600\" height=\"600\" alt=\"\u00c9tiquettes rondes\" src=\"https:\/\/mpressprint.com\/wp-content\/uploads\/2019\/08\/round-labels.jpg\" data-orig-src=\"https:\/\/mpressprint.com\/wp-content\/uploads\/2019\/08\/round-labels.jpg\" class=\"lazyload img-responsive wp-image-20512\" srcset=\"data:image\/svg+xml,%3Csvg%20xmlns%3D%27http%3A%2F%2Fwww.w3.org%2F2000%2Fsvg%27%20width%3D%27600%27%20height%3D%27600%27%20viewBox%3D%270%200%20600%20600%27%3E%3Crect%20width%3D%27600%27%20height%3D%27600%27%20fill-opacity%3D%220%22%2F%3E%3C%2Fsvg%3E\" data-srcset=\"https:\/\/mpressprint.com\/wp-content\/uploads\/2019\/08\/round-labels-200x200.jpg 200w, https:\/\/mpressprint.com\/wp-content\/uploads\/2019\/08\/round-labels-400x400.jpg 400w, https:\/\/mpressprint.com\/wp-content\/uploads\/2019\/08\/round-labels.jpg 600w\" data-sizes=\"auto\" data-orig-sizes=\"(max-width: 800px) 100vw, 400px\" \/><\/a><\/span><\/div><div class=\"fusion-text fusion-text-3\"><h3 class=\"product-title\" style=\"text-align: center;\" data-fontsize=\"16\" data-lineheight=\"30\"><a href=\"https:\/\/mpressprint.com\/fr\/produit\/etiquettes-rondes\/\"><strong>\u00c9tiquettes rondes<\/strong><\/a><\/h3>\n<\/div><div class=\"fusion-clearfix\"><\/div><\/div><\/div><div class=\"fusion-layout-column fusion_builder_column_inner fusion-builder-nested-column-2 fusion_builder_column_inner_1_4 1_4 fusion-one-fourth fusion-column-last\" style=\"--awb-bg-size:cover;width:25%;width:calc(25% - ( ( 4% + 4% ) * 0.25 ) );\"><div class=\"fusion-column-wrapper fusion-column-has-shadow fusion-flex-column-wrapper-legacy\"><div class=\"fusion-image-element in-legacy-container\" style=\"--awb-caption-title-font-family:var(--h2_typography-font-family);--awb-caption-title-font-weight:var(--h2_typography-font-weight);--awb-caption-title-font-style:var(--h2_typography-font-style);--awb-caption-title-size:var(--h2_typography-font-size);--awb-caption-title-transform:var(--h2_typography-text-transform);--awb-caption-title-line-height:var(--h2_typography-line-height);--awb-caption-title-letter-spacing:var(--h2_typography-letter-spacing);\"><span class=\" fusion-imageframe imageframe-none imageframe-3 hover-type-none\"><a class=\"fusion-no-lightbox\" href=\"https:\/\/mpressprint.com\/fr\/produit\/etiquettes-en-rouleau\/\" target=\"_self\" aria-label=\"Home box 8-100\"><img decoding=\"async\" width=\"601\" height=\"601\" alt=\"\u00c9tiquettes en rouleau\" src=\"https:\/\/mpressprint.com\/wp-content\/uploads\/2019\/08\/Home-box-8-100.jpg\" data-orig-src=\"https:\/\/mpressprint.com\/wp-content\/uploads\/2019\/08\/Home-box-8-100.jpg\" class=\"lazyload img-responsive wp-image-19961\" srcset=\"data:image\/svg+xml,%3Csvg%20xmlns%3D%27http%3A%2F%2Fwww.w3.org%2F2000%2Fsvg%27%20width%3D%27601%27%20height%3D%27601%27%20viewBox%3D%270%200%20601%20601%27%3E%3Crect%20width%3D%27601%27%20height%3D%27601%27%20fill-opacity%3D%220%22%2F%3E%3C%2Fsvg%3E\" data-srcset=\"https:\/\/mpressprint.com\/wp-content\/uploads\/2019\/08\/Home-box-8-100-200x200.jpg 200w, https:\/\/mpressprint.com\/wp-content\/uploads\/2019\/08\/Home-box-8-100-400x400.jpg 400w, https:\/\/mpressprint.com\/wp-content\/uploads\/2019\/08\/Home-box-8-100-600x600.jpg 600w, https:\/\/mpressprint.com\/wp-content\/uploads\/2019\/08\/Home-box-8-100.jpg 601w\" data-sizes=\"auto\" data-orig-sizes=\"(max-width: 800px) 100vw, 400px\" \/><\/a><\/span><\/div><div class=\"fusion-text fusion-text-4\"><h3 style=\"text-align: center;\"><a href=\"https:\/\/mpressprint.com\/fr\/produit\/etiquettes-en-rouleau\/\"><strong>\u00c9tiquettes en rouleau<\/strong><\/a><\/h3>\n<\/div><div class=\"fusion-clearfix\"><\/div><\/div><\/div><\/div><div class=\"fusion-clearfix\"><\/div><\/div><\/div><\/div><\/div>\n","protected":false},"excerpt":{"rendered":"","protected":false},"author":1,"featured_media":0,"parent":0,"menu_order":0,"comment_status":"closed","ping_status":"closed","template":"","meta":{"footnotes":""},"class_list":["post-29934","page","type-page","status-publish","hentry"],"yoast_head":"<!-- This site is optimized with the Yoast SEO plugin v27.0 - https:\/\/yoast.com\/product\/yoast-seo-wordpress\/ -->\n<title>\u00c9tiquettes et Autocollants &#8211; Mpress Design &amp; Print<\/title>\n<meta name=\"description\" content=\"Mpress print est sp\u00e9cialis\u00e9 dans l&#039;impression d&#039;autocollants en ligne, \u00e0 des prix abordables pour les autocollants et les \u00e9tiquettes. Nous fournissons des autocollants personnalis\u00e9s de haute qualit\u00e9. Nous proposons des \u00e9tiquettes en rouleaux, d\u00e9coup\u00e9es individuellement et en feuilles. Nous imprimons des autocollants de toutes tailles et de toutes formes sur des supports adh\u00e9sifs brillants, mats ou transparents.\" \/>\n<meta name=\"robots\" content=\"index, follow, max-snippet:-1, max-image-preview:large, max-video-preview:-1\" \/>\n<link rel=\"canonical\" href=\"https:\/\/mpressprint.com\/fr\/etiquettes-et-autocollants\/\" \/>\n<meta property=\"og:locale\" content=\"fr_FR\" \/>\n<meta property=\"og:type\" content=\"article\" \/>\n<meta property=\"og:title\" content=\"\u00c9tiquettes et Autocollants &#8211; Mpress Design &amp; Print\" \/>\n<meta property=\"og:description\" content=\"Mpress print est sp\u00e9cialis\u00e9 dans l&#039;impression d&#039;autocollants en ligne, \u00e0 des prix abordables pour les autocollants et les \u00e9tiquettes. Nous fournissons des autocollants personnalis\u00e9s de haute qualit\u00e9. Nous proposons des \u00e9tiquettes en rouleaux, d\u00e9coup\u00e9es individuellement et en feuilles. Nous imprimons des autocollants de toutes tailles et de toutes formes sur des supports adh\u00e9sifs brillants, mats ou transparents.\" \/>\n<meta property=\"og:url\" content=\"https:\/\/mpressprint.com\/fr\/etiquettes-et-autocollants\/\" \/>\n<meta property=\"og:site_name\" content=\"Mpress Design &amp; Print\" \/>\n<meta property=\"article:modified_time\" content=\"2023-08-11T21:27:28+00:00\" \/>\n<meta property=\"og:image\" content=\"https:\/\/mpressprint.com\/wp-content\/uploads\/2019\/07\/mpress-logo.png\" \/>\n\t<meta property=\"og:image:width\" content=\"320\" \/>\n\t<meta property=\"og:image:height\" content=\"86\" \/>\n\t<meta property=\"og:image:type\" content=\"image\/png\" \/>\n<meta name=\"twitter:card\" content=\"summary_large_image\" \/>\n<meta name=\"twitter:label1\" content=\"Est. reading time\" \/>\n\t<meta name=\"twitter:data1\" content=\"6 minutes\" \/>\n<script type=\"application\/ld+json\" class=\"yoast-schema-graph\">{\"@context\":\"https:\/\/schema.org\",\"@graph\":[{\"@type\":\"WebPage\",\"@id\":\"https:\/\/mpressprint.com\/fr\/etiquettes-et-autocollants\/\",\"url\":\"https:\/\/mpressprint.com\/fr\/etiquettes-et-autocollants\/\",\"name\":\"\u00c9tiquettes et Autocollants &#8211; Mpress Design &amp; Print\",\"isPartOf\":{\"@id\":\"https:\/\/mpressprint.com\/#website\"},\"datePublished\":\"2023-08-11T21:27:27+00:00\",\"dateModified\":\"2023-08-11T21:27:28+00:00\",\"description\":\"Mpress print est sp\u00e9cialis\u00e9 dans l'impression d'autocollants en ligne, \u00e0 des prix abordables pour les autocollants et les \u00e9tiquettes. Nous fournissons des autocollants personnalis\u00e9s de haute qualit\u00e9. Nous proposons des \u00e9tiquettes en rouleaux, d\u00e9coup\u00e9es individuellement et en feuilles. Nous imprimons des autocollants de toutes tailles et de toutes formes sur des supports adh\u00e9sifs brillants, mats ou transparents.\",\"breadcrumb\":{\"@id\":\"https:\/\/mpressprint.com\/fr\/etiquettes-et-autocollants\/#breadcrumb\"},\"inLanguage\":\"fr-FR\",\"potentialAction\":[{\"@type\":\"ReadAction\",\"target\":[\"https:\/\/mpressprint.com\/fr\/etiquettes-et-autocollants\/\"]}]},{\"@type\":\"BreadcrumbList\",\"@id\":\"https:\/\/mpressprint.com\/fr\/etiquettes-et-autocollants\/#breadcrumb\",\"itemListElement\":[{\"@type\":\"ListItem\",\"position\":1,\"name\":\"Home\",\"item\":\"https:\/\/mpressprint.com\/fr\/\"},{\"@type\":\"ListItem\",\"position\":2,\"name\":\"\u00c9tiquettes et Autocollants\"}]},{\"@type\":\"WebSite\",\"@id\":\"https:\/\/mpressprint.com\/#website\",\"url\":\"https:\/\/mpressprint.com\/\",\"name\":\"Mpress Design &amp; Print\",\"description\":\"Montreal - Pointe-Claire | Digital &amp; Offset printing | Large format | Mpress Design &amp; Print\",\"publisher\":{\"@id\":\"https:\/\/mpressprint.com\/#organization\"},\"potentialAction\":[{\"@type\":\"SearchAction\",\"target\":{\"@type\":\"EntryPoint\",\"urlTemplate\":\"https:\/\/mpressprint.com\/?s={search_term_string}\"},\"query-input\":{\"@type\":\"PropertyValueSpecification\",\"valueRequired\":true,\"valueName\":\"search_term_string\"}}],\"inLanguage\":\"fr-FR\"},{\"@type\":\"Organization\",\"@id\":\"https:\/\/mpressprint.com\/#organization\",\"name\":\"Mpress Print inc.\",\"url\":\"https:\/\/mpressprint.com\/\",\"logo\":{\"@type\":\"ImageObject\",\"inLanguage\":\"fr-FR\",\"@id\":\"https:\/\/mpressprint.com\/#\/schema\/logo\/image\/\",\"url\":\"https:\/\/mpressprint.com\/wp-content\/uploads\/2019\/07\/mpress-logo.png\",\"contentUrl\":\"https:\/\/mpressprint.com\/wp-content\/uploads\/2019\/07\/mpress-logo.png\",\"width\":320,\"height\":86,\"caption\":\"Mpress Print inc.\"},\"image\":{\"@id\":\"https:\/\/mpressprint.com\/#\/schema\/logo\/image\/\"}}]}<\/script>\n<!-- \/ Yoast SEO plugin. -->","yoast_head_json":{"title":"\u00c9tiquettes et Autocollants &#8211; Mpress Design &amp; Print","description":"Mpress print est sp\u00e9cialis\u00e9 dans l'impression d'autocollants en ligne, \u00e0 des prix abordables pour les autocollants et les \u00e9tiquettes. Nous fournissons des autocollants personnalis\u00e9s de haute qualit\u00e9. Nous proposons des \u00e9tiquettes en rouleaux, d\u00e9coup\u00e9es individuellement et en feuilles. Nous imprimons des autocollants de toutes tailles et de toutes formes sur des supports adh\u00e9sifs brillants, mats ou transparents.","robots":{"index":"index","follow":"follow","max-snippet":"max-snippet:-1","max-image-preview":"max-image-preview:large","max-video-preview":"max-video-preview:-1"},"canonical":"https:\/\/mpressprint.com\/fr\/etiquettes-et-autocollants\/","og_locale":"fr_FR","og_type":"article","og_title":"\u00c9tiquettes et Autocollants &#8211; Mpress Design &amp; Print","og_description":"Mpress print est sp\u00e9cialis\u00e9 dans l'impression d'autocollants en ligne, \u00e0 des prix abordables pour les autocollants et les \u00e9tiquettes. Nous fournissons des autocollants personnalis\u00e9s de haute qualit\u00e9. Nous proposons des \u00e9tiquettes en rouleaux, d\u00e9coup\u00e9es individuellement et en feuilles. Nous imprimons des autocollants de toutes tailles et de toutes formes sur des supports adh\u00e9sifs brillants, mats ou transparents.","og_url":"https:\/\/mpressprint.com\/fr\/etiquettes-et-autocollants\/","og_site_name":"Mpress Design &amp; Print","article_modified_time":"2023-08-11T21:27:28+00:00","og_image":[{"width":320,"height":86,"url":"https:\/\/mpressprint.com\/wp-content\/uploads\/2019\/07\/mpress-logo.png","type":"image\/png"}],"twitter_card":"summary_large_image","twitter_misc":{"Est. reading time":"6 minutes"},"schema":{"@context":"https:\/\/schema.org","@graph":[{"@type":"WebPage","@id":"https:\/\/mpressprint.com\/fr\/etiquettes-et-autocollants\/","url":"https:\/\/mpressprint.com\/fr\/etiquettes-et-autocollants\/","name":"\u00c9tiquettes et Autocollants &#8211; Mpress Design &amp; Print","isPartOf":{"@id":"https:\/\/mpressprint.com\/#website"},"datePublished":"2023-08-11T21:27:27+00:00","dateModified":"2023-08-11T21:27:28+00:00","description":"Mpress print est sp\u00e9cialis\u00e9 dans l'impression d'autocollants en ligne, \u00e0 des prix abordables pour les autocollants et les \u00e9tiquettes. Nous fournissons des autocollants personnalis\u00e9s de haute qualit\u00e9. Nous proposons des \u00e9tiquettes en rouleaux, d\u00e9coup\u00e9es individuellement et en feuilles. Nous imprimons des autocollants de toutes tailles et de toutes formes sur des supports adh\u00e9sifs brillants, mats ou transparents.","breadcrumb":{"@id":"https:\/\/mpressprint.com\/fr\/etiquettes-et-autocollants\/#breadcrumb"},"inLanguage":"fr-FR","potentialAction":[{"@type":"ReadAction","target":["https:\/\/mpressprint.com\/fr\/etiquettes-et-autocollants\/"]}]},{"@type":"BreadcrumbList","@id":"https:\/\/mpressprint.com\/fr\/etiquettes-et-autocollants\/#breadcrumb","itemListElement":[{"@type":"ListItem","position":1,"name":"Home","item":"https:\/\/mpressprint.com\/fr\/"},{"@type":"ListItem","position":2,"name":"\u00c9tiquettes et Autocollants"}]},{"@type":"WebSite","@id":"https:\/\/mpressprint.com\/#website","url":"https:\/\/mpressprint.com\/","name":"Mpress Design &amp; Print","description":"Montreal - Pointe-Claire | Digital &amp; Offset printing | Large format | Mpress Design &amp; Print","publisher":{"@id":"https:\/\/mpressprint.com\/#organization"},"potentialAction":[{"@type":"SearchAction","target":{"@type":"EntryPoint","urlTemplate":"https:\/\/mpressprint.com\/?s={search_term_string}"},"query-input":{"@type":"PropertyValueSpecification","valueRequired":true,"valueName":"search_term_string"}}],"inLanguage":"fr-FR"},{"@type":"Organization","@id":"https:\/\/mpressprint.com\/#organization","name":"Mpress Print inc.","url":"https:\/\/mpressprint.com\/","logo":{"@type":"ImageObject","inLanguage":"fr-FR","@id":"https:\/\/mpressprint.com\/#\/schema\/logo\/image\/","url":"https:\/\/mpressprint.com\/wp-content\/uploads\/2019\/07\/mpress-logo.png","contentUrl":"https:\/\/mpressprint.com\/wp-content\/uploads\/2019\/07\/mpress-logo.png","width":320,"height":86,"caption":"Mpress Print inc."},"image":{"@id":"https:\/\/mpressprint.com\/#\/schema\/logo\/image\/"}}]}},"_links":{"self":[{"href":"https:\/\/mpressprint.com\/fr\/wp-json\/wp\/v2\/pages\/29934","targetHints":{"allow":["GET"]}}],"collection":[{"href":"https:\/\/mpressprint.com\/fr\/wp-json\/wp\/v2\/pages"}],"about":[{"href":"https:\/\/mpressprint.com\/fr\/wp-json\/wp\/v2\/types\/page"}],"author":[{"embeddable":true,"href":"https:\/\/mpressprint.com\/fr\/wp-json\/wp\/v2\/users\/1"}],"replies":[{"embeddable":true,"href":"https:\/\/mpressprint.com\/fr\/wp-json\/wp\/v2\/comments?post=29934"}],"version-history":[{"count":2,"href":"https:\/\/mpressprint.com\/fr\/wp-json\/wp\/v2\/pages\/29934\/revisions"}],"predecessor-version":[{"id":29936,"href":"https:\/\/mpressprint.com\/fr\/wp-json\/wp\/v2\/pages\/29934\/revisions\/29936"}],"wp:attachment":[{"href":"https:\/\/mpressprint.com\/fr\/wp-json\/wp\/v2\/media?parent=29934"}],"curies":[{"name":"wp","href":"https:\/\/api.w.org\/{rel}","templated":true}]}}